{"id":760089,"date":"2025-08-28T08:54:51","date_gmt":"2025-08-28T05:54:51","guid":{"rendered":"https:\/\/roveyayinevi.com.tr\/index.php\/urun\/cesur-kiz-ve-yavru-tilki\/"},"modified":"2026-04-16T03:13:02","modified_gmt":"2026-04-16T00:13:02","slug":"cesur-kiz-ve-yavru-tilki","status":"publish","type":"product","link":"https:\/\/roveyayinevi.com.tr\/index.php\/urun\/cesur-kiz-ve-yavru-tilki\/","title":{"rendered":"Cesur K\u0131z ve Yavru Tilki"},"content":{"rendered":"<p>Cesur K\u0131z bembeyaz ve buzlu vatan\u0131nda, s\u0131cak \u0130nuit evinin rahat\u0131n\u0131 terk edip sonu belirsiz bir maceraya at\u0131l\u0131yor. G\u00fcn geceye d\u00f6nerken beklenmedik tehlikeler, yeni ke\u015fifler, muhte\u015fem do\u011fa ve s\u0131ms\u0131cak bir dostluk onu bekliyor. <\/p>\n","protected":false},"excerpt":{"rendered":"<p>Cesur K\u0131z bembeyaz ve buzlu vatan\u0131nda, s\u0131cak \u0130nuit evinin rahat\u0131n\u0131 terk edip sonu belirsiz bir maceraya at\u0131l\u0131yor. G\u00fcn geceye d\u00f6nerken beklenmedik tehlikeler, yeni ke\u015fifler, muhte\u015fem do\u011fa<span class=\"excerpt-hellip\"> [\u2026]<\/span><\/p>\n","protected":false},"featured_media":0,"template":"","meta":{"_monsterinsights_skip_tracking":false,"_monsterinsights_sitenote_active":false,"_monsterinsights_sitenote_note":"","_monsterinsights_sitenote_category":0},"product_brand":[],"product_cat":[12274,12518],"product_tag":[],"class_list":{"0":"post-760089","1":"product","2":"type-product","3":"status-publish","5":"product_cat-cocuk-ve-genclik-kitaplari","6":"product_cat-okul-oncesi-kitaplar","7":"pa_cilt-ciltsiz","8":"pa_tur-kitap","9":"pa_yayinevi-is-bankasi-kultur-yayinlari","10":"pa_yazar-nicola-davies","12":"first","13":"instock","14":"sale","15":"shipping-taxable","16":"purchasable","17":"product-type-simple"},"_links":{"self":[{"href":"https:\/\/roveyayinevi.com.tr\/index.php\/wp-json\/wp\/v2\/product\/760089","targetHints":{"allow":["GET"]}}],"collection":[{"href":"https:\/\/roveyayinevi.com.tr\/index.php\/wp-json\/wp\/v2\/product"}],"about":[{"href":"https:\/\/roveyayinevi.com.tr\/index.php\/wp-json\/wp\/v2\/types\/product"}],"wp:attachment":[{"href":"https:\/\/roveyayinevi.com.tr\/index.php\/wp-json\/wp\/v2\/media?parent=760089"}],"wp:term":[{"taxonomy":"product_brand","embeddable":true,"href":"https:\/\/roveyayinevi.com.tr\/index.php\/wp-json\/wp\/v2\/product_brand?post=760089"},{"taxonomy":"product_cat","embeddable":true,"href":"https:\/\/roveyayinevi.com.tr\/index.php\/wp-json\/wp\/v2\/product_cat?post=760089"},{"taxonomy":"product_tag","embeddable":true,"href":"https:\/\/roveyayinevi.com.tr\/index.php\/wp-json\/wp\/v2\/product_tag?post=760089"}],"curies":[{"name":"wp","href":"https:\/\/api.w.org\/{rel}","templated":true}]}}