{"id":760087,"date":"2025-08-28T08:54:47","date_gmt":"2025-08-28T05:54:47","guid":{"rendered":"https:\/\/roveyayinevi.com.tr\/index.php\/urun\/kardes-yagmurlar\/"},"modified":"2026-04-16T03:13:02","modified_gmt":"2026-04-16T00:13:02","slug":"kardes-yagmurlar","status":"publish","type":"product","link":"https:\/\/roveyayinevi.com.tr\/index.php\/urun\/kardes-yagmurlar\/","title":{"rendered":"Karde\u015f Ya\u011fmurlar"},"content":{"rendered":"<p>Kedilere, mevsimlere, oyuncaklara ve daha nice g\u00fczelli\u011fe dair \u015fiirlere harika resimlerin e\u015flik etti\u011fi Karde\u015f Ya\u011fmurlar, \u00e7ocuklar\u0131 \u015fiirin muhte\u015fem d\u00fcnyas\u0131yla tan\u0131\u015ft\u0131racak.                                            Baba                             Aydede ni\u00e7in ya\u015flanmaz                                             Dedemin                                             Senin                                             Benim                            \u00c7ocuklu\u011fumuzu g\u00f6rd\u00fc de.                                              Baba,                            Her \u015fey de\u011fi\u015fiyor derdin hani                                     Oysa ayn\u0131 duruyor                                             Aydede. <\/p>\n","protected":false},"excerpt":{"rendered":"<p>Kedilere, mevsimlere, oyuncaklara ve daha nice g\u00fczelli\u011fe dair \u015fiirlere harika resimlerin e\u015flik etti\u011fi Karde\u015f Ya\u011fmurlar, \u00e7ocuklar\u0131 \u015fiirin muhte\u015fem d\u00fcnyas\u0131yla tan\u0131\u015ft\u0131racak. Baba Aydede ni\u00e7in ya\u015flanmaz Dedemin Senin<span class=\"excerpt-hellip\"> [\u2026]<\/span><\/p>\n","protected":false},"featured_media":0,"template":"","meta":{"_monsterinsights_skip_tracking":false,"_monsterinsights_sitenote_active":false,"_monsterinsights_sitenote_note":"","_monsterinsights_sitenote_category":0},"product_brand":[],"product_cat":[12274,12518],"product_tag":[],"class_list":{"0":"post-760087","1":"product","2":"type-product","3":"status-publish","5":"product_cat-cocuk-ve-genclik-kitaplari","6":"product_cat-okul-oncesi-kitaplar","7":"pa_cilt-ciltsiz","8":"pa_tur-kitap","9":"pa_yayinevi-is-bankasi-kultur-yayinlari","10":"pa_yazar-ahmet-ozer","12":"first","13":"instock","14":"sale","15":"shipping-taxable","16":"purchasable","17":"product-type-simple"},"_links":{"self":[{"href":"https:\/\/roveyayinevi.com.tr\/index.php\/wp-json\/wp\/v2\/product\/760087","targetHints":{"allow":["GET"]}}],"collection":[{"href":"https:\/\/roveyayinevi.com.tr\/index.php\/wp-json\/wp\/v2\/product"}],"about":[{"href":"https:\/\/roveyayinevi.com.tr\/index.php\/wp-json\/wp\/v2\/types\/product"}],"wp:attachment":[{"href":"https:\/\/roveyayinevi.com.tr\/index.php\/wp-json\/wp\/v2\/media?parent=760087"}],"wp:term":[{"taxonomy":"product_brand","embeddable":true,"href":"https:\/\/roveyayinevi.com.tr\/index.php\/wp-json\/wp\/v2\/product_brand?post=760087"},{"taxonomy":"product_cat","embeddable":true,"href":"https:\/\/roveyayinevi.com.tr\/index.php\/wp-json\/wp\/v2\/product_cat?post=760087"},{"taxonomy":"product_tag","embeddable":true,"href":"https:\/\/roveyayinevi.com.tr\/index.php\/wp-json\/wp\/v2\/product_tag?post=760087"}],"curies":[{"name":"wp","href":"https:\/\/api.w.org\/{rel}","templated":true}]}}