{"id":760086,"date":"2025-08-28T08:54:46","date_gmt":"2025-08-28T05:54:46","guid":{"rendered":"https:\/\/roveyayinevi.com.tr\/index.php\/urun\/paranin-satin-alamayacagi-seyler\/"},"modified":"2026-04-16T03:13:02","modified_gmt":"2026-04-16T00:13:02","slug":"paranin-satin-alamayacagi-seyler","status":"publish","type":"product","link":"https:\/\/roveyayinevi.com.tr\/index.php\/urun\/paranin-satin-alamayacagi-seyler\/","title":{"rendered":"Paran\u0131n Sat\u0131n Alamayaca\u011f\u0131 \u015eeyler"},"content":{"rendered":"<p>Me\u015fhur siyaset felsefecisi Sandel, piyasa ve paran\u0131n toplumda oynamas\u0131 gereken rol\u00fc sorguluyor. \u00c7ocuklara kitap okumalar\u0131 veya iyi notlar almalar\u0131 i\u00e7in para vermeli miyiz? Ne kadar kirlili\u011fe izin verilece\u011fine karar vermek i\u00e7in insan hayat\u0131na fiyat bi\u00e7ebilir miyiz? \u0130nsanlara riskli yeni il\u00e2\u00e7lar i\u00e7in denek olmalar\u0131 veya organlar\u0131n\u0131 ba\u011f\u0131\u015flamalar\u0131 i\u00e7in para \u00f6demek etik midir? Peki ya bizim sava\u015flar\u0131m\u0131zda \u00e7arp\u0131\u015fmalar\u0131 i\u00e7in paral\u0131 askerler tutmak; ya da tutuklular\u0131 k\u00e2r ama\u00e7l\u0131 \u00e7al\u0131\u015fan hapishanelere aktarmak; ya da se\u00e7kin \u00fcniversitelere giri\u015fi a\u00e7\u0131k art\u0131rma ile satmak; ya da para \u00f6demeye raz\u0131 g\u00f6\u00e7menlere vatanda\u015fl\u0131k satmak? Michael J. Sandel, New York Times\u2019\u0131n \u00e7ok-satanlar listesindeki Paran\u0131n Sat\u0131n Alamayaca\u011f\u0131 \u015eeyler kitab\u0131yla g\u00fcn\u00fcm\u00fcz\u00fcn en b\u00fcy\u00fck etik meselelerinden birini ele al\u0131yor: Her \u015feyin sat\u0131l\u0131k oldu\u011fu bir d\u00fcnyada yanl\u0131\u015f bir \u015feyler yok mudur? E\u011fer varsa, piyasa de\u011ferlerinin, hayat\u0131n \u00e2it olmad\u0131klar\u0131 \u00e7eperlerine girmelerini nas\u0131l engelleyebiliriz? Piyasan\u0131n ahl\u00e2k\u00ee s\u0131n\u0131rlar\u0131 nedir? Son y\u0131llarda piyasa de\u011ferleri neredeyse hayat\u0131n hi\u00e7bir alan\u0131nda piyasa-d\u0131\u015f\u0131 normlara yer b\u0131rakmad\u0131. Sandel, piyasa ekonomisine s\u00e2hip olmaktan, pek de fark\u0131nda olmadan, piyasa toplumu olmaya s\u00fcr\u00fcklendi\u011fimizi iddia ediyor. Sandel, d\u00fcnya \u00e7ap\u0131nda \u00e7ok-satan kitab\u0131 Adalet\u2019te g\u00f6sterdi\u011fi gibi g\u00fcnl\u00fck hayat\u0131m\u0131zda kar\u015f\u0131la\u015ft\u0131\u011f\u0131m\u0131z zorlu ahl\u00e2k\u00ee sorular\u0131 sarih ve co\u015fkulu bir \u015fekilde ayd\u0131nlatmada usta bir yazard\u0131r. \u015eimdi Paran\u0131n Sat\u0131n Alamayaca\u011f\u0131 \u015eeyler\u2019de de piyasa g\u00fcd\u00fcml\u00fc \u00e7a\u011f\u0131m\u0131zda eksik olan bir tart\u0131\u015fmay\u0131 provoke ediyor: Demokratik bir toplumda piyasan\u0131n m\u00fcnasip rol\u00fc nedir ve piyasan\u0131n takdir etmedi\u011fi ve paran\u0131n sat\u0131n alamayaca\u011f\u0131 ahl\u00e2k\u00ee ve vatanda\u015fl\u0131\u011fa \u00e2it \u015feyleri nas\u0131l koruruz?     Kitap Hakk\u0131nda De\u011ferlendirmeler Michael Sandel\u2019\u0131n Paran\u0131n Sat\u0131n Alamayaca\u011f\u0131 \u015eeyler harika bir kitap ve hedef kitlesi biz olmasak da her ekonomistin okumas\u0131n\u0131 tavsiye ederim. Kitap \u00e7ok daha geni\u015f bir kitleye, ilgili okurlara hitap ediyor. Ancak ekonomi disiplinine ili\u015fkin ciddi bir ho\u015fnutsuzluk damar\u0131na dokunuyor. Kitap insan\u0131 d\u00fc\u015f\u00fcnd\u00fcren ilgin\u00e7 \u00f6rneklerle dolu. Bu kitab\u0131 ba\u015ftan sona iki g\u00fcnden k\u0131sa bir s\u00fcrede okudum. Ve uzun zamand\u0131r okudu\u011fum herhangi bir kitaptan daha fazla kenar notu yazd\u0131m.&#8221; \u2013Timothy Besley, Journal of Economic Literature   &#8220;K\u0131\u015fk\u0131rt\u0131c\u0131. Paran\u0131n Sat\u0131n Alamayaca\u011f\u0131 \u015eeyler, ilgi \u00e7ekici, zorlay\u0131c\u0131, s\u00fcrekli tedirgin edici ve zaman zaman sinir bozucu bir okuma. Geni\u015f bir okuyucu kitlesini hak ediyor.&#8221; \u2013David M. Kennedy, Democracy   &#8220;Zekice, kolayca okunabilir, g\u00fczel bir \u015fekilde anlat\u0131lm\u0131\u015f ve \u00e7o\u011fu zaman komik. Ahlak ve ekonomi aras\u0131ndaki ili\u015fki \u00fczerine vazge\u00e7ilmez bir kitap.&#8221; \u2013David Aaronovitch, The Times (Londra)   &#8220;Sandel muhtemelen d\u00fcnyan\u0131n ya\u015fayan en \u00f6nemli felsefecisi.&#8221; \u2013Michael Fitzgerald, Newsweek   &#8220;Piyasa taraf\u0131ndan b\u00fcy\u00fclenmi\u015f bir k\u00fclt\u00fcrde Sandel akl\u0131n vazge\u00e7ilmez sesi. Paran\u0131n Sat\u0131n Alamayaca\u011f\u0131 \u015eeyler  son y\u0131llarda kamu felsefesi alan\u0131nda yap\u0131lan en \u00f6nemli \u00e7al\u0131\u015fmalardan biri.&#8221; \u2013John Gray, New Statesman   &#8220;\u00d6nemli bir kitap. Michael Sandel, piyasalar\u0131n de\u011ferlerimize verdi\u011fi ahlaki zarar\u0131n i\u00e7 y\u00fcz\u00fcn\u00fc ortaya \u00e7\u0131karacak do\u011fru ki\u015fi.&#8221; \u2013Jeremy Waldron, The New York Review of Books   &#8220;D\u00fcnyan\u0131n en \u00fcnl\u00fc felsefe \u00f6\u011fretmeni, halk\u0131n zek\u00e2s\u0131na hakaret etmeden felsefeyi kamusal alana ta\u015f\u0131man\u0131n m\u00fcmk\u00fcn oldu\u011funu g\u00f6sterdi. Sandel hem sol hem de sa\u011f taraf\u0131ndan d\u0131\u015fland\u0131\u011f\u0131na inand\u0131\u011f\u0131 sivil erdem s\u00f6ylemi i\u00e7in bir alan a\u00e7maya \u00e7al\u0131\u015f\u0131yor.&#8221; \u2013Michael Ignatieff, The New Republic   &#8220;Sandel o kadar nazik bir ele\u015ftirmen ki, bizden sadece g\u00f6zlerimizi a\u00e7mam\u0131z\u0131 istiyor. Yine de Paran\u0131n Sat\u0131n Alamayaca\u011f\u0131 \u015eeyler piyasa ahlak\u0131n\u0131n son derece ince bir kama oldu\u011funu a\u00e7\u0131k\u00e7a ortaya koyuyor. Sandel toplumdaki olduk\u00e7a derin bir de\u011fi\u015fime i\u015faret ediyor.&#8221; \u2013Jonathan V. Last, The Wall Street Journal   &#8220;Paran\u0131n Sat\u0131n Alamayaca\u011f\u0131 \u015eeyler ger\u00e7ek bir halk filozofunun eseri. John Kenneth Galbraith&#8217;in 1958 tarihli etkili kitab\u0131 Bolluk Toplumu&#8217;nu (The Affluent Society) hat\u0131rlat\u0131yor. Galbraith kamusal alan\u0131n yoksulla\u015fmas\u0131ndan yak\u0131n\u0131yordu. Sandel ise meydan\u0131n terk edilmesinden, daha do\u011frusu aram\u0131zdaki daha \u015fansl\u0131 ve yetenekli ki\u015filerin bu alandan \u00e7\u0131kmas\u0131ndan endi\u015fe ediyor. \u0130lgi \u00e7ekici, zorlay\u0131c\u0131 ve s\u00fcrekli tedirgin edici bir okuma. Hayat\u0131n anlam\u0131 ve mutluluk aray\u0131\u015f\u0131nda benimsedi\u011fimiz ara\u00e7lar konusunda tamamen maddi bir hesaba kayman\u0131n ne kadar kolay oldu\u011funu hat\u0131rlat\u0131yor.&#8221; \u2013David M. Kennedy, Democracy: A Journal of Ideas   &#8220;Sandel \u015fu anda \u0130ngiliz dilinde fikirleri en etkili \u015fekilde aktaran ki\u015fi.&#8221; \u2013The Guardian   &#8220;Michael Sandel muhtemelen kendi ku\u015fa\u011f\u0131n\u0131n en pop\u00fcler siyaset filozofu. Sandel\u2019\u0131n g\u00f6rd\u00fc\u011f\u00fc ilgi bir filozoftan \u00e7ok stadyumlar\u0131 dolduran bir ki\u015fisel geli\u015fim gurusuna benziyor. Ancak izleyicilerine kazan\u00e7 g\u00fc\u00e7lerini en \u00fcst d\u00fczeye \u00e7\u0131karma ya da \u00e7akralar\u0131n\u0131 dengeleme talimat\u0131 vermek yerine, onlar\u0131 toplumun nas\u0131l \u00f6rg\u00fctlendi\u011fine dair temel sorular\u0131 ele almaya davet ediyor. . . Paran\u0131n Sat\u0131n Alamayaca\u011f\u0131 \u015eeyler adl\u0131 yeni kitab\u0131, kamusal ya\u015famda ahlak i\u00e7in etkili bir arg\u00fcman sunuyor.&#8221; \u2013Andrew Anthony, The Observer (Londra)   &#8220;Paran\u0131n Sat\u0131n Alamayaca\u011f\u0131 \u015eeyler, paran\u0131n asl\u0131nda neleri sat\u0131n alabilece\u011fine dair \u00f6rneklerle dolu. Sandel, bu t\u00fcr de\u011fi\u015fikliklerin neden son derece \u00f6nemli oldu\u011funu g\u00f6sterme konusunda bir dehaya sahip.&#8221; \u2013Martin Sandbu, Financial Times   &#8220;\u00c7a\u011f\u0131m\u0131z\u0131n \u00f6nde gelen siyasi d\u00fc\u015f\u00fcn\u00fcrlerinden biri&#8230;. Sandel\u2019\u0131n yeni kitab\u0131 Paran\u0131n Sat\u0131n Alamayaca\u011f\u0131 \u015eeyler: Piyasalar\u0131n Ahlaki S\u0131n\u0131rlar\u0131 adl\u0131 kitab\u0131n\u0131 \u015fiddetle tavsiye ediyorum. D\u00f6n\u00fc\u015ft\u00fc\u011f\u00fcm\u00fcz \u015fey olan ve neredeyse her \u015feyin bir fiyat\u0131n\u0131n oldu\u011fu piyasa toplumunun g\u00fc\u00e7l\u00fc bir ele\u015ftirisi.&#8221; \u2013Michael Tomasky, The Daily Beast   &#8220;Sandel\u2019\u0131n amac\u0131n\u0131n \u00f6nemini anlamak i\u00e7in \u00f6ncelikle piyasa d\u00fc\u015f\u00fcncesinin ekonomi alan\u0131nda kazand\u0131\u011f\u0131 zaferin boyutlar\u0131n\u0131 ve bu d\u00fc\u015f\u00fcncenin di\u011fer alanlara ne \u00f6l\u00e7\u00fcde yay\u0131ld\u0131\u011f\u0131n\u0131 kavramak gerekir. Bu ekol, ekonomiyi ahlakla hi\u00e7bir ilgisi olmayan bir disiplin olarak g\u00f6r\u00fcr ve bunun yerine ekonomi, te\u015fviklerin bir etik bo\u015fluk i\u00e7inde incelenmesidir. Sandel\u2019\u0131n kitab\u0131, sakin bir \u015fekilde, bu fikre kar\u015f\u0131 topyek\u00fbn bir sald\u0131r\u0131d\u0131r. Umal\u0131m da Paran\u0131n Sat\u0131n Alamayaca\u011f\u0131 \u015eeyler, arg\u00fcmanlar\u0131nda ve \u00f6rneklerinde bu kadar sab\u0131rl\u0131 ve birikimli olmas\u0131yla bu tart\u0131\u015fmalarda kal\u0131c\u0131 bir de\u011fi\u015fime i\u015faret etsin.&#8221; \u2013John Lancaster, The Guardian   &#8220;Sandel \u00e7a\u011f\u0131m\u0131z\u0131n \u00f6nde gelen kamusal entelekt\u00fcelleri aras\u0131nda yer al\u0131yor. Ne a\u015f\u0131r\u0131 basitle\u015ftiren ne de karma\u015f\u0131kla\u015ft\u0131ran bir d\u00fczyaz\u0131yla a\u00e7\u0131k ve \u00f6z bir \u015fekilde yaz\u0131yor. Sandel zaman\u0131m\u0131z\u0131n can al\u0131c\u0131 sorusunu soruyor: &#8216;Her \u015feyin sat\u0131l\u0131k oldu\u011fu bir toplum mu istiyoruz? Yoksa piyasalar\u0131n itibar etmedi\u011fi ve paran\u0131n sat\u0131n alamayaca\u011f\u0131 baz\u0131 ahlaki ve medeni de\u011ferler mi var?&#8221; \u2013Douglas Bell, The Globe and Mail (Toronto)   &#8220;Derinlemesine k\u0131\u015fk\u0131rt\u0131c\u0131 ve entelekt\u00fcel a\u00e7\u0131dan d\u00fc\u015f\u00fcnd\u00fcr\u00fcc\u00fc. Sandel\u2019\u0131n yapt\u0131\u011f\u0131 \u015fey, neyin de\u011fi\u015ftirilebilir oldu\u011fu ve neyin de\u011fi\u015ftirilemez oldu\u011fu, neyin meta terimlerine indirgenemeyece\u011fi aras\u0131nda bir \u00e7izgi \u00e7ekmek i\u00e7in herhangi bir nedenimiz olup olmad\u0131\u011f\u0131n\u0131 sormaya te\u015fvik etmektir. \u0130nsanl\u0131k hakk\u0131nda konu\u015fman\u0131n anla\u015f\u0131l\u0131r bir yolunu yeniden ke\u015ffetmeye olan umutsuz ihtiyac\u0131m\u0131z\u0131n fark\u0131na varmam\u0131z i\u00e7in bir alarm zili.&#8221; \u2013Rowan Williams, Prospect   &#8220;Kamu yarar\u0131n\u0131 en iyi \u015fekilde nas\u0131l koruyaca\u011f\u0131m\u0131z ve herkesin yarar\u0131na olacak g\u00fc\u00e7l\u00fc toplumlar\u0131 nas\u0131l in\u015fa edece\u011fimiz kadar temel bir soruyla kar\u015f\u0131 kar\u015f\u0131yay\u0131z. Sandel\u2019\u0131n kitab\u0131 bu tart\u0131\u015fma i\u00e7in m\u00fckemmel bir ba\u015flang\u0131\u00e7 noktas\u0131.&#8221; \u2013Kevin J. Hamilton, The Seattle Times   &#8220;Harvard&#8217;l\u0131 filozof Michael Sandel\u2019\u0131n yeni kitab\u0131n\u0131 inceliyorum. Kendimi tekrar tekrar sayfalar\u0131 \u00e7evirirken ve \u2018Bu konuda hi\u00e7bir fikrim yoktu\u2019 derken buldum. 2000 y\u0131l\u0131nda \u2018dev bir Pizza Hut logosuyla s\u00fcslenmi\u015f bir Rus roketinin uzaya reklam ta\u015f\u0131d\u0131\u011f\u0131n\u0131\u2019 bilmiyordum. Stadyumlara art\u0131k \u015firketlerin isimlerinin verildi\u011fini biliyordum, ancak art\u0131k \u2018eve girmenin bile \u015firket destekli bir etkinlik oldu\u011fu\u2019 hakk\u0131nda hi\u00e7bir fikrim yoktu. New Jersey&#8217;deki bir ilkokulun 2001 y\u0131l\u0131nda Amerika&#8217;n\u0131n \u2018isim haklar\u0131n\u0131 kurumsal bir sponsora satan\u2019 ilk devlet okulu oldu\u011funu bilmiyordum. Bu e\u011filimden neden endi\u015fe duyal\u0131m? \u00c7\u00fcnk\u00fc Sandel&#8217;a g\u00f6re piyasa de\u011ferleri yurtta\u015fl\u0131k de\u011ferlerini d\u0131\u015fl\u0131yor.&#8221; \u2013 Thomas Friedman, New York Times   &#8220;G\u00fcnl\u00fck hayat\u0131n b\u00fcy\u00fck meseleleri \u00fczerine son derece mant\u0131kl\u0131, ustaca yaz\u0131lm\u0131\u015f bir inceleme.&#8221; \u2013 Kirkus Reviews (y\u0131ld\u0131zl\u0131 ele\u015ftiri)   &#8220;Siyaset felsefesi en me\u015fhur ismi Michael Sandel, yeni kitab\u0131nda \u2018neredeyse her \u015feyin al\u0131n\u0131p sat\u0131labildi\u011fi\u2019 bir toplumda ya\u015fad\u0131\u011f\u0131m\u0131z\u0131 savunuyor. Sandel, piyasalar hayat\u0131n daha fazla alan\u0131na s\u0131zd\u0131k\u00e7a, piyasa ekonomisinden \u2018piyasa toplumu\u2019na ge\u00e7ti\u011fimize ve d\u00fcnyay\u0131 -ve i\u00e7inde ya\u015fayan bizlerin- metalara d\u00f6n\u00fc\u015ft\u00fc\u011f\u00fcne inan\u0131yor. Ve Sandel bunu dile getirdi\u011finde, d\u00fcnya onu dinliyor. Sandel\u2019\u0131n fikirleri bundan daha g\u00fcncel olamazd\u0131.&#8221; \u2013 Rosamund Urwin, Evening Standard (Londra) <\/p>\n","protected":false},"excerpt":{"rendered":"<p>Me\u015fhur siyaset felsefecisi Sandel, piyasa ve paran\u0131n toplumda oynamas\u0131 gereken rol\u00fc sorguluyor. \u00c7ocuklara kitap okumalar\u0131 veya iyi notlar almalar\u0131 i\u00e7in para vermeli miyiz? Ne kadar kirlili\u011fe<span class=\"excerpt-hellip\"> [\u2026]<\/span><\/p>\n","protected":false},"featured_media":0,"template":"","meta":{"_monsterinsights_skip_tracking":false,"_monsterinsights_sitenote_active":false,"_monsterinsights_sitenote_note":"","_monsterinsights_sitenote_category":0},"product_brand":[],"product_cat":[13043],"product_tag":[],"class_list":{"0":"post-760086","1":"product","2":"type-product","3":"status-publish","5":"product_cat-ekonomi","6":"pa_cilt-ciltsiz","7":"pa_tur-kitap","8":"pa_yayinevi-serbest-kitaplar","9":"pa_yazar-michael-j-sandel","11":"first","12":"instock","13":"sale","14":"shipping-taxable","15":"purchasable","16":"product-type-simple"},"_links":{"self":[{"href":"https:\/\/roveyayinevi.com.tr\/index.php\/wp-json\/wp\/v2\/product\/760086","targetHints":{"allow":["GET"]}}],"collection":[{"href":"https:\/\/roveyayinevi.com.tr\/index.php\/wp-json\/wp\/v2\/product"}],"about":[{"href":"https:\/\/roveyayinevi.com.tr\/index.php\/wp-json\/wp\/v2\/types\/product"}],"wp:attachment":[{"href":"https:\/\/roveyayinevi.com.tr\/index.php\/wp-json\/wp\/v2\/media?parent=760086"}],"wp:term":[{"taxonomy":"product_brand","embeddable":true,"href":"https:\/\/roveyayinevi.com.tr\/index.php\/wp-json\/wp\/v2\/product_brand?post=760086"},{"taxonomy":"product_cat","embeddable":true,"href":"https:\/\/roveyayinevi.com.tr\/index.php\/wp-json\/wp\/v2\/product_cat?post=760086"},{"taxonomy":"product_tag","embeddable":true,"href":"https:\/\/roveyayinevi.com.tr\/index.php\/wp-json\/wp\/v2\/product_tag?post=760086"}],"curies":[{"name":"wp","href":"https:\/\/api.w.org\/{rel}","templated":true}]}}