{"id":760085,"date":"2025-08-28T08:54:45","date_gmt":"2025-08-28T05:54:45","guid":{"rendered":"https:\/\/roveyayinevi.com.tr\/index.php\/urun\/resim-sanati-ciltli\/"},"modified":"2026-04-16T03:13:02","modified_gmt":"2026-04-16T00:13:02","slug":"resim-sanati-ciltli","status":"publish","type":"product","link":"https:\/\/roveyayinevi.com.tr\/index.php\/urun\/resim-sanati-ciltli\/","title":{"rendered":"Resim Sanat\u0131 (Ciltli)"},"content":{"rendered":"<p>Ya\u015fant\u0131n\u0131n her par\u00e7as\u0131na sanat\u00e7\u0131 g\u00f6z\u00fcyle bakmak ve o an\u0131 i\u00e7inden ta\u015fan yarat\u0131c\u0131l\u0131kla tuvalde g\u00f6rselle\u015ftirerek saptamak. Do\u011faya duyulan hayranl\u0131\u011f\u0131, do\u011fan\u0131n k\u00fc\u00e7\u00fcc\u00fck d\u00f6neme\u00e7lerini, beklenmedik de\u011fi\u015fimlerini, yal\u0131n g\u00f6r\u00fcn\u00fcml\u00fc derinliklerini resmetme sanat\u0131n\u0131n ustalara sundu\u011fu o \u00f6zg\u00fcn sezgiyle ifade etmek. \u015eeref Bigal\u0131\u2019y\u0131 b\u00f6yle betimleyebiliriz. Resim sanat\u0131m\u0131z erken ku\u015faklara \u00e7ok \u015fey bor\u00e7ludur. Onlar etkileri halka halka geni\u015fleyecek yap\u0131tlar ortaya koymu\u015flard\u0131r, s\u0131n\u0131rlar\u0131 zorlayarak, \u00e7e\u015fitli g\u00fc\u00e7l\u00fcklere kar\u015f\u0131 koyarak, sanatlar\u0131n\u0131 uygulamakta ve yayg\u0131nla\u015ft\u0131rmakta kararl\u0131l\u0131k \u00f6rne\u011fi vererek&#8230; 1925 do\u011fumlu \u015eeref Bigal\u0131 Bergama\u2019dan; Antikitenin parlak mimari ve heykelt\u0131ra\u015fl\u0131k eserlerinin yan\u0131 s\u0131ra Osmanl\u0131\u2019n\u0131n an\u0131tsal yap\u0131lar\u0131yla donanm\u0131\u015f bu topraklardan \u00e7\u0131karak \u0130stanbul G\u00fczel Sanatlar Akademisi\u2019ne gelmi\u015f ve Cemal Tollu (1899-1968) at\u00f6lyesinden mezun olmu\u015ftur. Resim \u00f6\u011fretmenli\u011fi yapan, \u0130zmir\u2019de yolu \u201cYenilik sanat\u0131n \u00f6z sorunudur\u201d diyen ressam Abidin Eldero\u011flu (1901-1974) ile kesi\u015fince y\u0131llar boyu s\u00fcrecek bir sanatsal esin al\u0131\u015fveri\u015fiyle zenginle\u015fen, 1960\u2019l\u0131 y\u0131llar\u0131n ba\u015f\u0131nda Paris\u2019te Henri Goetz\u2019den (1909-1989) e\u011fitim ald\u0131\u011f\u0131 s\u0131rada duygular\u0131n\u0131 resme y\u00fckleyi\u015findeki ustal\u0131\u011f\u0131 Goetz taraf\u0131ndan \u00f6v\u00fclen sanat\u00e7\u0131, 1976\u2019da sanat anlay\u0131\u015f\u0131n\u0131 ve resim tekni\u011fi bilgilerini bir araya getirdi\u011fi Resim Sanat\u0131 adl\u0131 kitapla sanat d\u00fcnyas\u0131na katk\u0131da bulunmu\u015ftur. \u015eeref Bigal\u0131 ya\u015fam\u0131n g\u00f6rkemli yanlar\u0131ndan \u00e7ok, sade, yapmac\u0131ks\u0131z, kolay anla\u015f\u0131l\u0131r, ayn\u0131 zamanda da dima\u011fa etkin iletiler yollayan capcanl\u0131 sahnelerinden ve ayr\u0131nt\u0131lar\u0131ndan al\u0131r esinlerini. Tekrar tekrar bakmaya de\u011fer, ke\u015ffedilmeyi bekleyen ayr\u0131nt\u0131lard\u0131r onlar. \u00d6te yandan tuvallerinde \u00f6ylesine zengin bir anlat\u0131m egemendir ki, k\u0131vrakl\u0131\u011f\u0131yla, ge\u00e7i\u015fleriyle, renksel anlamlar\u0131yla \u015fa\u015f\u0131rt\u0131r. \u00d6rne\u011fin ya\u011fmurlu bir g\u00fcnde bir meydandan ge\u00e7en kalabal\u0131k abart\u0131s\u0131z bir geometrinin ritmiyle, reng\u00e2renk \u015femsiyeleriyle, \u00e7oluk \u00e7ocuk, etrafta ko\u015fu\u015fan, s\u0131\u00e7rayan kedilerle, u\u00e7u\u015fan g\u00fcvercinlerle, her bir fig\u00fcr\u00fcn kendi ya\u015fant\u0131s\u0131n\u0131n uzant\u0131s\u0131 olan kayg\u0131s\u0131 ya da acelesiyle tam bir \u015fehir senfonisi olu\u015fturur tuvalde. Sanat\u00e7\u0131 kompozisyona belirli \u00f6l\u00e7\u00fcde bir ince espri katmay\u0131 da ihmal etmez. Ya da bir horoz kendine \u00f6zg\u00fc duru\u015fuyla, g\u00f6z al\u0131c\u0131 renklerini gururla sergileyerek, hatta o renklerin enerjisini \u00e7evresine yayarak ya\u015fam buluverir ressam\u0131n f\u0131r\u00e7as\u0131nda ve adeta ta\u015f\u0131nd\u0131\u011f\u0131 y\u00fczeyde var olman\u0131n tad\u0131n\u0131 \u00e7\u0131kar\u0131r, Bigal\u0131\u2019n\u0131n keskin g\u00f6zlem yetene\u011finin uzant\u0131s\u0131 olarak&#8230; Resmin \u00f6nemine g\u00f6n\u00fclden inanan ve bu inanc\u0131 hep taptaze bir hevesle yans\u0131tan sanat\u00e7\u0131n\u0131n her yap\u0131t\u0131 imgelemimizde yeni katmanlar a\u00e7acakt\u0131r.                                                                                                                                                     Prof.Dr. G\u00fcl \u0130repo\u011flu                                                                                                                                                                                                                                                             2024<\/p>\n","protected":false},"excerpt":{"rendered":"<p>Ya\u015fant\u0131n\u0131n her par\u00e7as\u0131na sanat\u00e7\u0131 g\u00f6z\u00fcyle bakmak ve o an\u0131 i\u00e7inden ta\u015fan yarat\u0131c\u0131l\u0131kla tuvalde g\u00f6rselle\u015ftirerek saptamak. Do\u011faya duyulan hayranl\u0131\u011f\u0131, do\u011fan\u0131n k\u00fc\u00e7\u00fcc\u00fck d\u00f6neme\u00e7lerini, beklenmedik de\u011fi\u015fimlerini, yal\u0131n g\u00f6r\u00fcn\u00fcml\u00fc derinliklerini<span class=\"excerpt-hellip\"> [\u2026]<\/span><\/p>\n","protected":false},"featured_media":0,"template":"","meta":{"_monsterinsights_skip_tracking":false,"_monsterinsights_sitenote_active":false,"_monsterinsights_sitenote_note":"","_monsterinsights_sitenote_category":0},"product_brand":[],"product_cat":[15733,12408],"product_tag":[],"class_list":{"0":"post-760085","1":"product","2":"type-product","3":"status-publish","5":"product_cat-resim","6":"product_cat-sanat","7":"pa_cilt-ciltli","8":"pa_tur-kitap","9":"pa_yayinevi-is-bankasi-kultur-yayinlari","10":"pa_yazar-seref-bigali","12":"first","13":"instock","14":"sale","15":"shipping-taxable","16":"purchasable","17":"product-type-simple"},"_links":{"self":[{"href":"https:\/\/roveyayinevi.com.tr\/index.php\/wp-json\/wp\/v2\/product\/760085","targetHints":{"allow":["GET"]}}],"collection":[{"href":"https:\/\/roveyayinevi.com.tr\/index.php\/wp-json\/wp\/v2\/product"}],"about":[{"href":"https:\/\/roveyayinevi.com.tr\/index.php\/wp-json\/wp\/v2\/types\/product"}],"wp:attachment":[{"href":"https:\/\/roveyayinevi.com.tr\/index.php\/wp-json\/wp\/v2\/media?parent=760085"}],"wp:term":[{"taxonomy":"product_brand","embeddable":true,"href":"https:\/\/roveyayinevi.com.tr\/index.php\/wp-json\/wp\/v2\/product_brand?post=760085"},{"taxonomy":"product_cat","embeddable":true,"href":"https:\/\/roveyayinevi.com.tr\/index.php\/wp-json\/wp\/v2\/product_cat?post=760085"},{"taxonomy":"product_tag","embeddable":true,"href":"https:\/\/roveyayinevi.com.tr\/index.php\/wp-json\/wp\/v2\/product_tag?post=760085"}],"curies":[{"name":"wp","href":"https:\/\/api.w.org\/{rel}","templated":true}]}}