{"id":760080,"date":"2025-08-28T08:54:34","date_gmt":"2025-08-28T05:54:34","guid":{"rendered":"https:\/\/roveyayinevi.com.tr\/index.php\/urun\/aygir-fatma\/"},"modified":"2026-04-16T03:13:02","modified_gmt":"2026-04-16T00:13:02","slug":"aygir-fatma","status":"publish","type":"product","link":"https:\/\/roveyayinevi.com.tr\/index.php\/urun\/aygir-fatma\/","title":{"rendered":"Ayg\u0131r Fatma"},"content":{"rendered":"<p>\u201cOsman Cemal bir halk yazar\u0131d\u0131r. Yani bir yazara verilebilecek en g\u00fczel, en temiz, en de\u011ferli s\u0131fatlardan birini halk ona vermi\u015ftir. O, bilhassa esnaf, zanaatk\u00e2r z\u00fcmrelerinin yaz\u0131c\u0131s\u0131d\u0131r. Fakat ayn\u0131 zamanda \u015fehir l\u00fcmpenlerinin foto\u011fraf\u00e7\u0131s\u0131 da olabilmi\u015ftir. Cemal, sanat bak\u0131m\u0131ndan ifadesi oldu\u011fu muhiti \u00e7ok iyi bilir.\u201d                                                                                Orhan Selim [Naz\u0131m Hikmet], Ak\u015fam, 1936 Otobiyografik izler ta\u015f\u0131yan Ayg\u0131r Fatma, \u0130stanbul\u2019dan Anadolu\u2019da bir kasabaya kadar uzanan, maceralarla dolu, trajik bir a\u015fk anlat\u0131s\u0131d\u0131r. Hasan ve \u00e7ocukluk a\u015fk\u0131 Mediha\u2019n\u0131n yollar\u0131 y\u0131llar sonra tekrar kesi\u015fir. Hasan, Mediha ile evlilik haz\u0131rl\u0131klar\u0131 yaparken bir kavgaya kar\u0131\u015f\u0131r ve hapse d\u00fc\u015fer. Bir s\u00fcre sonra II. Me\u015frutiyet ilan edilir ve \u00e7\u0131kan afla tahliye olur. Mediha\u2019n\u0131n Da\u011f\u0131stanl\u0131 ya\u015fl\u0131 bir t\u00fcccarla evlendirildi\u011fini \u00f6\u011frenen Hasan zor g\u00fcnler ge\u00e7irir. Bu esnada tiyatrocu bir arkada\u015f\u0131n\u0131n teklifiyle hayat\u0131n\u0131 oyunla\u015ft\u0131r\u0131r. Ayg\u0131r Fatma ad\u0131ndaki bu oyun, Anadolu\u2019da bir kasabada sahnelenirken ilgin\u00e7 geli\u015fmeler ya\u015fan\u0131r. Osman Cemal Kayg\u0131l\u0131 (1890-1945) \u0130stanbul\u2019da do\u011fan Osman Cemal Kayg\u0131l\u0131, iptid\u00e2\u00ee mektep ve r\u00fc\u015ftiyeden sonra Men\u015fe-i K\u00fctt\u00e2b-\u0131 Asker\u00ee\u2019den (Askeri K\u00e2tip Yeti\u015ftirme Okulu) mezun oldu. 1906\u2019da Erk\u00e2n\u0131harbiye\u2019de memurlu\u011fa ba\u015flad\u0131. 1912\u2019de Tepeba\u015f\u0131 Tiyatrosu\u2019ndaki bir g\u00f6steri s\u0131ras\u0131nda ta\u015fk\u0131nl\u0131k yapmas\u0131 ve Mahmut \u015eevket Pa\u015fa suikast\u0131na ad\u0131n\u0131n kar\u0131\u015fmas\u0131 dolay\u0131s\u0131yla Refik Halit ve Refi Cevat gibi isimlerle birlikte Sinop\u2019a s\u00fcr\u00fcld\u00fc. S\u00fcrg\u00fcnden sonra memuriyete geri d\u00f6nd\u00fc. I. D\u00fcnya Sava\u015f\u0131\u2019nda seferberlik ilan edilince seyyar t\u00fcmenlerde k\u00e2tiplik yapmaya ba\u015flad\u0131. Bir s\u00fcre sonra sa\u011fl\u0131\u011f\u0131 bozuldu ve malulen emekli oldu. Ge\u00e7inebilmek i\u00e7in tiyatroculuk, s\u00fct\u00e7\u00fcl\u00fck, pazarc\u0131l\u0131k, vapurlarda bilet\u00e7ilik gibi \u00e7e\u015fitli i\u015fler yapt\u0131. 1925\u2019te ba\u015flad\u0131\u011f\u0131 T\u00fcrk\u00e7e \u00f6\u011fretmenli\u011fine 1944 y\u0131l\u0131na kadar devam etti. \u0130lk yaz\u0131lar\u0131 1910 y\u0131l\u0131nda E\u015fek ve Karag\u00f6z dergilerinde \u00e7\u0131kt\u0131. 1921\u2019de Ayine ad\u0131nda bir mizah dergisi \u00e7\u0131kard\u0131. Yaz\u0131lar\u0131nda Anber, Kanber ve C\u0131mb\u0131z takma adlar\u0131n\u0131 da kullanan Osman Cemal Kayg\u0131l\u0131\u2019n\u0131n Alay, G\u00fclery\u00fcz, Aydede, Akbaba, Kurun, Z\u00fcmr\u00fcd-i Anka, \u015eebab, Y\u0131ld\u0131z, Papa\u011fan,Yenig\u00fcn, Haber, Son Telgraf gibi \u00e7e\u015fitli s\u00fcreli yay\u0131nlarda f\u0131kra, hik\u00e2ye, roman, mizah, an\u0131, sohbet, ara\u015ft\u0131rma, s\u00f6zl\u00fck ve r\u00f6portaj t\u00fcr\u00fcnde yaz\u0131lar\u0131 ve eserleri yay\u0131mland\u0131. Yazar\u0131n se\u00e7me eserlerine T\u00fcrk Edebiyat\u0131 Klasikleri Dizimizde yer vermeyi s\u00fcrd\u00fcrece\u011fiz. <\/p>\n","protected":false},"excerpt":{"rendered":"<p>\u201cOsman Cemal bir halk yazar\u0131d\u0131r. Yani bir yazara verilebilecek en g\u00fczel, en temiz, en de\u011ferli s\u0131fatlardan birini halk ona vermi\u015ftir. O, bilhassa esnaf, zanaatk\u00e2r z\u00fcmrelerinin yaz\u0131c\u0131s\u0131d\u0131r.<span class=\"excerpt-hellip\"> [\u2026]<\/span><\/p>\n","protected":false},"featured_media":0,"template":"","meta":{"_monsterinsights_skip_tracking":false,"_monsterinsights_sitenote_active":false,"_monsterinsights_sitenote_note":"","_monsterinsights_sitenote_category":0},"product_brand":[],"product_cat":[12291,12292],"product_tag":[],"class_list":{"0":"post-760080","1":"product","2":"type-product","3":"status-publish","5":"product_cat-edebiyat","6":"product_cat-turk-edebiyati","7":"pa_cilt-ciltsiz","8":"pa_tur-kitap","9":"pa_yayinevi-is-bankasi-kultur-yayinlari","10":"pa_yazar-osman-cemal-kaygili","12":"first","13":"instock","14":"sale","15":"shipping-taxable","16":"purchasable","17":"product-type-simple"},"_links":{"self":[{"href":"https:\/\/roveyayinevi.com.tr\/index.php\/wp-json\/wp\/v2\/product\/760080","targetHints":{"allow":["GET"]}}],"collection":[{"href":"https:\/\/roveyayinevi.com.tr\/index.php\/wp-json\/wp\/v2\/product"}],"about":[{"href":"https:\/\/roveyayinevi.com.tr\/index.php\/wp-json\/wp\/v2\/types\/product"}],"wp:attachment":[{"href":"https:\/\/roveyayinevi.com.tr\/index.php\/wp-json\/wp\/v2\/media?parent=760080"}],"wp:term":[{"taxonomy":"product_brand","embeddable":true,"href":"https:\/\/roveyayinevi.com.tr\/index.php\/wp-json\/wp\/v2\/product_brand?post=760080"},{"taxonomy":"product_cat","embeddable":true,"href":"https:\/\/roveyayinevi.com.tr\/index.php\/wp-json\/wp\/v2\/product_cat?post=760080"},{"taxonomy":"product_tag","embeddable":true,"href":"https:\/\/roveyayinevi.com.tr\/index.php\/wp-json\/wp\/v2\/product_tag?post=760080"}],"curies":[{"name":"wp","href":"https:\/\/api.w.org\/{rel}","templated":true}]}}