{"id":760078,"date":"2025-08-28T08:54:31","date_gmt":"2025-08-28T05:54:31","guid":{"rendered":"https:\/\/roveyayinevi.com.tr\/index.php\/urun\/haydi-arkadas-olalim-ciz-tamamla-yapistir\/"},"modified":"2026-04-16T03:13:02","modified_gmt":"2026-04-16T00:13:02","slug":"haydi-arkadas-olalim-ciz-tamamla-yapistir","status":"publish","type":"product","link":"https:\/\/roveyayinevi.com.tr\/index.php\/urun\/haydi-arkadas-olalim-ciz-tamamla-yapistir\/","title":{"rendered":"Haydi Arkada\u015f Olal\u0131m &#8211; \u00c7iz-Tamamla-Yap\u0131\u015ft\u0131r"},"content":{"rendered":"<p>\u00c7iz-Tamamla-Yap\u0131\u015ft\u0131r serisinde, se\u00e7ilmi\u015f en pop\u00fcler aktiviteleri bulacaks\u0131n\u0131z: noktalar\u0131 birle\u015ftirme ve e\u011flenceli \u00e7\u0131kartmalar\u0131 yap\u0131\u015ft\u0131rma!   Motor becerileri g\u00fc\u00e7lendirme Kalem kullanma pratikleri Dikkat ve konsantrasyon geli\u015fimi Ba\u011f\u0131ms\u0131z d\u00fc\u015f\u00fcnme ve karar verme becerisi<\/p>\n","protected":false},"excerpt":{"rendered":"<p>\u00c7iz-Tamamla-Yap\u0131\u015ft\u0131r serisinde, se\u00e7ilmi\u015f en pop\u00fcler aktiviteleri bulacaks\u0131n\u0131z: noktalar\u0131 birle\u015ftirme ve e\u011flenceli \u00e7\u0131kartmalar\u0131 yap\u0131\u015ft\u0131rma! Motor becerileri g\u00fc\u00e7lendirme Kalem kullanma pratikleri Dikkat ve konsantrasyon geli\u015fimi Ba\u011f\u0131ms\u0131z d\u00fc\u015f\u00fcnme ve<span class=\"excerpt-hellip\"> [\u2026]<\/span><\/p>\n","protected":false},"featured_media":0,"template":"","meta":{"_monsterinsights_skip_tracking":false,"_monsterinsights_sitenote_active":false,"_monsterinsights_sitenote_note":"","_monsterinsights_sitenote_category":0},"product_brand":[],"product_cat":[12274,15842],"product_tag":[],"class_list":{"0":"post-760078","1":"product","2":"type-product","3":"status-publish","5":"product_cat-cocuk-ve-genclik-kitaplari","6":"product_cat-egitici-kitaplar","7":"pa_cilt-ciltsiz","8":"pa_tur-kitap","9":"pa_yayinevi-0-6-yas-yayinlari","10":"pa_yazar-barbaros-ozcan","12":"first","13":"instock","14":"sale","15":"shipping-taxable","16":"purchasable","17":"product-type-simple"},"_links":{"self":[{"href":"https:\/\/roveyayinevi.com.tr\/index.php\/wp-json\/wp\/v2\/product\/760078","targetHints":{"allow":["GET"]}}],"collection":[{"href":"https:\/\/roveyayinevi.com.tr\/index.php\/wp-json\/wp\/v2\/product"}],"about":[{"href":"https:\/\/roveyayinevi.com.tr\/index.php\/wp-json\/wp\/v2\/types\/product"}],"wp:attachment":[{"href":"https:\/\/roveyayinevi.com.tr\/index.php\/wp-json\/wp\/v2\/media?parent=760078"}],"wp:term":[{"taxonomy":"product_brand","embeddable":true,"href":"https:\/\/roveyayinevi.com.tr\/index.php\/wp-json\/wp\/v2\/product_brand?post=760078"},{"taxonomy":"product_cat","embeddable":true,"href":"https:\/\/roveyayinevi.com.tr\/index.php\/wp-json\/wp\/v2\/product_cat?post=760078"},{"taxonomy":"product_tag","embeddable":true,"href":"https:\/\/roveyayinevi.com.tr\/index.php\/wp-json\/wp\/v2\/product_tag?post=760078"}],"curies":[{"name":"wp","href":"https:\/\/api.w.org\/{rel}","templated":true}]}}