{"id":760076,"date":"2025-08-28T08:54:27","date_gmt":"2025-08-28T05:54:27","guid":{"rendered":"https:\/\/roveyayinevi.com.tr\/index.php\/urun\/temmuz-bildirisi\/"},"modified":"2026-04-16T03:13:02","modified_gmt":"2026-04-16T00:13:02","slug":"temmuz-bildirisi","status":"publish","type":"product","link":"https:\/\/roveyayinevi.com.tr\/index.php\/urun\/temmuz-bildirisi\/","title":{"rendered":"Temmuz Bildirisi"},"content":{"rendered":"<p>[\u2026] yani her \u015feyi yerli yerine koymak \u00f6fkeyi yerli yerine a\u015fk\u0131 yerli yerine y\u00f6nleri yerli yerine koymak dirileri \u00e7i\u00e7eklere denizlere ve g\u00f6ky\u00fcz\u00fcne \u00e7o\u011faltmak yoksa \u00e7ok \u00f6l\u00fcrs\u00fcn\u00fcz yalva\u00e7\u00e7a noktal\u0131yorum \u00e7ok \u00f6l\u00fcrs\u00fcn\u00fcz <\/p>\n","protected":false},"excerpt":{"rendered":"<p>[\u2026] yani her \u015feyi yerli yerine koymak \u00f6fkeyi yerli yerine a\u015fk\u0131 yerli yerine y\u00f6nleri yerli yerine koymak dirileri \u00e7i\u00e7eklere denizlere ve g\u00f6ky\u00fcz\u00fcne \u00e7o\u011faltmak yoksa \u00e7ok \u00f6l\u00fcrs\u00fcn\u00fcz<span class=\"excerpt-hellip\"> [\u2026]<\/span><\/p>\n","protected":false},"featured_media":0,"template":"","meta":{"_monsterinsights_skip_tracking":false,"_monsterinsights_sitenote_active":false,"_monsterinsights_sitenote_note":"","_monsterinsights_sitenote_category":0},"product_brand":[],"product_cat":[12291,12509],"product_tag":[],"class_list":{"0":"post-760076","1":"product","2":"type-product","3":"status-publish","5":"product_cat-edebiyat","6":"product_cat-siir","7":"pa_cilt-ciltsiz","8":"pa_tur-kitap","9":"pa_yayinevi-is-bankasi-kultur-yayinlari","10":"pa_yazar-hasan-huseyin","12":"first","13":"instock","14":"sale","15":"shipping-taxable","16":"purchasable","17":"product-type-simple"},"_links":{"self":[{"href":"https:\/\/roveyayinevi.com.tr\/index.php\/wp-json\/wp\/v2\/product\/760076","targetHints":{"allow":["GET"]}}],"collection":[{"href":"https:\/\/roveyayinevi.com.tr\/index.php\/wp-json\/wp\/v2\/product"}],"about":[{"href":"https:\/\/roveyayinevi.com.tr\/index.php\/wp-json\/wp\/v2\/types\/product"}],"wp:attachment":[{"href":"https:\/\/roveyayinevi.com.tr\/index.php\/wp-json\/wp\/v2\/media?parent=760076"}],"wp:term":[{"taxonomy":"product_brand","embeddable":true,"href":"https:\/\/roveyayinevi.com.tr\/index.php\/wp-json\/wp\/v2\/product_brand?post=760076"},{"taxonomy":"product_cat","embeddable":true,"href":"https:\/\/roveyayinevi.com.tr\/index.php\/wp-json\/wp\/v2\/product_cat?post=760076"},{"taxonomy":"product_tag","embeddable":true,"href":"https:\/\/roveyayinevi.com.tr\/index.php\/wp-json\/wp\/v2\/product_tag?post=760076"}],"curies":[{"name":"wp","href":"https:\/\/api.w.org\/{rel}","templated":true}]}}