{"id":760072,"date":"2025-08-28T08:54:20","date_gmt":"2025-08-28T05:54:20","guid":{"rendered":"https:\/\/roveyayinevi.com.tr\/index.php\/urun\/tarihten-gunumuze-siyaset\/"},"modified":"2026-04-16T03:13:01","modified_gmt":"2026-04-16T00:13:01","slug":"tarihten-gunumuze-siyaset","status":"publish","type":"product","link":"https:\/\/roveyayinevi.com.tr\/index.php\/urun\/tarihten-gunumuze-siyaset\/","title":{"rendered":"Tarihten G\u00fcn\u00fcm\u00fcze Siyaset"},"content":{"rendered":"<p>B\u00fcy\u00fck zahmetler verilerek haz\u0131rlanm\u0131\u015f \u00fclke siyasi olaylar\u0131n\u0131 anlatan bu kitab\u0131 ba\u015far\u0131l\u0131 buldum. Ba\u015far\u0131lar\u0131n\u0131n devam\u0131n\u0131 diliyorum sevgili Erdem yolda\u015f\u0131m. \u00d6ZG\u00dcR \u00d6ZEL   Gen\u00e7 karde\u015fim yazar Erdem Uygur&#8217;un siyasete bak\u0131\u015f a\u00e7\u0131s\u0131n\u0131 bu kitapta g\u00f6rmek ger\u00e7ekten biz siyaset\u00e7iler i\u00e7in \u00e7ok de\u011ferli. KEMAL KILI\u00c7DARO\u011eLU   Bu kitaba emek veren de\u011ferli yazar\u0131m\u0131z Erdem Uygur&#8217;u kutlar, ba\u015far\u0131lar\u0131n\u0131n devam\u0131n\u0131 dilerim. MURAT KARAYAL\u00c7IN   Sevgili karde\u015fim Erdem Uygur&#8217;un bu ayd\u0131nlatan, e\u011fiten, \u00f6\u011freten kitab\u0131ndan \u00e7ok yararlanaca\u011f\u0131z. Ba\u015far\u0131lar\u0131n\u0131n devam\u0131n\u0131 diliyorum. H\u0130KMET \u00c7ET\u0130N <\/p>\n","protected":false},"excerpt":{"rendered":"<p>B\u00fcy\u00fck zahmetler verilerek haz\u0131rlanm\u0131\u015f \u00fclke siyasi olaylar\u0131n\u0131 anlatan bu kitab\u0131 ba\u015far\u0131l\u0131 buldum. Ba\u015far\u0131lar\u0131n\u0131n devam\u0131n\u0131 diliyorum sevgili Erdem yolda\u015f\u0131m. \u00d6ZG\u00dcR \u00d6ZEL Gen\u00e7 karde\u015fim yazar Erdem Uygur&#8217;un siyasete<span class=\"excerpt-hellip\"> [\u2026]<\/span><\/p>\n","protected":false},"featured_media":0,"template":"","meta":{"_monsterinsights_skip_tracking":false,"_monsterinsights_sitenote_active":false,"_monsterinsights_sitenote_note":"","_monsterinsights_sitenote_category":0},"product_brand":[],"product_cat":[13590,12337],"product_tag":[],"class_list":{"0":"post-760072","1":"product","2":"type-product","3":"status-publish","5":"product_cat-arastirma-inceleme-politika-siyaset","6":"product_cat-politika-siyaset","7":"pa_cilt-ciltsiz","8":"pa_tur-kitap","9":"pa_yayinevi-gulnar-yayinlari","10":"pa_yazar-erdem-uygur","12":"first","13":"instock","14":"sale","15":"shipping-taxable","16":"purchasable","17":"product-type-simple"},"_links":{"self":[{"href":"https:\/\/roveyayinevi.com.tr\/index.php\/wp-json\/wp\/v2\/product\/760072","targetHints":{"allow":["GET"]}}],"collection":[{"href":"https:\/\/roveyayinevi.com.tr\/index.php\/wp-json\/wp\/v2\/product"}],"about":[{"href":"https:\/\/roveyayinevi.com.tr\/index.php\/wp-json\/wp\/v2\/types\/product"}],"wp:attachment":[{"href":"https:\/\/roveyayinevi.com.tr\/index.php\/wp-json\/wp\/v2\/media?parent=760072"}],"wp:term":[{"taxonomy":"product_brand","embeddable":true,"href":"https:\/\/roveyayinevi.com.tr\/index.php\/wp-json\/wp\/v2\/product_brand?post=760072"},{"taxonomy":"product_cat","embeddable":true,"href":"https:\/\/roveyayinevi.com.tr\/index.php\/wp-json\/wp\/v2\/product_cat?post=760072"},{"taxonomy":"product_tag","embeddable":true,"href":"https:\/\/roveyayinevi.com.tr\/index.php\/wp-json\/wp\/v2\/product_tag?post=760072"}],"curies":[{"name":"wp","href":"https:\/\/api.w.org\/{rel}","templated":true}]}}