{"id":760069,"date":"2025-08-28T08:54:13","date_gmt":"2025-08-28T05:54:13","guid":{"rendered":"https:\/\/roveyayinevi.com.tr\/index.php\/urun\/cayirlardaki-renkler-sirin-gelistirici-kitaplar\/"},"modified":"2026-04-16T03:13:01","modified_gmt":"2026-04-16T00:13:01","slug":"cayirlardaki-renkler-sirin-gelistirici-kitaplar","status":"publish","type":"product","link":"https:\/\/roveyayinevi.com.tr\/index.php\/urun\/cayirlardaki-renkler-sirin-gelistirici-kitaplar\/","title":{"rendered":"\u00c7ay\u0131rlardaki Renkler  &#8211; \u015eirin Geli\u015ftirici Kitaplar"},"content":{"rendered":"<p>Parmaklar\u0131nla minik egzersizler yaparken renkleri tan\u0131maya haz\u0131rlan! \u00c7ok say\u0131da renkli \u00e7\u0131kartma, resimlerdeki do\u011fru yerlerine yap\u0131\u015ft\u0131r\u0131lmay\u0131 bekliyor. Sayfalar\u0131 \u00e7evirdik\u00e7e daha \u00e7ok \u00e7\u0131kartma ile kar\u015f\u0131la\u015facak ve daha \u00e7ok e\u011fleneceksin. K\u00fc\u00e7\u00fck daireler farkl\u0131 renklere yap\u0131\u015ft\u0131r\u0131l\u0131rsa da \u00fcz\u00fclme, bu, resimleri daha da e\u011flenceli hale getirecek! <\/p>\n","protected":false},"excerpt":{"rendered":"<p>Parmaklar\u0131nla minik egzersizler yaparken renkleri tan\u0131maya haz\u0131rlan! \u00c7ok say\u0131da renkli \u00e7\u0131kartma, resimlerdeki do\u011fru yerlerine yap\u0131\u015ft\u0131r\u0131lmay\u0131 bekliyor. Sayfalar\u0131 \u00e7evirdik\u00e7e daha \u00e7ok \u00e7\u0131kartma ile kar\u015f\u0131la\u015facak ve daha \u00e7ok<span class=\"excerpt-hellip\"> [\u2026]<\/span><\/p>\n","protected":false},"featured_media":0,"template":"","meta":{"_monsterinsights_skip_tracking":false,"_monsterinsights_sitenote_active":false,"_monsterinsights_sitenote_note":"","_monsterinsights_sitenote_category":0},"product_brand":[],"product_cat":[12554,12274],"product_tag":[],"class_list":{"0":"post-760069","1":"product","2":"type-product","3":"status-publish","5":"product_cat-cikartmali-kitaplar","6":"product_cat-cocuk-ve-genclik-kitaplari","7":"pa_cilt-ciltsiz","8":"pa_tur-kitap","9":"pa_yayinevi-0-6-yas-yayinlari","10":"pa_yazar-barbaros-ozcan","12":"first","13":"instock","14":"sale","15":"shipping-taxable","16":"purchasable","17":"product-type-simple"},"_links":{"self":[{"href":"https:\/\/roveyayinevi.com.tr\/index.php\/wp-json\/wp\/v2\/product\/760069","targetHints":{"allow":["GET"]}}],"collection":[{"href":"https:\/\/roveyayinevi.com.tr\/index.php\/wp-json\/wp\/v2\/product"}],"about":[{"href":"https:\/\/roveyayinevi.com.tr\/index.php\/wp-json\/wp\/v2\/types\/product"}],"wp:attachment":[{"href":"https:\/\/roveyayinevi.com.tr\/index.php\/wp-json\/wp\/v2\/media?parent=760069"}],"wp:term":[{"taxonomy":"product_brand","embeddable":true,"href":"https:\/\/roveyayinevi.com.tr\/index.php\/wp-json\/wp\/v2\/product_brand?post=760069"},{"taxonomy":"product_cat","embeddable":true,"href":"https:\/\/roveyayinevi.com.tr\/index.php\/wp-json\/wp\/v2\/product_cat?post=760069"},{"taxonomy":"product_tag","embeddable":true,"href":"https:\/\/roveyayinevi.com.tr\/index.php\/wp-json\/wp\/v2\/product_tag?post=760069"}],"curies":[{"name":"wp","href":"https:\/\/api.w.org\/{rel}","templated":true}]}}