{"id":760066,"date":"2025-08-28T08:54:07","date_gmt":"2025-08-28T05:54:07","guid":{"rendered":"https:\/\/roveyayinevi.com.tr\/index.php\/urun\/gelecegin-dahileri-101-soru-ve-cevap-uzay\/"},"modified":"2026-04-16T03:13:01","modified_gmt":"2026-04-16T00:13:01","slug":"gelecegin-dahileri-101-soru-ve-cevap-uzay","status":"publish","type":"product","link":"https:\/\/roveyayinevi.com.tr\/index.php\/urun\/gelecegin-dahileri-101-soru-ve-cevap-uzay\/","title":{"rendered":"Gelece\u011fin Dahileri 101 Soru ve Cevap Uzay"},"content":{"rendered":"<p>Neden uzaya u\u00e7akla gidemeyiz? Neden Ay bize hep ayn\u0131 y\u00fcz\u00fcn\u00fc g\u00f6sterir?Neden Ay bize hep ayn\u0131 y\u00fcz\u00fcn\u00fc g\u00f6sterir? Bir g\u00fcn Mars\u2019a seyahat edebilir miyiz?Bir g\u00fcn Mars\u2019a seyahat edebilir miyiz? G\u00fcne\u015f sisteminin sonu nerededir?G\u00fcne\u015f sisteminin sonu nerededir? En yak\u0131n galaksi hangisi? Evrenin sonu var m\u0131?En yak\u0131n galaksi hangisi? Evrenin sonu var m\u0131? Valentina\u2019ya bu b\u00fcy\u00fcleyici seyahatinde e\u015flik et veValentina\u2019ya bu b\u00fcy\u00fcleyici seyahatinde e\u015flik et ve UZAY hakk\u0131ndaki 101 soru ve cevap sayesinde evreni ke\u015ffe \u00e7\u0131k.UZAY hakk\u0131ndaki 101 soru ve cevap sayesinde evreni ke\u015ffe \u00e7\u0131k. <\/p>\n","protected":false},"excerpt":{"rendered":"<p>Neden uzaya u\u00e7akla gidemeyiz? Neden Ay bize hep ayn\u0131 y\u00fcz\u00fcn\u00fc g\u00f6sterir?Neden Ay bize hep ayn\u0131 y\u00fcz\u00fcn\u00fc g\u00f6sterir? Bir g\u00fcn Mars\u2019a seyahat edebilir miyiz?Bir g\u00fcn Mars\u2019a seyahat<span class=\"excerpt-hellip\"> [\u2026]<\/span><\/p>\n","protected":false},"featured_media":0,"template":"","meta":{"_monsterinsights_skip_tracking":false,"_monsterinsights_sitenote_active":false,"_monsterinsights_sitenote_note":"","_monsterinsights_sitenote_category":0},"product_brand":[],"product_cat":[13829,12274],"product_tag":[],"class_list":{"0":"post-760066","1":"product","2":"type-product","3":"status-publish","5":"product_cat-bilimsel-kitaplar","6":"product_cat-cocuk-ve-genclik-kitaplari","7":"pa_cilt-ciltsiz","8":"pa_tur-kitap","9":"pa_yayinevi-buyulu-fener-yayinlari","10":"pa_yazar-carlos-pazos","12":"first","13":"instock","14":"sale","15":"shipping-taxable","16":"purchasable","17":"product-type-simple"},"_links":{"self":[{"href":"https:\/\/roveyayinevi.com.tr\/index.php\/wp-json\/wp\/v2\/product\/760066","targetHints":{"allow":["GET"]}}],"collection":[{"href":"https:\/\/roveyayinevi.com.tr\/index.php\/wp-json\/wp\/v2\/product"}],"about":[{"href":"https:\/\/roveyayinevi.com.tr\/index.php\/wp-json\/wp\/v2\/types\/product"}],"wp:attachment":[{"href":"https:\/\/roveyayinevi.com.tr\/index.php\/wp-json\/wp\/v2\/media?parent=760066"}],"wp:term":[{"taxonomy":"product_brand","embeddable":true,"href":"https:\/\/roveyayinevi.com.tr\/index.php\/wp-json\/wp\/v2\/product_brand?post=760066"},{"taxonomy":"product_cat","embeddable":true,"href":"https:\/\/roveyayinevi.com.tr\/index.php\/wp-json\/wp\/v2\/product_cat?post=760066"},{"taxonomy":"product_tag","embeddable":true,"href":"https:\/\/roveyayinevi.com.tr\/index.php\/wp-json\/wp\/v2\/product_tag?post=760066"}],"curies":[{"name":"wp","href":"https:\/\/api.w.org\/{rel}","templated":true}]}}