{"id":760064,"date":"2025-08-28T08:54:03","date_gmt":"2025-08-28T05:54:03","guid":{"rendered":"https:\/\/roveyayinevi.com.tr\/index.php\/urun\/bil-bakalim-neyim\/"},"modified":"2026-04-16T03:13:01","modified_gmt":"2026-04-16T00:13:01","slug":"bil-bakalim-neyim","status":"publish","type":"product","link":"https:\/\/roveyayinevi.com.tr\/index.php\/urun\/bil-bakalim-neyim\/","title":{"rendered":"Bil Bakal\u0131m Neyim?"},"content":{"rendered":"<p>Nas\u0131l oynan\u0131r? Her oyuncu bir ba\u015f band\u0131 se\u00e7ip ba\u015f\u0131na takar. Kartlar kar\u0131\u015ft\u0131r\u0131l\u0131p resimli y\u00fczleri a\u015fa\u011f\u0131 bakacak \u015fekilde masan\u0131n ortas\u0131na yerle\u015ftirilir. Her oyuncu 3 jeton al\u0131r. Oyuncular s\u0131rayla destenin \u00fczerinden bir kart \u00e7ekip ne oldu\u011funa bakmadan ba\u015f bantlar\u0131na yerle\u015ftirir. En gen\u00e7 oyuncu oyunu ba\u015flat\u0131rve saat y\u00f6n\u00fcnde yan\u0131ndakine ba\u015f\u0131ndaki resmi tan\u0131mlamas\u0131na yard\u0131mc\u0131 olacak bir soru y\u00f6neltir. Sorular ancak EVET ve HAYIR ile cevaplanacak \u015fekilde sorulmal\u0131d\u0131r. Oyuncu her bildi\u011fi kart i\u00e7in kutuya bir jeton b\u0131rak\u0131r. S\u0131ra bir sonraki oyuncuya ge\u00e7er. Oyun saat y\u00f6n\u00fcnde ilerler. \u00dc\u00e7 jetonu ilk bitiren oyunu kazan\u0131r. \u0130yi e\u011flenceler\u2026 <\/p>\n","protected":false},"excerpt":{"rendered":"<p>Nas\u0131l oynan\u0131r? Her oyuncu bir ba\u015f band\u0131 se\u00e7ip ba\u015f\u0131na takar. Kartlar kar\u0131\u015ft\u0131r\u0131l\u0131p resimli y\u00fczleri a\u015fa\u011f\u0131 bakacak \u015fekilde masan\u0131n ortas\u0131na yerle\u015ftirilir. Her oyuncu 3 jeton al\u0131r. Oyuncular<span class=\"excerpt-hellip\"> [\u2026]<\/span><\/p>\n","protected":false},"featured_media":0,"template":"","meta":{"_monsterinsights_skip_tracking":false,"_monsterinsights_sitenote_active":false,"_monsterinsights_sitenote_note":"","_monsterinsights_sitenote_category":0},"product_brand":[],"product_cat":[12274,17859],"product_tag":[],"class_list":{"0":"post-760064","1":"product","2":"type-product","3":"status-publish","5":"product_cat-cocuk-ve-genclik-kitaplari","6":"product_cat-oyun-kitaplari","7":"pa_cilt-ciltsiz","8":"pa_tur-kitap20","9":"pa_yayinevi-aklimda-zeka-oyunlari","10":"pa_yazar-kolektif","12":"first","13":"instock","14":"sale","15":"shipping-taxable","16":"purchasable","17":"product-type-simple"},"_links":{"self":[{"href":"https:\/\/roveyayinevi.com.tr\/index.php\/wp-json\/wp\/v2\/product\/760064","targetHints":{"allow":["GET"]}}],"collection":[{"href":"https:\/\/roveyayinevi.com.tr\/index.php\/wp-json\/wp\/v2\/product"}],"about":[{"href":"https:\/\/roveyayinevi.com.tr\/index.php\/wp-json\/wp\/v2\/types\/product"}],"wp:attachment":[{"href":"https:\/\/roveyayinevi.com.tr\/index.php\/wp-json\/wp\/v2\/media?parent=760064"}],"wp:term":[{"taxonomy":"product_brand","embeddable":true,"href":"https:\/\/roveyayinevi.com.tr\/index.php\/wp-json\/wp\/v2\/product_brand?post=760064"},{"taxonomy":"product_cat","embeddable":true,"href":"https:\/\/roveyayinevi.com.tr\/index.php\/wp-json\/wp\/v2\/product_cat?post=760064"},{"taxonomy":"product_tag","embeddable":true,"href":"https:\/\/roveyayinevi.com.tr\/index.php\/wp-json\/wp\/v2\/product_tag?post=760064"}],"curies":[{"name":"wp","href":"https:\/\/api.w.org\/{rel}","templated":true}]}}