{"id":760063,"date":"2025-08-28T08:54:00","date_gmt":"2025-08-28T05:54:00","guid":{"rendered":"https:\/\/roveyayinevi.com.tr\/index.php\/urun\/genc-yonetmenin-el-kitabi\/"},"modified":"2026-04-16T03:13:01","modified_gmt":"2026-04-16T00:13:01","slug":"genc-yonetmenin-el-kitabi","status":"publish","type":"product","link":"https:\/\/roveyayinevi.com.tr\/index.php\/urun\/genc-yonetmenin-el-kitabi\/","title":{"rendered":"Gen\u00e7 Y\u00f6netmenin El Kitab\u0131"},"content":{"rendered":"<p>Bir film \u00e7ekmek i\u00e7in nereden ba\u015flayaca\u011f\u0131n\u0131z\u0131 biliyor musunuz? Hayaliniz, g\u00fcn\u00fcn birinde film y\u00f6netmeni olmak m\u0131? O zaman, do\u011fru kitab\u0131 elinizde tutuyorsunuz. Biraz sinema tarihi; sinopsis, tretman, kamera a\u00e7\u0131lar\u0131 gibi belli ba\u015fl\u0131 temel kavramlar, \u00fcnl\u00fc y\u00f6netmen Turgut Yasalar taraf\u0131ndan sizin i\u00e7in yaz\u0131ld\u0131. Yasalar deneyimlerini, filmlerini y\u00f6netirken kulland\u0131\u011f\u0131 k\u0131sa yollar\u0131 bu kitaba aktard\u0131. Deniz Avc\u0131er&#8217;in \u00e7izimleri de, onun anlatt\u0131klar\u0131n\u0131 g\u00f6rselle\u015ftirdi. Gerisi, sizin yarat\u0131c\u0131l\u0131\u011f\u0131n\u0131za ve hayal d\u00fcnyan\u0131za kal\u0131yor. <\/p>\n","protected":false},"excerpt":{"rendered":"<p>Bir film \u00e7ekmek i\u00e7in nereden ba\u015flayaca\u011f\u0131n\u0131z\u0131 biliyor musunuz? Hayaliniz, g\u00fcn\u00fcn birinde film y\u00f6netmeni olmak m\u0131? O zaman, do\u011fru kitab\u0131 elinizde tutuyorsunuz. Biraz sinema tarihi; sinopsis, tretman,<span class=\"excerpt-hellip\"> [\u2026]<\/span><\/p>\n","protected":false},"featured_media":0,"template":"","meta":{"_monsterinsights_skip_tracking":false,"_monsterinsights_sitenote_active":false,"_monsterinsights_sitenote_note":"","_monsterinsights_sitenote_category":0},"product_brand":[],"product_cat":[12274],"product_tag":[],"class_list":{"0":"post-760063","1":"product","2":"type-product","3":"status-publish","5":"product_cat-cocuk-ve-genclik-kitaplari","6":"pa_cilt-ciltsiz","7":"pa_tur-kitap","8":"pa_yayinevi-everest-yayinlari","9":"pa_yazar-turgut-yasalar","11":"first","12":"instock","13":"sale","14":"shipping-taxable","15":"purchasable","16":"product-type-simple"},"_links":{"self":[{"href":"https:\/\/roveyayinevi.com.tr\/index.php\/wp-json\/wp\/v2\/product\/760063","targetHints":{"allow":["GET"]}}],"collection":[{"href":"https:\/\/roveyayinevi.com.tr\/index.php\/wp-json\/wp\/v2\/product"}],"about":[{"href":"https:\/\/roveyayinevi.com.tr\/index.php\/wp-json\/wp\/v2\/types\/product"}],"wp:attachment":[{"href":"https:\/\/roveyayinevi.com.tr\/index.php\/wp-json\/wp\/v2\/media?parent=760063"}],"wp:term":[{"taxonomy":"product_brand","embeddable":true,"href":"https:\/\/roveyayinevi.com.tr\/index.php\/wp-json\/wp\/v2\/product_brand?post=760063"},{"taxonomy":"product_cat","embeddable":true,"href":"https:\/\/roveyayinevi.com.tr\/index.php\/wp-json\/wp\/v2\/product_cat?post=760063"},{"taxonomy":"product_tag","embeddable":true,"href":"https:\/\/roveyayinevi.com.tr\/index.php\/wp-json\/wp\/v2\/product_tag?post=760063"}],"curies":[{"name":"wp","href":"https:\/\/api.w.org\/{rel}","templated":true}]}}