{"id":760062,"date":"2025-08-28T08:53:59","date_gmt":"2025-08-28T05:53:59","guid":{"rendered":"https:\/\/roveyayinevi.com.tr\/index.php\/urun\/emegin-kadin-halleri\/"},"modified":"2025-11-21T10:20:44","modified_gmt":"2025-11-21T07:20:44","slug":"emegin-kadin-halleri","status":"publish","type":"product","link":"https:\/\/roveyayinevi.com.tr\/index.php\/urun\/emegin-kadin-halleri\/","title":{"rendered":"Eme\u011fin Kad\u0131n Halleri"},"content":{"rendered":"<p>Kad\u0131nlar e\u015fit de\u011ferde i\u015fe d\u00fc\u015f\u00fck \u00fccretle \u00e7al\u0131\u015fmaya, esnek, g\u00fcvencesiz ve k\u00f6t\u00fc \u00e7al\u0131\u015fma ko\u015fullar\u0131na, kad\u0131n olduklar\u0131 i\u00e7in i\u015fyerlerinde maruz kald\u0131klar\u0131 \u015fiddete, tacize, mobbinge kar\u015f\u0131 \u00e7\u0131k\u0131yor, kendi \u00e7al\u0131\u015fmalar\u0131n\u0131n \u201cek gelir\u201d olarak g\u00f6r\u00fclmemesi, emeklerinin de\u011fersizle\u015ftirilmemesi i\u00e7in m\u00fccadele ediyorlar.  Kad\u0131n eme\u011fine dair geni\u015f kat\u0131l\u0131ml\u0131 tart\u0131\u015fma ortam\u0131 yaratmak, kad\u0131n eme\u011fini g\u00fcndemle\u015ftirmek \u00fczere Kad\u0131n\u0130\u015f\u00e7i&#8217; nin 29 Nisan 2023 tarihinde Zehra Kosova an\u0131s\u0131na d\u00fczenlemi\u015f oldu\u011fu sempozyumun se\u00e7ilmi\u015f metinlerinden olu\u015fan bu kitap, umar\u0131z kad\u0131n i\u015f\u00e7ilerin seslerinin duyulmas\u0131na vesile olur. DENEY\u0130M\u0130N VE D\u0130REN\u0130\u015e\u0130N KADIN B\u0130LG\u0130S\u0130 KADIN EME\u011e\u0130N\u0130N SANATSAL VE K\u00dcLT\u00dcREL YANSIMALARI TAR\u0130H \u0130\u00c7\u0130NDEK\u0130 G\u00d6R\u00dcN\u00dcRL\u00dcKTEN KADIN \u0130\u015e\u00c7\u0130 TAR\u0130H\u0130NE TANIKLIKLAR: KADIN \u0130\u015e\u00c7\u0130LER\u0130N DENEY\u0130MLER\u0130 G\u00d6\u00c7MEN KADIN EME\u011e\u0130 TARTI\u015eMALAR EMEK-BEDEN, KADIN EME\u011e\u0130N\u0130N YEN\u0130 G\u00d6R\u00dcN\u00dcMLER\u0130<\/p>\n","protected":false},"excerpt":{"rendered":"<p>Kad\u0131nlar e\u015fit de\u011ferde i\u015fe d\u00fc\u015f\u00fck \u00fccretle \u00e7al\u0131\u015fmaya, esnek, g\u00fcvencesiz ve k\u00f6t\u00fc \u00e7al\u0131\u015fma ko\u015fullar\u0131na, kad\u0131n olduklar\u0131 i\u00e7in i\u015fyerlerinde maruz kald\u0131klar\u0131 \u015fiddete, tacize, mobbinge kar\u015f\u0131 \u00e7\u0131k\u0131yor, kendi \u00e7al\u0131\u015fmalar\u0131n\u0131n<span class=\"excerpt-hellip\"> [\u2026]<\/span><\/p>\n","protected":false},"featured_media":0,"template":"","meta":{"_monsterinsights_skip_tracking":false,"_monsterinsights_sitenote_active":false,"_monsterinsights_sitenote_note":"","_monsterinsights_sitenote_category":0},"product_brand":[],"product_cat":[14741,13488],"product_tag":[],"class_list":{"0":"post-760062","1":"product","2":"type-product","3":"status-publish","5":"product_cat-kadin-sorunlari-feminizm","6":"product_cat-toplum-ve-insan","7":"pa_cilt-ciltsiz","8":"pa_tur-kitap","9":"pa_yayinevi-dipnot-yayinlari","10":"pa_yazar-feryal-saygiligil-necla-akgokce","12":"first","13":"instock","14":"sale","15":"shipping-taxable","16":"purchasable","17":"product-type-simple"},"_links":{"self":[{"href":"https:\/\/roveyayinevi.com.tr\/index.php\/wp-json\/wp\/v2\/product\/760062","targetHints":{"allow":["GET"]}}],"collection":[{"href":"https:\/\/roveyayinevi.com.tr\/index.php\/wp-json\/wp\/v2\/product"}],"about":[{"href":"https:\/\/roveyayinevi.com.tr\/index.php\/wp-json\/wp\/v2\/types\/product"}],"wp:attachment":[{"href":"https:\/\/roveyayinevi.com.tr\/index.php\/wp-json\/wp\/v2\/media?parent=760062"}],"wp:term":[{"taxonomy":"product_brand","embeddable":true,"href":"https:\/\/roveyayinevi.com.tr\/index.php\/wp-json\/wp\/v2\/product_brand?post=760062"},{"taxonomy":"product_cat","embeddable":true,"href":"https:\/\/roveyayinevi.com.tr\/index.php\/wp-json\/wp\/v2\/product_cat?post=760062"},{"taxonomy":"product_tag","embeddable":true,"href":"https:\/\/roveyayinevi.com.tr\/index.php\/wp-json\/wp\/v2\/product_tag?post=760062"}],"curies":[{"name":"wp","href":"https:\/\/api.w.org\/{rel}","templated":true}]}}