{"id":760060,"date":"2025-08-28T08:53:55","date_gmt":"2025-08-28T05:53:55","guid":{"rendered":"https:\/\/roveyayinevi.com.tr\/index.php\/urun\/kutup-yazi\/"},"modified":"2026-04-16T03:13:01","modified_gmt":"2026-04-16T00:13:01","slug":"kutup-yazi","status":"publish","type":"product","link":"https:\/\/roveyayinevi.com.tr\/index.php\/urun\/kutup-yazi\/","title":{"rendered":"Kutup Yaz\u0131"},"content":{"rendered":"<p>Hasan Fehmi Nemli \u00e7evirisi,Necdet D\u00fcmelli\u2019nin \u00f6ns\u00f6z\u00fc,Yazar ve d\u00f6nem kronolojisi,Kitaba dair g\u00f6rsellerle.Kutup Yaz\u0131 20. y\u00fczy\u0131l\u0131n ilk y\u0131llar\u0131nda d\u00fcnyaya farkl\u0131 a\u00e7\u0131lardan bakan iki karakterin \u00e7eli\u015fkilerle dolu hayat\u0131na odaklan\u0131yor.E\u015fi ve kay\u0131nvalidesiyle \u0130talya\u2019ya gitmek \u00fczere yola \u00e7\u0131kan Martin, yolculu\u011fun ba\u015f\u0131nda b\u00fcy\u00fck bir \u00f6l\u00fcm tehlikesi atlat\u0131r: Basel Gar\u0131\u2019nda, demiryolunun kenar\u0131nda aya\u011f\u0131 kayar ve trenin alt\u0131nda kalmaktan Clesant taraf\u0131ndan kurtar\u0131l\u0131r. Pek m\u00fchim olmayan bu kaza, birbirinin tam kar\u015f\u0131t\u0131 bu iki karakterin hayat\u0131n\u0131 derinden etkileyecek olaylar\u0131n ba\u015flang\u0131c\u0131 olur. O g\u00fcnlerin ard\u0131ndan yollar\u0131 ayr\u0131lan z\u0131t kutuplar \u0130ngiltere\u2019de tekrar bir araya gelecek ve bu kez yard\u0131ma ihtiya\u00e7 duyan taraf Clesant olacakt\u0131r. E.M. Forster bu tamamlanmam\u0131\u015f kitab\u0131nda dahi, m\u00fckemmel bi\u00e7imde birbirine ba\u011flad\u0131\u011f\u0131 fragmanlar\u0131yla ne kadar usta bir yazar oldu\u011funu g\u00f6steriyor.\u201cForster tekrar tekrar okunabilen ve her okunu\u015funun ard\u0131ndan, roman okumaya ba\u015flad\u0131\u011f\u0131m\u0131z ilk g\u00fcnleri saymazsak, bize \u00e7ok az yazar\u0131n verebilece\u011fi bir \u015feyi, bir \u015feyler \u00f6\u011frenme hissini veren bir romanc\u0131d\u0131r.\u201dLIONEL TRILLING<\/p>\n","protected":false},"excerpt":{"rendered":"<p>Hasan Fehmi Nemli \u00e7evirisi,Necdet D\u00fcmelli\u2019nin \u00f6ns\u00f6z\u00fc,Yazar ve d\u00f6nem kronolojisi,Kitaba dair g\u00f6rsellerle.Kutup Yaz\u0131 20. y\u00fczy\u0131l\u0131n ilk y\u0131llar\u0131nda d\u00fcnyaya farkl\u0131 a\u00e7\u0131lardan bakan iki karakterin \u00e7eli\u015fkilerle dolu hayat\u0131na odaklan\u0131yor.E\u015fi<span class=\"excerpt-hellip\"> [\u2026]<\/span><\/p>\n","protected":false},"featured_media":0,"template":"","meta":{"_monsterinsights_skip_tracking":false,"_monsterinsights_sitenote_active":false,"_monsterinsights_sitenote_note":"","_monsterinsights_sitenote_category":0},"product_brand":[],"product_cat":[12291,12711],"product_tag":[],"class_list":{"0":"post-760060","1":"product","2":"type-product","3":"status-publish","5":"product_cat-edebiyat","6":"product_cat-roman-oyku","7":"pa_cilt-ciltsiz","8":"pa_tur-kitap","9":"pa_yayinevi-iletisim-yayinlari","10":"pa_yazar-e-m-forster","12":"first","13":"instock","14":"sale","15":"shipping-taxable","16":"purchasable","17":"product-type-simple"},"_links":{"self":[{"href":"https:\/\/roveyayinevi.com.tr\/index.php\/wp-json\/wp\/v2\/product\/760060","targetHints":{"allow":["GET"]}}],"collection":[{"href":"https:\/\/roveyayinevi.com.tr\/index.php\/wp-json\/wp\/v2\/product"}],"about":[{"href":"https:\/\/roveyayinevi.com.tr\/index.php\/wp-json\/wp\/v2\/types\/product"}],"wp:attachment":[{"href":"https:\/\/roveyayinevi.com.tr\/index.php\/wp-json\/wp\/v2\/media?parent=760060"}],"wp:term":[{"taxonomy":"product_brand","embeddable":true,"href":"https:\/\/roveyayinevi.com.tr\/index.php\/wp-json\/wp\/v2\/product_brand?post=760060"},{"taxonomy":"product_cat","embeddable":true,"href":"https:\/\/roveyayinevi.com.tr\/index.php\/wp-json\/wp\/v2\/product_cat?post=760060"},{"taxonomy":"product_tag","embeddable":true,"href":"https:\/\/roveyayinevi.com.tr\/index.php\/wp-json\/wp\/v2\/product_tag?post=760060"}],"curies":[{"name":"wp","href":"https:\/\/api.w.org\/{rel}","templated":true}]}}