{"id":760059,"date":"2025-08-28T08:53:53","date_gmt":"2025-08-28T05:53:53","guid":{"rendered":"https:\/\/roveyayinevi.com.tr\/index.php\/urun\/kahraman-doktor-ihtiyar-acuzeye-karsi\/"},"modified":"2026-04-16T03:13:01","modified_gmt":"2026-04-16T00:13:01","slug":"kahraman-doktor-ihtiyar-acuzeye-karsi","status":"publish","type":"product","link":"https:\/\/roveyayinevi.com.tr\/index.php\/urun\/kahraman-doktor-ihtiyar-acuzeye-karsi\/","title":{"rendered":"Kahraman Doktor \u0130htiyar Acuzeye Kar\u015f\u0131"},"content":{"rendered":"<p>On dokuzuncu y\u00fczy\u0131l tarih\u00e7ili\u011fi nitelik ve nicelik a\u00e7\u0131s\u0131ndan son derece geli\u015fmi\u015f olmakla birlikte bu d\u00f6nemin, kad\u0131nlar ve toplumsal cinsiyet a\u00e7\u0131s\u0131ndan h\u00e2l\u00e2 ara\u015ft\u0131r\u0131l\u0131p tart\u0131\u015f\u0131lacak pek \u00e7ok y\u00f6n\u00fc var. Ge\u00e7 on dokuzuncu y\u00fczy\u0131l, politik bir alan olarak kad\u0131n bedeni s\u00f6z konusu oldu\u011funda nas\u0131l bir bak\u0131\u015f a\u00e7\u0131s\u0131yla okunabilir? Kahraman Doktor \u0130htiyar Acuzeye Kar\u015f\u0131, d\u00f6nemin, toplumsal cinsiyet hiyerar\u015fileri a\u00e7\u0131s\u0131ndan yeniden okunmas\u0131 i\u00e7in bir arac\u0131 niteli\u011fi ta\u015f\u0131yor. G\u00fclhan Erkaya Balsoy, bu \u00e7al\u0131\u015fmada feminizm ve toplumsal cinsiyet \u00e7al\u0131\u015fmalar\u0131n\u0131n kavram da\u011farc\u0131\u011f\u0131ndan ve analitik yakla\u015f\u0131m\u0131ndan hareketle, Osmanl\u0131 do\u011fum politikalar\u0131n\u0131 \u00fc\u00e7 ana damar \u00fczerinden inceliyor: do\u011fumun t\u0131bbile\u015ftirilerek ebeli\u011fin profesyonelle\u015fmesi; k\u00fcrtaj\u0131n yasaklanmas\u0131 ve hamileli\u011fin t\u0131bbile\u015ftirilip kad\u0131n bedeninin disipline edilmesi. Bu do\u011frultuda yazar, ebelik mesle\u011finin d\u00f6n\u00fc\u015f\u00fcm\u00fc, k\u00fcrtaj\u0131n yasaklanmas\u0131, do\u011fum pratiklerindeki de\u011fi\u015fim, hamilelik ve k\u0131s\u0131rl\u0131k konular\u0131n\u0131 ele al\u0131rken Osmanl\u0131 do\u011fum politikalar\u0131n\u0131n t\u0131bbi, yasal ve s\u00f6ylemsel d\u00fczeylerde ne \u015fekilde kurguland\u0131\u011f\u0131n\u0131 inceliyor. Bu bak\u0131mdan eser, t\u0131p tarihi ile n\u00fcfus politikalar\u0131 tarihinin kesi\u015fti\u011fi bir alana denk d\u00fc\u015ferken daha geni\u015f anlamda ge\u00e7 Osmanl\u0131 toplumsal cinsiyet tarihine \u0131\u015f\u0131k tutuyor. Kahraman Doktor \u0130htiyar Acuzeye Kar\u015f\u0131, \u00f6zel alan\u0131n politik oldu\u011funu ge\u00e7 on dokuzuncu y\u00fczy\u0131l Osmanl\u0131 toplumu \u00fczerinden bir kez daha g\u00f6zler \u00f6n\u00fcne seriyor.   <\/p>\n","protected":false},"excerpt":{"rendered":"<p>On dokuzuncu y\u00fczy\u0131l tarih\u00e7ili\u011fi nitelik ve nicelik a\u00e7\u0131s\u0131ndan son derece geli\u015fmi\u015f olmakla birlikte bu d\u00f6nemin, kad\u0131nlar ve toplumsal cinsiyet a\u00e7\u0131s\u0131ndan h\u00e2l\u00e2 ara\u015ft\u0131r\u0131l\u0131p tart\u0131\u015f\u0131lacak pek \u00e7ok y\u00f6n\u00fc<span class=\"excerpt-hellip\"> [\u2026]<\/span><\/p>\n","protected":false},"featured_media":0,"template":"","meta":{"_monsterinsights_skip_tracking":false,"_monsterinsights_sitenote_active":false,"_monsterinsights_sitenote_note":"","_monsterinsights_sitenote_category":0},"product_brand":[],"product_cat":[12370,12304],"product_tag":[],"class_list":{"0":"post-760059","1":"product","2":"type-product","3":"status-publish","5":"product_cat-arastirma-inceleme","6":"product_cat-tarih","7":"pa_cilt-ciltsiz","8":"pa_tur-kitap","9":"pa_yayinevi-istanbul-bilgi-universitesi-yayinlari","10":"pa_yazar-gulhan-erkaya-balsoy","12":"first","13":"instock","14":"sale","15":"shipping-taxable","16":"purchasable","17":"product-type-simple"},"_links":{"self":[{"href":"https:\/\/roveyayinevi.com.tr\/index.php\/wp-json\/wp\/v2\/product\/760059","targetHints":{"allow":["GET"]}}],"collection":[{"href":"https:\/\/roveyayinevi.com.tr\/index.php\/wp-json\/wp\/v2\/product"}],"about":[{"href":"https:\/\/roveyayinevi.com.tr\/index.php\/wp-json\/wp\/v2\/types\/product"}],"wp:attachment":[{"href":"https:\/\/roveyayinevi.com.tr\/index.php\/wp-json\/wp\/v2\/media?parent=760059"}],"wp:term":[{"taxonomy":"product_brand","embeddable":true,"href":"https:\/\/roveyayinevi.com.tr\/index.php\/wp-json\/wp\/v2\/product_brand?post=760059"},{"taxonomy":"product_cat","embeddable":true,"href":"https:\/\/roveyayinevi.com.tr\/index.php\/wp-json\/wp\/v2\/product_cat?post=760059"},{"taxonomy":"product_tag","embeddable":true,"href":"https:\/\/roveyayinevi.com.tr\/index.php\/wp-json\/wp\/v2\/product_tag?post=760059"}],"curies":[{"name":"wp","href":"https:\/\/api.w.org\/{rel}","templated":true}]}}