{"id":760057,"date":"2025-08-28T08:53:50","date_gmt":"2025-08-28T05:53:50","guid":{"rendered":"https:\/\/roveyayinevi.com.tr\/index.php\/urun\/notre-damein-kamburu-cocuk-klasikleri-kisaltilmis-metin\/"},"modified":"2026-04-16T03:13:01","modified_gmt":"2026-04-16T00:13:01","slug":"notre-damein-kamburu-cocuk-klasikleri-kisaltilmis-metin","status":"publish","type":"product","link":"https:\/\/roveyayinevi.com.tr\/index.php\/urun\/notre-damein-kamburu-cocuk-klasikleri-kisaltilmis-metin\/","title":{"rendered":"Notre-Dame&#8217;\u0131n Kamburu &#8211; \u00c7ocuk Klasikleri K\u0131salt\u0131lm\u0131\u015f Metin"},"content":{"rendered":"<p>Notre-Dame\u2019\u0131n Kamburu, dans\u00e7\u0131 Esmeralda, katedral \u00e7anlar\u0131n\u0131n koruyucusu Quasimodo ve Prens Phoebus aras\u0131ndaki karma\u015f\u0131k ili\u015fkileri merkezine al\u0131yor. Notre-Dame Katedrali, bu karakterlerin hayatlar\u0131n\u0131 ve Paris\u2019in sokaklar\u0131n\u0131 birle\u015ftiren bir arka plan rol\u00fc oynuyor. Bu b\u00fcy\u00fcl\u00fc \u015fehir ve katedral, gizli duygular\u0131 ve yollar\u0131 ayd\u0131nlat\u0131rken ayn\u0131 zamanda karanl\u0131k s\u0131rlar\u0131n sakland\u0131\u011f\u0131 bir yer haline geliyor.  Victor Hugo, klasik eseri Notre-Dame\u2019\u0131n Kamburu\u2019nda, karakterlerin s\u0131rlarla dolu ya\u015famlar\u0131n\u0131 ve Paris\u2019in b\u00fcy\u00fcl\u00fc atmosferini bir araya getiriyor. <\/p>\n","protected":false},"excerpt":{"rendered":"<p>Notre-Dame\u2019\u0131n Kamburu, dans\u00e7\u0131 Esmeralda, katedral \u00e7anlar\u0131n\u0131n koruyucusu Quasimodo ve Prens Phoebus aras\u0131ndaki karma\u015f\u0131k ili\u015fkileri merkezine al\u0131yor. Notre-Dame Katedrali, bu karakterlerin hayatlar\u0131n\u0131 ve Paris\u2019in sokaklar\u0131n\u0131 birle\u015ftiren bir<span class=\"excerpt-hellip\"> [\u2026]<\/span><\/p>\n","protected":false},"featured_media":0,"template":"","meta":{"_monsterinsights_skip_tracking":false,"_monsterinsights_sitenote_active":false,"_monsterinsights_sitenote_note":"","_monsterinsights_sitenote_category":0},"product_brand":[],"product_cat":[12274,12467],"product_tag":[],"class_list":{"0":"post-760057","1":"product","2":"type-product","3":"status-publish","5":"product_cat-cocuk-ve-genclik-kitaplari","6":"product_cat-dunya-klasikleri","7":"pa_cilt-ciltsiz","8":"pa_tur-kitap","9":"pa_yayinevi-mundi","10":"pa_yazar-victor-hugo","12":"first","13":"instock","14":"sale","15":"shipping-taxable","16":"purchasable","17":"product-type-simple"},"_links":{"self":[{"href":"https:\/\/roveyayinevi.com.tr\/index.php\/wp-json\/wp\/v2\/product\/760057","targetHints":{"allow":["GET"]}}],"collection":[{"href":"https:\/\/roveyayinevi.com.tr\/index.php\/wp-json\/wp\/v2\/product"}],"about":[{"href":"https:\/\/roveyayinevi.com.tr\/index.php\/wp-json\/wp\/v2\/types\/product"}],"wp:attachment":[{"href":"https:\/\/roveyayinevi.com.tr\/index.php\/wp-json\/wp\/v2\/media?parent=760057"}],"wp:term":[{"taxonomy":"product_brand","embeddable":true,"href":"https:\/\/roveyayinevi.com.tr\/index.php\/wp-json\/wp\/v2\/product_brand?post=760057"},{"taxonomy":"product_cat","embeddable":true,"href":"https:\/\/roveyayinevi.com.tr\/index.php\/wp-json\/wp\/v2\/product_cat?post=760057"},{"taxonomy":"product_tag","embeddable":true,"href":"https:\/\/roveyayinevi.com.tr\/index.php\/wp-json\/wp\/v2\/product_tag?post=760057"}],"curies":[{"name":"wp","href":"https:\/\/api.w.org\/{rel}","templated":true}]}}