{"id":760056,"date":"2025-08-28T08:53:48","date_gmt":"2025-08-28T05:53:48","guid":{"rendered":"https:\/\/roveyayinevi.com.tr\/index.php\/urun\/ecinniler-3\/"},"modified":"2026-04-13T03:20:49","modified_gmt":"2026-04-13T00:20:49","slug":"ecinniler-3","status":"publish","type":"product","link":"https:\/\/roveyayinevi.com.tr\/index.php\/urun\/ecinniler-3\/","title":{"rendered":"Ecinniler"},"content":{"rendered":"<p>Elif Batuman, Amerika\u2019da \u201c2010\u2019un En \u0130yi Kitaplar\u0131\u201d listelerinde yer alan ilk kitab\u0131 Ecinniler\u2019de, \u00f6zya\u015fam\u00f6yk\u00fcs\u00fc, gezi g\u00fcnl\u00fc\u011f\u00fc, deneme, ele\u015ftiri ve inceleme bi\u00e7imlerini incelikle i\u00e7 i\u00e7e ge\u00e7irerek sadece entelekt\u00fcel birikimini de\u011fil, ayn\u0131 zamanda \u201cRus edebiyat\u0131 ve okurlar\u0131yla maceralar\u201d\u0131n\u0131 aktar\u0131yor.   Yeri geliyor Tolstoy\u2019un atalar\u0131n\u0131n malik\u00e2nesindeki olas\u0131 bir cinayeti ara\u015ft\u0131rmas\u0131n\u0131 izliyoruz, yeri geliyor Stanford, \u0130svi\u00e7re ve St. Petersburg\u2019a do\u011fru yol al\u0131yor, Pu\u015fkin\u2019in Kafkasya\u2019daki gezintilerinin izini s\u00fcr\u00fcyor; Eski \u00d6zbek\u00e7ede neden a\u011flamak fiili i\u00e7in y\u00fczlerce farkl\u0131 kelime bulundu\u011funu \u00f6\u011freniyor ya da Neva Nehri\u2019nin \u00fczerine in\u015fa edilen 18. y\u00fczy\u0131ldan kalma bir buz saray\u0131n\u0131 g\u00f6r\u00fcyoruz.   A\u015fk ve roman, tarihte birey, y\u00fcksek lisans \u00f6\u011frencisinin varolu\u015fsal krizleri: Hepsi Ecinniler\u2019de yerini buluyor. Pu\u015fkin\u2019den Platonov\u2019a kadar en sevdi\u011fi yazarlar\u0131n izinden giden Batuman, b\u00fcy\u00fck edebiyat\u00e7\u0131lar\u0131n eserlerinden yapt\u0131\u011f\u0131 okumalar\u0131 onlar\u0131n hayatlar\u0131n\u0131n h\u00fcz\u00fcnl\u00fc ve komik hik\u00e2yeleriyle ustaca birle\u015ftirerek hayata dair m\u00fchim sorular\u0131n yan\u0131tlar\u0131n\u0131 ar\u0131yor.     \u201cEcinniler, Rus edebiyat\u0131 ya da y\u00fcksek lisans \u00fczerine yaz\u0131lm\u0131\u015f en komik kitap olabilir. Sayfalar\u0131 bir bir okurken bazen \u00f6yle e\u011fleniyorsunuz ki Batuman\u2019\u0131n do\u011fal kalemi ve zek\u00e2s\u0131na imrenmeyi bile unutuyorsunuz. Ku\u015fa\u011f\u0131n\u0131n en iyi yazarlar\u0131ndan biri oldu\u011funu belirtmeye gerek bile yok.\u201d Benjamin Kunkel <\/p>\n","protected":false},"excerpt":{"rendered":"<p>Elif Batuman, Amerika\u2019da \u201c2010\u2019un En \u0130yi Kitaplar\u0131\u201d listelerinde yer alan ilk kitab\u0131 Ecinniler\u2019de, \u00f6zya\u015fam\u00f6yk\u00fcs\u00fc, gezi g\u00fcnl\u00fc\u011f\u00fc, deneme, ele\u015ftiri ve inceleme bi\u00e7imlerini incelikle i\u00e7 i\u00e7e ge\u00e7irerek sadece<span class=\"excerpt-hellip\"> [\u2026]<\/span><\/p>\n","protected":false},"featured_media":0,"template":"","meta":{"_monsterinsights_skip_tracking":false,"_monsterinsights_sitenote_active":false,"_monsterinsights_sitenote_note":"","_monsterinsights_sitenote_category":0},"product_brand":[],"product_cat":[12291,12711],"product_tag":[],"class_list":{"0":"post-760056","1":"product","2":"type-product","3":"status-publish","5":"product_cat-edebiyat","6":"product_cat-roman-oyku","7":"pa_cilt-ciltsiz","8":"pa_tur-kitap","9":"pa_yayinevi-can-yayinlari","10":"pa_yazar-elif-batuman","12":"first","13":"instock","14":"sale","15":"shipping-taxable","16":"purchasable","17":"product-type-simple"},"_links":{"self":[{"href":"https:\/\/roveyayinevi.com.tr\/index.php\/wp-json\/wp\/v2\/product\/760056","targetHints":{"allow":["GET"]}}],"collection":[{"href":"https:\/\/roveyayinevi.com.tr\/index.php\/wp-json\/wp\/v2\/product"}],"about":[{"href":"https:\/\/roveyayinevi.com.tr\/index.php\/wp-json\/wp\/v2\/types\/product"}],"wp:attachment":[{"href":"https:\/\/roveyayinevi.com.tr\/index.php\/wp-json\/wp\/v2\/media?parent=760056"}],"wp:term":[{"taxonomy":"product_brand","embeddable":true,"href":"https:\/\/roveyayinevi.com.tr\/index.php\/wp-json\/wp\/v2\/product_brand?post=760056"},{"taxonomy":"product_cat","embeddable":true,"href":"https:\/\/roveyayinevi.com.tr\/index.php\/wp-json\/wp\/v2\/product_cat?post=760056"},{"taxonomy":"product_tag","embeddable":true,"href":"https:\/\/roveyayinevi.com.tr\/index.php\/wp-json\/wp\/v2\/product_tag?post=760056"}],"curies":[{"name":"wp","href":"https:\/\/api.w.org\/{rel}","templated":true}]}}