{"id":760055,"date":"2025-08-28T08:53:45","date_gmt":"2025-08-28T05:53:45","guid":{"rendered":"https:\/\/roveyayinevi.com.tr\/index.php\/urun\/erkeksiz-kadinlar-2\/"},"modified":"2026-04-16T03:13:01","modified_gmt":"2026-04-16T00:13:01","slug":"erkeksiz-kadinlar-2","status":"publish","type":"product","link":"https:\/\/roveyayinevi.com.tr\/index.php\/urun\/erkeksiz-kadinlar-2\/","title":{"rendered":"Erkeksiz Kad\u0131nlar"},"content":{"rendered":"<p>Tahran\u2019\u0131n eteklerindeki yemye\u015fil bir bah\u00e7ede birlikte ya\u015famak i\u00e7in farkl\u0131 hayatlardan gelen; aralar\u0131nda orta ya\u015fl\u0131 varl\u0131kl\u0131 bir ev kad\u0131n\u0131, bir fahi\u015fe ve bir \u00f6\u011fretmenin de bulundu\u011fu be\u015f kad\u0131n ve i\u00e7 i\u00e7e ge\u00e7en kaderleri\u2026   Kad\u0131n \u00f6zg\u00fcrl\u00fc\u011f\u00fcn\u00fc tasvir etti\u011fi i\u00e7in \u0130ran\u2019da yay\u0131mland\u0131ktan k\u0131sa bir s\u00fcre sonra yasaklanan Erkeksiz Kad\u0131nlar, \u00e7a\u011fda\u015f \u0130ran\u2019daki ya\u015fam\u0131n g\u00fc\u00e7l\u00fc bir alegorisi. Yak\u0131n \u0130ran tarihinden izler ta\u015f\u0131yan bu unutulmaz roman okurlar\u0131 toplumsal cinsiyet, ahlak, \u00f6l\u00fcml\u00fcl\u00fck, \u015fiddet ve ili\u015fkiler \u00fczerine d\u00fc\u015f\u00fcnmeye davet ederek aile ve toplumun dar s\u0131n\u0131rlar\u0131ndan ka\u00e7an kad\u0131nlar\u0131 betimliyor ve erkeklerin olmad\u0131\u011f\u0131 bir d\u00fcnyada ya\u015fayacaklar\u0131 bir gelecek hayal ediyor.     \u201cParsipur cesur, yetenekli bir kad\u0131n ve hepsinden \u00f6nemlisi b\u00fcy\u00fck bir yazar.\u201d Marjane Satrapi   \u201cParsipur, bu b\u00fcy\u00fcleyici, g\u00fc\u00e7l\u00fc k\u0131sa romanda hem fabl hem de tart\u0131\u015fma tekniklerini kullanarak geleneksel \u0130ran cinsiyet ili\u015fkilerine kar\u015f\u0131 protestosunu s\u00fcrd\u00fcr\u00fcyor.\u201d Publishers Weekly <\/p>\n","protected":false},"excerpt":{"rendered":"<p>Tahran\u2019\u0131n eteklerindeki yemye\u015fil bir bah\u00e7ede birlikte ya\u015famak i\u00e7in farkl\u0131 hayatlardan gelen; aralar\u0131nda orta ya\u015fl\u0131 varl\u0131kl\u0131 bir ev kad\u0131n\u0131, bir fahi\u015fe ve bir \u00f6\u011fretmenin de bulundu\u011fu be\u015f<span class=\"excerpt-hellip\"> [\u2026]<\/span><\/p>\n","protected":false},"featured_media":0,"template":"","meta":{"_monsterinsights_skip_tracking":false,"_monsterinsights_sitenote_active":false,"_monsterinsights_sitenote_note":"","_monsterinsights_sitenote_category":0},"product_brand":[],"product_cat":[12291,12711],"product_tag":[],"class_list":{"0":"post-760055","1":"product","2":"type-product","3":"status-publish","5":"product_cat-edebiyat","6":"product_cat-roman-oyku","7":"pa_cilt-ciltsiz","8":"pa_tur-kitap","9":"pa_yayinevi-can-yayinlari","10":"pa_yazar-shahrnush-parsipur","12":"first","13":"instock","14":"sale","15":"shipping-taxable","16":"purchasable","17":"product-type-simple"},"_links":{"self":[{"href":"https:\/\/roveyayinevi.com.tr\/index.php\/wp-json\/wp\/v2\/product\/760055","targetHints":{"allow":["GET"]}}],"collection":[{"href":"https:\/\/roveyayinevi.com.tr\/index.php\/wp-json\/wp\/v2\/product"}],"about":[{"href":"https:\/\/roveyayinevi.com.tr\/index.php\/wp-json\/wp\/v2\/types\/product"}],"wp:attachment":[{"href":"https:\/\/roveyayinevi.com.tr\/index.php\/wp-json\/wp\/v2\/media?parent=760055"}],"wp:term":[{"taxonomy":"product_brand","embeddable":true,"href":"https:\/\/roveyayinevi.com.tr\/index.php\/wp-json\/wp\/v2\/product_brand?post=760055"},{"taxonomy":"product_cat","embeddable":true,"href":"https:\/\/roveyayinevi.com.tr\/index.php\/wp-json\/wp\/v2\/product_cat?post=760055"},{"taxonomy":"product_tag","embeddable":true,"href":"https:\/\/roveyayinevi.com.tr\/index.php\/wp-json\/wp\/v2\/product_tag?post=760055"}],"curies":[{"name":"wp","href":"https:\/\/api.w.org\/{rel}","templated":true}]}}