{"id":760051,"date":"2025-08-28T08:53:37","date_gmt":"2025-08-28T05:53:37","guid":{"rendered":"https:\/\/roveyayinevi.com.tr\/index.php\/urun\/akademi-icin-bir-rapor\/"},"modified":"2026-04-16T03:13:01","modified_gmt":"2026-04-16T00:13:01","slug":"akademi-icin-bir-rapor","status":"publish","type":"product","link":"https:\/\/roveyayinevi.com.tr\/index.php\/urun\/akademi-icin-bir-rapor\/","title":{"rendered":"Akademi \u0130\u00e7in Bir Rapor"},"content":{"rendered":"<p>\u00d6zg\u00fcrle\u015fmenin yolu ille de insanla\u015fmadan m\u0131 ge\u00e7iyor?\u00c7ok y\u00f6nl\u00fc Frans\u0131z sanat\u00e7\u0131 Mahi Grand&#8217;\u0131n elinden \u00e7\u0131kan Akademi \u0130\u00e7in Bir Rapor, etkileyici \u00e7izimleri ve g\u00f6z al\u0131c\u0131 renklendirmesiyle okurun zihninde \u015fim\u015fekler \u00e7akt\u0131ran bir ba\u015fkala\u015f\u0131m hik\u00e2yesi. Franz Kafka&#8217;n\u0131n pek bilinmeyen bir \u00f6yk\u00fcs\u00fcnden uyarlanan bu \u00e7arp\u0131c\u0131 grafik roman, eskiden maymun olan bir adam\u0131n an\u0131 k\u0131r\u0131nt\u0131lar\u0131n\u0131 takip ederek insanl\u0131k yolunda att\u0131\u011f\u0131 \u00fcrkek ad\u0131mlar\u0131 cesur \u00e7izgilerle bulu\u015fturuyor. \u0130nsan\u0131n ger\u00e7ekten isteyince, hele de \u00e7\u0131k\u0131\u015f yolu bulmas\u0131 buna ba\u011fl\u0131 olunca, nas\u0131l kolay \u00f6\u011frenebildi\u011fini g\u00f6steren kitap; ba\u015fkalar\u0131n\u0131n boyunduru\u011fu alt\u0131na girmenin ka\u00e7\u0131n\u0131lmaz sonu\u00e7lar\u0131 \u00fcst\u00fcne ince ince d\u00fc\u015f\u00fcnd\u00fcr\u00fcyor.Be\u015f sene, takvim a\u00e7\u0131s\u0131ndan bak\u0131ld\u0131\u011f\u0131nda o kadar da uzun bir s\u00fcre gibi g\u00f6r\u00fcnmeyebilir; ancak s\u00f6z konusu s\u00fcre bir maymun i\u00e7in d\u00fc\u015f\u00fcn\u00fcld\u00fc\u011f\u00fcnde, zaman \u00e7arklar\u0131n\u0131n tersine i\u015fledi\u011fi apa\u00e7\u0131k ortada!Bug\u00fcn art\u0131k o eski maymun ger\u00e7ekli\u011fime d\u00f6nemesem de en az\u0131ndan tasvirimin ona uygun oldu\u011funa \u015f\u00fcphe yok.\u00c7ok de\u011fil, hen\u00fcz be\u015f y\u0131l \u00f6ncesine kadar maymun olan bir \u201cadam\u201d, ya\u015fad\u0131\u011f\u0131 muhte\u015fem evrimi raporlamak \u00fczere Bilimler Akademisi&#8217;ne davet edilir. Afrika&#8217;da yakalan\u0131p ka\u00e7\u0131r\u0131lan maymun-adam, ba\u015f d\u00f6nd\u00fcr\u00fcc\u00fc bir \u00e7aba harcayarak bir insan\u0131n ortalama k\u00fclt\u00fcr d\u00fczeyine eri\u015fmeyi ba\u015farm\u0131\u015ft\u0131r! Anlatt\u0131klar\u0131na g\u00f6re insanlar\u0131n d\u00fcnyas\u0131na girebilmek ve orada kendisini kabul ettirebilmek i\u00e7in ola\u011fan\u00fcst\u00fc bir m\u00fccadele vermi\u015ftir. Peki ama ne pahas\u0131na? Ge\u00e7mi\u015finden vazge\u00e7mek ona \u00f6zg\u00fcr bir gelecek mi vadetmi\u015ftir, yoksa konforlu bir ya\u015fam\u0131n kap\u0131lar\u0131n\u0131 m\u0131 aralam\u0131\u015ft\u0131r? Hele ki, c\u00fczdan kal\u0131nl\u0131\u011f\u0131n\u0131n her kap\u0131y\u0131 a\u00e7t\u0131\u011f\u0131 bir d\u00fcnya d\u00fczeninde beyhude say\u0131labilecek b\u00f6ylesine bir \u00e7abaya ne sebep olmu\u015ftur? \u0130nsanlar\u0131n zulm\u00fcnden korunmak i\u00e7in \u00e7\u0131k\u0131\u015f yolunu ilkel benli\u011finden tamamen s\u0131yr\u0131l\u0131p uygar d\u00fcnyan\u0131n bir par\u00e7as\u0131 olmakta arayan bir maymunun muhte\u015fem de\u011fi\u015fim ve d\u00f6n\u00fc\u015f\u00fcm\u00fcne tan\u0131kl\u0131k ettiren bu sars\u0131c\u0131 kitap, \u201cmanzaran\u0131n i\u00e7inde eriyip kaybolman\u0131n\u201d dayan\u0131lmaz \u00e7ekicili\u011fi hakk\u0131nda nokta at\u0131\u015f\u0131 tespitlerde bulunuyor.  Okurlar\u0131 zaferle sonu\u00e7lanan insan\u00fcst\u00fc bir insanl\u0131k giri\u015fiminin kodlar\u0131n\u0131 \u00e7\u00f6zmeye davet eden Akademi \u0130\u00e7in Bir Rapor, vah\u015fi bir hayvan\u0131 ehlile\u015ftirme fikrinin ard\u0131nda yatan duygular\u0131 bilin\u00e7alt\u0131n\u0131n dehlizlerine dalarak ke\u015ffetmeye \u00e7a\u011f\u0131r\u0131yor.Hi\u00e7bir insanl\u0131k e\u011fitmeni yery\u00fcz\u00fcnde benden daha ilgili bir \u00f6\u011frenci bulamazd\u0131.<\/p>\n","protected":false},"excerpt":{"rendered":"<p>\u00d6zg\u00fcrle\u015fmenin yolu ille de insanla\u015fmadan m\u0131 ge\u00e7iyor?\u00c7ok y\u00f6nl\u00fc Frans\u0131z sanat\u00e7\u0131 Mahi Grand&#8217;\u0131n elinden \u00e7\u0131kan Akademi \u0130\u00e7in Bir Rapor, etkileyici \u00e7izimleri ve g\u00f6z al\u0131c\u0131 renklendirmesiyle okurun zihninde<span class=\"excerpt-hellip\"> [\u2026]<\/span><\/p>\n","protected":false},"featured_media":0,"template":"","meta":{"_monsterinsights_skip_tracking":false,"_monsterinsights_sitenote_active":false,"_monsterinsights_sitenote_note":"","_monsterinsights_sitenote_category":0},"product_brand":[],"product_cat":[12416,12291],"product_tag":[],"class_list":{"0":"post-760051","1":"product","2":"type-product","3":"status-publish","5":"product_cat-cizgi-roman","6":"product_cat-edebiyat","7":"pa_cilt-ciltsiz","8":"pa_tur-kitap","9":"pa_yayinevi-desen-yayinlari","10":"pa_yazar-mahi-grand","12":"first","13":"instock","14":"sale","15":"shipping-taxable","16":"purchasable","17":"product-type-simple"},"_links":{"self":[{"href":"https:\/\/roveyayinevi.com.tr\/index.php\/wp-json\/wp\/v2\/product\/760051","targetHints":{"allow":["GET"]}}],"collection":[{"href":"https:\/\/roveyayinevi.com.tr\/index.php\/wp-json\/wp\/v2\/product"}],"about":[{"href":"https:\/\/roveyayinevi.com.tr\/index.php\/wp-json\/wp\/v2\/types\/product"}],"wp:attachment":[{"href":"https:\/\/roveyayinevi.com.tr\/index.php\/wp-json\/wp\/v2\/media?parent=760051"}],"wp:term":[{"taxonomy":"product_brand","embeddable":true,"href":"https:\/\/roveyayinevi.com.tr\/index.php\/wp-json\/wp\/v2\/product_brand?post=760051"},{"taxonomy":"product_cat","embeddable":true,"href":"https:\/\/roveyayinevi.com.tr\/index.php\/wp-json\/wp\/v2\/product_cat?post=760051"},{"taxonomy":"product_tag","embeddable":true,"href":"https:\/\/roveyayinevi.com.tr\/index.php\/wp-json\/wp\/v2\/product_tag?post=760051"}],"curies":[{"name":"wp","href":"https:\/\/api.w.org\/{rel}","templated":true}]}}