{"id":760050,"date":"2025-08-28T08:53:36","date_gmt":"2025-08-28T05:53:36","guid":{"rendered":"https:\/\/roveyayinevi.com.tr\/index.php\/urun\/evlilikte-sinirlar\/"},"modified":"2026-04-03T03:17:12","modified_gmt":"2026-04-03T00:17:12","slug":"evlilikte-sinirlar","status":"publish","type":"product","link":"https:\/\/roveyayinevi.com.tr\/index.php\/urun\/evlilikte-sinirlar\/","title":{"rendered":"Evlilikte S\u0131n\u0131rlar"},"content":{"rendered":"<p>Evlilik iki farkl\u0131 hayat\u0131n birle\u015fmesidir, hem g\u00fczel hem de zorlu bir yolculuktur.   Yazarlar, bu yolculukta sa\u011fl\u0131kl\u0131 s\u0131n\u0131rlar koyman\u0131n sizi ve e\u015finizi bir birey olarak nas\u0131l tan\u0131mlad\u0131\u011f\u0131n\u0131 ve korudu\u011funu g\u00f6steriyor. Bunu ba\u015fard\u0131\u011f\u0131n\u0131zda, iyi bir evlili\u011fi daha iyi bir hale getirebilir ve hatta tatmin edici olmayan bir evlili\u011fi bile kurtarabilirsiniz.   Bu kitap size daha sa\u011fl\u0131kl\u0131 bir evlilik i\u00e7in ihtiyac\u0131n\u0131z olan \u015fu ara\u00e7lar\u0131 sunuyor: \u2022 Ba\u015far\u0131l\u0131 ve mutlu bir evlilik i\u00e7in ki\u015fisel s\u0131n\u0131rlar\u0131 belirlemek \u2022 Evlilikte \u00f6zg\u00fcrl\u00fc\u011f\u00fcn ve sorumlulu\u011fun yerini anlamak \u2022 Evlilikte de\u011ferleri olu\u015fturmak \u2022 Evlili\u011fi &#8220;davetsiz misafirlerden&#8221; korumak \u2022 S\u0131n\u0131rlar\u0131 anlamayan ve buna de\u011fer vermeyen bir e\u015fle bu meselenin \u00fcstesinden gelmek i\u00e7in \u00e7aba g\u00f6stermek   Bu kitab\u0131n rehberli\u011finde, evlili\u011finizde anla\u015fmazl\u0131klara neden olan sorunlar\u0131n fark\u0131na vararak bunlar\u0131 \u00e7\u00f6zecek ad\u0131mlar\u0131 atmaya ba\u015flayacaks\u0131n\u0131z. B\u00f6ylece birbirinizi daha fazla \u00f6nemseyecek, g\u00fc\u00e7lendirecek, birbirinize daha fazla sayg\u0131 duyacak ve \u00f6zledi\u011finiz yak\u0131nl\u0131\u011fa ula\u015facaks\u0131n\u0131z. En nihayetinde, s\u0131n\u0131rlar\u0131n\u0131z\u0131 koruyarak hayat\u0131n\u0131z\u0131 ve evlili\u011finizi nas\u0131l daha iyi bir hale getirebilece\u011finizi ke\u015ffedeceksiniz. <\/p>\n","protected":false},"excerpt":{"rendered":"<p>Evlilik iki farkl\u0131 hayat\u0131n birle\u015fmesidir, hem g\u00fczel hem de zorlu bir yolculuktur. Yazarlar, bu yolculukta sa\u011fl\u0131kl\u0131 s\u0131n\u0131rlar koyman\u0131n sizi ve e\u015finizi bir birey olarak nas\u0131l tan\u0131mlad\u0131\u011f\u0131n\u0131<span class=\"excerpt-hellip\"> [\u2026]<\/span><\/p>\n","protected":false},"featured_media":0,"template":"","meta":{"_monsterinsights_skip_tracking":false,"_monsterinsights_sitenote_active":false,"_monsterinsights_sitenote_note":"","_monsterinsights_sitenote_category":0},"product_brand":[],"product_cat":[12364,12376],"product_tag":[],"class_list":{"0":"post-760050","1":"product","2":"type-product","3":"status-publish","5":"product_cat-genel-konular","6":"product_cat-kisisel-gelisim","7":"pa_cilt-ciltsiz","8":"pa_tur-kitap","9":"pa_yayinevi-diyojen-yayincilik","10":"pa_yazar-henry-cloud-john-townsend","12":"first","13":"instock","14":"sale","15":"shipping-taxable","16":"purchasable","17":"product-type-simple"},"_links":{"self":[{"href":"https:\/\/roveyayinevi.com.tr\/index.php\/wp-json\/wp\/v2\/product\/760050","targetHints":{"allow":["GET"]}}],"collection":[{"href":"https:\/\/roveyayinevi.com.tr\/index.php\/wp-json\/wp\/v2\/product"}],"about":[{"href":"https:\/\/roveyayinevi.com.tr\/index.php\/wp-json\/wp\/v2\/types\/product"}],"wp:attachment":[{"href":"https:\/\/roveyayinevi.com.tr\/index.php\/wp-json\/wp\/v2\/media?parent=760050"}],"wp:term":[{"taxonomy":"product_brand","embeddable":true,"href":"https:\/\/roveyayinevi.com.tr\/index.php\/wp-json\/wp\/v2\/product_brand?post=760050"},{"taxonomy":"product_cat","embeddable":true,"href":"https:\/\/roveyayinevi.com.tr\/index.php\/wp-json\/wp\/v2\/product_cat?post=760050"},{"taxonomy":"product_tag","embeddable":true,"href":"https:\/\/roveyayinevi.com.tr\/index.php\/wp-json\/wp\/v2\/product_tag?post=760050"}],"curies":[{"name":"wp","href":"https:\/\/api.w.org\/{rel}","templated":true}]}}