{"id":760047,"date":"2025-08-28T08:53:30","date_gmt":"2025-08-28T05:53:30","guid":{"rendered":"https:\/\/roveyayinevi.com.tr\/index.php\/urun\/sirinler-ile-buyumek-1-korkak-sirin-karanliktan-korkuyor\/"},"modified":"2025-10-23T10:21:45","modified_gmt":"2025-10-23T07:21:45","slug":"sirinler-ile-buyumek-1-korkak-sirin-karanliktan-korkuyor","status":"publish","type":"product","link":"https:\/\/roveyayinevi.com.tr\/index.php\/urun\/sirinler-ile-buyumek-1-korkak-sirin-karanliktan-korkuyor\/","title":{"rendered":"\u015eirinler \u0130le B\u00fcy\u00fcmek &#8211; 1 Korkak \u015eirin Karanl\u0131ktan Korkuyor"},"content":{"rendered":"<p>Korkak \u015eirin uyuyam\u0131yor \u00e7\u00fcnk\u00fc karanl\u0131ktan korkuyor. \u00dcstelik t\u00fcm k\u00f6y\u00fcn uyumas\u0131na da engel oluyor! Bu soruna acilen bir \u00e7\u00f6z\u00fcm bulmak gerek! Neyse ki di\u011fer \u015eirinlerin akl\u0131na Korkak \u015eirin\u2019e yard\u0131mc\u0131 olacak parlak fikirler geliyor.   EL\u0130NDEKI K\u0130TAP KORKULARINLA Y\u00dcZLE\u015eMEN VE ONLARDAN KURTULMAN \u0130\u00c7\u0130N VAR!   \u00c7ocukluk d\u00f6nemi sorunlar\u0131 konusunda uzman psikolog ve psikanalist Diane Drory taraf\u0131ndan yaz\u0131lm\u0131\u015f ve \u00e7ocuklarla diyalog kurmaya yard\u0131mc\u0131, e\u011fitici bilgilerle&#8230;<\/p>\n","protected":false},"excerpt":{"rendered":"<p>Korkak \u015eirin uyuyam\u0131yor \u00e7\u00fcnk\u00fc karanl\u0131ktan korkuyor. \u00dcstelik t\u00fcm k\u00f6y\u00fcn uyumas\u0131na da engel oluyor! Bu soruna acilen bir \u00e7\u00f6z\u00fcm bulmak gerek! Neyse ki di\u011fer \u015eirinlerin akl\u0131na Korkak<span class=\"excerpt-hellip\"> [\u2026]<\/span><\/p>\n","protected":false},"featured_media":0,"template":"","meta":{"_monsterinsights_skip_tracking":false,"_monsterinsights_sitenote_active":false,"_monsterinsights_sitenote_note":"","_monsterinsights_sitenote_category":0},"product_brand":[],"product_cat":[12274,15842],"product_tag":[],"class_list":{"0":"post-760047","1":"product","2":"type-product","3":"status-publish","5":"product_cat-cocuk-ve-genclik-kitaplari","6":"product_cat-egitici-kitaplar","7":"pa_cilt-ciltsiz","8":"pa_tur-kitap","9":"pa_yayinevi-buyulu-fener-yayinlari","10":"pa_yazar-kolektif","12":"first","13":"instock","14":"sale","15":"shipping-taxable","16":"purchasable","17":"product-type-simple"},"_links":{"self":[{"href":"https:\/\/roveyayinevi.com.tr\/index.php\/wp-json\/wp\/v2\/product\/760047","targetHints":{"allow":["GET"]}}],"collection":[{"href":"https:\/\/roveyayinevi.com.tr\/index.php\/wp-json\/wp\/v2\/product"}],"about":[{"href":"https:\/\/roveyayinevi.com.tr\/index.php\/wp-json\/wp\/v2\/types\/product"}],"wp:attachment":[{"href":"https:\/\/roveyayinevi.com.tr\/index.php\/wp-json\/wp\/v2\/media?parent=760047"}],"wp:term":[{"taxonomy":"product_brand","embeddable":true,"href":"https:\/\/roveyayinevi.com.tr\/index.php\/wp-json\/wp\/v2\/product_brand?post=760047"},{"taxonomy":"product_cat","embeddable":true,"href":"https:\/\/roveyayinevi.com.tr\/index.php\/wp-json\/wp\/v2\/product_cat?post=760047"},{"taxonomy":"product_tag","embeddable":true,"href":"https:\/\/roveyayinevi.com.tr\/index.php\/wp-json\/wp\/v2\/product_tag?post=760047"}],"curies":[{"name":"wp","href":"https:\/\/api.w.org\/{rel}","templated":true}]}}