{"id":760045,"date":"2025-08-28T08:53:28","date_gmt":"2025-08-28T05:53:28","guid":{"rendered":"https:\/\/roveyayinevi.com.tr\/index.php\/urun\/kirkinda-kirk-tecrube\/"},"modified":"2026-04-12T03:16:54","modified_gmt":"2026-04-12T00:16:54","slug":"kirkinda-kirk-tecrube","status":"publish","type":"product","link":"https:\/\/roveyayinevi.com.tr\/index.php\/urun\/kirkinda-kirk-tecrube\/","title":{"rendered":"K\u0131rk\u0131nda K\u0131rk Tecr\u00fcbe"},"content":{"rendered":"<p>\u201cZamanla ge\u00e7er\u201d s\u00f6ylentisine inanma! Hi\u00e7bir ac\u0131 zamanla ge\u00e7mez! Sadece olaylara ve ki\u015filere kar\u015f\u0131 bak\u0131\u015fa\u00e7\u0131n\u0131 de\u011fi\u015ftir.Aile: Ko\u015fulsuz g\u00fcvenerek en b\u00fcy\u00fck yaralar\u0131n\u0131 ald\u0131\u011f\u0131n yerdir.A\u015fk: Bir g\u00f6rme kusurudur. Hayal etti\u011finden ger\u00e7e\u011fe ge\u00e7ti\u011fin s\u00fcre aras\u0131nda ya\u015fad\u0131\u011f\u0131n mutluluktur.Kad\u0131nlar: Ne istedi\u011fini bilen de\u011fil ne istemedi\u011fini bilen kad\u0131nlar g\u00fc\u00e7l\u00fcd\u00fcr! \u00c7\u00fcnk\u00fc onlar; isteklerinin zamanlave i\u00e7inde bulundu\u011fu ko\u015fullara g\u00f6re de\u011fi\u015fkenlik g\u00f6sterece\u011fini bilirler.Erkekler: Erkek olan yorar, adam olan yoruldu\u011funda tutar! Se\u00e7imini iyi yap!G\u00fcven: Sadece kendine g\u00fcven!Affetmek: Ge\u00e7mi\u015fte kim sana ne ya\u015fatt\u0131ysa affet!\u0130leti\u015fim: \u00d6nceli\u011fin olsun!\u00d6nce kendini sev!Kendine de\u011fer ver!Bu hayata bir kez geldin ve elalem i\u00e7in ya\u015famaktan vazge\u00e7! O k\u0131ymetli zaman\u0131n\u0131 otur, kendin i\u00e7in ya\u015fa!Bu ba\u015fl\u0131klar genelinde dengede kalman\u0131z dile\u011fiyle!?<\/p>\n","protected":false},"excerpt":{"rendered":"<p>\u201cZamanla ge\u00e7er\u201d s\u00f6ylentisine inanma! Hi\u00e7bir ac\u0131 zamanla ge\u00e7mez! Sadece olaylara ve ki\u015filere kar\u015f\u0131 bak\u0131\u015fa\u00e7\u0131n\u0131 de\u011fi\u015ftir.Aile: Ko\u015fulsuz g\u00fcvenerek en b\u00fcy\u00fck yaralar\u0131n\u0131 ald\u0131\u011f\u0131n yerdir.A\u015fk: Bir g\u00f6rme kusurudur. Hayal<span class=\"excerpt-hellip\"> [\u2026]<\/span><\/p>\n","protected":false},"featured_media":0,"template":"","meta":{"_monsterinsights_skip_tracking":false,"_monsterinsights_sitenote_active":false,"_monsterinsights_sitenote_note":"","_monsterinsights_sitenote_category":0},"product_brand":[],"product_cat":[12364,12376],"product_tag":[],"class_list":{"0":"post-760045","1":"product","2":"type-product","3":"status-publish","5":"product_cat-genel-konular","6":"product_cat-kisisel-gelisim","7":"pa_cilt-ciltsiz","8":"pa_tur-kitap","9":"pa_yayinevi-bambuk-yayinevi","10":"pa_yazar-ayca-tetik","12":"first","13":"instock","14":"sale","15":"shipping-taxable","16":"purchasable","17":"product-type-simple"},"_links":{"self":[{"href":"https:\/\/roveyayinevi.com.tr\/index.php\/wp-json\/wp\/v2\/product\/760045","targetHints":{"allow":["GET"]}}],"collection":[{"href":"https:\/\/roveyayinevi.com.tr\/index.php\/wp-json\/wp\/v2\/product"}],"about":[{"href":"https:\/\/roveyayinevi.com.tr\/index.php\/wp-json\/wp\/v2\/types\/product"}],"wp:attachment":[{"href":"https:\/\/roveyayinevi.com.tr\/index.php\/wp-json\/wp\/v2\/media?parent=760045"}],"wp:term":[{"taxonomy":"product_brand","embeddable":true,"href":"https:\/\/roveyayinevi.com.tr\/index.php\/wp-json\/wp\/v2\/product_brand?post=760045"},{"taxonomy":"product_cat","embeddable":true,"href":"https:\/\/roveyayinevi.com.tr\/index.php\/wp-json\/wp\/v2\/product_cat?post=760045"},{"taxonomy":"product_tag","embeddable":true,"href":"https:\/\/roveyayinevi.com.tr\/index.php\/wp-json\/wp\/v2\/product_tag?post=760045"}],"curies":[{"name":"wp","href":"https:\/\/api.w.org\/{rel}","templated":true}]}}