{"id":760044,"date":"2025-08-28T08:53:26","date_gmt":"2025-08-28T05:53:26","guid":{"rendered":"https:\/\/roveyayinevi.com.tr\/index.php\/urun\/kam-ve-kurt\/"},"modified":"2026-04-16T03:13:01","modified_gmt":"2026-04-16T00:13:01","slug":"kam-ve-kurt","status":"publish","type":"product","link":"https:\/\/roveyayinevi.com.tr\/index.php\/urun\/kam-ve-kurt\/","title":{"rendered":"Kam ve Kurt"},"content":{"rendered":"<p>Zaman biten bir \u015fey de\u011fildir\u2026Asena nihayet bilincine vard\u0131\u011f\u0131nda g\u00f6rd\u00fc\u011f\u00fcnde, art\u0131k ona anlatmaya ve vaaz vermeye haz\u0131rd\u0131. Bilge bir vaizgibi ellerini kullanarak konu\u015fmaya ba\u015flad\u0131.\u2018\u2018\u0130\u00e7indeki g\u00f6\u011fe y\u0131ld\u0131zlar\u0131, ay\u0131 ve g\u00fcne\u015fi resmetmezsen bombo\u015f bir semada kaybolursun Yula. Hepimizkayboluruz. Etrafa bakt\u0131\u011f\u0131nda g\u00f6rd\u00fc\u011f\u00fcn sonsuz resim\u2026 Sence ressam\u0131n imzas\u0131 olmadan bir anlam ifade edermi? Yorumlayamad\u0131\u011f\u0131n sanat eseri sana yarar getirmez. Aksine akl\u0131n\u0131 kaosa s\u00fcr\u00fckler, i\u00e7ini karart\u0131r, ruhunuhapseder. Sanat, sanat oldu\u011fu i\u00e7in sevilmez. T\u0131pk\u0131 insan\u0131n insan oldu\u011fu i\u00e7in sevilemeyece\u011fi gibi\u2026 \u00d6\u011fretileninaksine insana da sanata da sayg\u0131 duymak da zorunlu de\u011fildir. \u00c7ok ince bir \u00e7izgi, dikkat et! \u0130nsan\u0131n ruhuna vesanat\u0131n sahibine (sanat\u00e7\u0131ya) sayg\u0131 duyulur. Ruha ve sanat\u00e7\u0131ya duyulan sayg\u0131 da beraberinde sevgiyi getirir, bu\u015fa\u015fmaz. \u015eimdi e\u011fer sen, ruhunu beslemez iradeni sayg\u0131yla g\u00fc\u00e7lendirmezsen sanat\u00e7\u0131y\u0131 da sevemezsin,evrendeki ruhlar\u0131 da\u2026 \u0130\u015fte bu erdemdir Yula. Erdem ise hakikate duyulan sayg\u0131n\u0131n getirdi\u011fi bir yetidir. Sendebu yeti oldu\u011fu, ruhun hen\u00fcz tam anlam\u0131yla kararmad\u0131\u011f\u0131 i\u00e7in bu sanc\u0131y\u0131 \u00e7ekiyorsun. \u00c7ok \u015f\u00fck\u00fcr, b\u00f6ylesine ac\u0131\u00e7ekmene sevindim! \u015eimdi izin ver sanat\u00e7\u0131 sana \u015fifa versin. \u0130zin ver, hak olan rabbin sana imzas\u0131n\u0131 g\u00f6stersin\u2026Ay doluna ula\u015f\u0131p, sarp, dikenli ve y\u00fcksek bir kayan\u0131n \u00fczerinde a\u015fa\u011f\u0131y\u0131 g\u00f6zlerken g\u00f6r\u00fc\u015fmek \u00fczere. U\u011furlarolsun\u2026\u2019\u2019Hakikat, ink\u00e2r, dua, inat, liyakat, ezber, tutku, korku, merak, a\u00e7l\u0131k ve yeti\u2026Senin kavgan ne?<\/p>\n","protected":false},"excerpt":{"rendered":"<p>Zaman biten bir \u015fey de\u011fildir\u2026Asena nihayet bilincine vard\u0131\u011f\u0131nda g\u00f6rd\u00fc\u011f\u00fcnde, art\u0131k ona anlatmaya ve vaaz vermeye haz\u0131rd\u0131. Bilge bir vaizgibi ellerini kullanarak konu\u015fmaya ba\u015flad\u0131.\u2018\u2018\u0130\u00e7indeki g\u00f6\u011fe y\u0131ld\u0131zlar\u0131, ay\u0131<span class=\"excerpt-hellip\"> [\u2026]<\/span><\/p>\n","protected":false},"featured_media":0,"template":"","meta":{"_monsterinsights_skip_tracking":false,"_monsterinsights_sitenote_active":false,"_monsterinsights_sitenote_note":"","_monsterinsights_sitenote_category":0},"product_brand":[],"product_cat":[12291,12711],"product_tag":[],"class_list":{"0":"post-760044","1":"product","2":"type-product","3":"status-publish","5":"product_cat-edebiyat","6":"product_cat-roman-oyku","7":"pa_cilt-ciltsiz","8":"pa_tur-kitap","9":"pa_yayinevi-bambuk-yayinevi","10":"pa_yazar-bukre-sena-sait","12":"first","13":"instock","14":"sale","15":"shipping-taxable","16":"purchasable","17":"product-type-simple"},"_links":{"self":[{"href":"https:\/\/roveyayinevi.com.tr\/index.php\/wp-json\/wp\/v2\/product\/760044","targetHints":{"allow":["GET"]}}],"collection":[{"href":"https:\/\/roveyayinevi.com.tr\/index.php\/wp-json\/wp\/v2\/product"}],"about":[{"href":"https:\/\/roveyayinevi.com.tr\/index.php\/wp-json\/wp\/v2\/types\/product"}],"wp:attachment":[{"href":"https:\/\/roveyayinevi.com.tr\/index.php\/wp-json\/wp\/v2\/media?parent=760044"}],"wp:term":[{"taxonomy":"product_brand","embeddable":true,"href":"https:\/\/roveyayinevi.com.tr\/index.php\/wp-json\/wp\/v2\/product_brand?post=760044"},{"taxonomy":"product_cat","embeddable":true,"href":"https:\/\/roveyayinevi.com.tr\/index.php\/wp-json\/wp\/v2\/product_cat?post=760044"},{"taxonomy":"product_tag","embeddable":true,"href":"https:\/\/roveyayinevi.com.tr\/index.php\/wp-json\/wp\/v2\/product_tag?post=760044"}],"curies":[{"name":"wp","href":"https:\/\/api.w.org\/{rel}","templated":true}]}}