{"id":760042,"date":"2025-08-28T08:53:22","date_gmt":"2025-08-28T05:53:22","guid":{"rendered":"https:\/\/roveyayinevi.com.tr\/index.php\/urun\/guntun-ve-goknar-agaci\/"},"modified":"2026-04-16T03:13:01","modified_gmt":"2026-04-16T00:13:01","slug":"guntun-ve-goknar-agaci","status":"publish","type":"product","link":"https:\/\/roveyayinevi.com.tr\/index.php\/urun\/guntun-ve-goknar-agaci\/","title":{"rendered":"G\u00fcnt\u00fcn ve G\u00f6knar A\u011fac\u0131"},"content":{"rendered":"<p>Baz\u0131 b\u00fcy\u00fcklerin payla\u015famad\u0131\u011f\u0131 bir gezegenin hayaller kurabilen, birlik olup a\u015f\u0131lmaz san\u0131lan duvarlar\u0131n\u0131 y\u0131kan \u00e7ocuklar\u0131\u2026 Yaramaz Yarasa\u2019n\u0131n yarat\u0131c\u0131 fikirleri\u2026 G\u00fcm\u00fc\u015f Nehir ve alt\u0131n bal\u0131klar\u0131n dayan\u0131\u015fmalar\u0131yla \u00e7ocuklara ve b\u00fcy\u00fcklere payla\u015fmay\u0131, yard\u0131mseverli\u011fi, e\u015fitli\u011fi, g\u00fczel dilekler tutabilmeyi anlatan bir kitap. D\u00fcnyada bar\u0131\u015fa dair anlatt\u0131klar\u0131 kadar\u0131yla hayal kuracak \u00e7ocuklar ve t\u00fcm b\u00fcy\u00fcklerin g\u00fcvende, birbirlerine sayg\u0131 duyarak ya\u015famalar\u0131na dair hissettiklerini olumlu anlamda davran\u0131\u015flar\u0131na yans\u0131tacaklar. \u00d6zg\u00fcn, derin ve y\u00fcksek ritimli diyaloglar\u0131yla \u00e7ocuklar\u0131n ilgisini \u00e7ekecek ve yarat\u0131c\u0131 drama at\u00f6lyelerinde e\u011flenceli olacak, s\u0131cac\u0131k bir \u00f6yk\u00fc kitab\u0131.  Psikolog Ferda Bar\u0131\u015f   Feyza Yal\u00e7\u0131n, \u00e7ocuklu\u011fundan beri \u00f6\u011frenmeye hep \u00e7ok merakl\u0131. M\u00fczeleri gezmeyi, yazmay\u0131, dans etmeyi, sinemaya gitmeyi, seyahat etmeyi, kitap okumay\u0131 ve kedisi Luna ile saklamba\u00e7 oynamay\u0131 \u00e7ok seviyor.<\/p>\n","protected":false},"excerpt":{"rendered":"<p>Baz\u0131 b\u00fcy\u00fcklerin payla\u015famad\u0131\u011f\u0131 bir gezegenin hayaller kurabilen, birlik olup a\u015f\u0131lmaz san\u0131lan duvarlar\u0131n\u0131 y\u0131kan \u00e7ocuklar\u0131\u2026 Yaramaz Yarasa\u2019n\u0131n yarat\u0131c\u0131 fikirleri\u2026 G\u00fcm\u00fc\u015f Nehir ve alt\u0131n bal\u0131klar\u0131n dayan\u0131\u015fmalar\u0131yla \u00e7ocuklara ve<span class=\"excerpt-hellip\"> [\u2026]<\/span><\/p>\n","protected":false},"featured_media":0,"template":"","meta":{"_monsterinsights_skip_tracking":false,"_monsterinsights_sitenote_active":false,"_monsterinsights_sitenote_note":"","_monsterinsights_sitenote_category":0},"product_brand":[],"product_cat":[12274],"product_tag":[],"class_list":{"0":"post-760042","1":"product","2":"type-product","3":"status-publish","5":"product_cat-cocuk-ve-genclik-kitaplari","6":"pa_cilt-ciltsiz","7":"pa_tur-kitap","8":"pa_yayinevi-luna-cocuk-yayinlari","9":"pa_yazar-feyza-yalcin","11":"first","12":"instock","13":"sale","14":"shipping-taxable","15":"purchasable","16":"product-type-simple"},"_links":{"self":[{"href":"https:\/\/roveyayinevi.com.tr\/index.php\/wp-json\/wp\/v2\/product\/760042","targetHints":{"allow":["GET"]}}],"collection":[{"href":"https:\/\/roveyayinevi.com.tr\/index.php\/wp-json\/wp\/v2\/product"}],"about":[{"href":"https:\/\/roveyayinevi.com.tr\/index.php\/wp-json\/wp\/v2\/types\/product"}],"wp:attachment":[{"href":"https:\/\/roveyayinevi.com.tr\/index.php\/wp-json\/wp\/v2\/media?parent=760042"}],"wp:term":[{"taxonomy":"product_brand","embeddable":true,"href":"https:\/\/roveyayinevi.com.tr\/index.php\/wp-json\/wp\/v2\/product_brand?post=760042"},{"taxonomy":"product_cat","embeddable":true,"href":"https:\/\/roveyayinevi.com.tr\/index.php\/wp-json\/wp\/v2\/product_cat?post=760042"},{"taxonomy":"product_tag","embeddable":true,"href":"https:\/\/roveyayinevi.com.tr\/index.php\/wp-json\/wp\/v2\/product_tag?post=760042"}],"curies":[{"name":"wp","href":"https:\/\/api.w.org\/{rel}","templated":true}]}}