{"id":760041,"date":"2025-08-28T08:53:20","date_gmt":"2025-08-28T05:53:20","guid":{"rendered":"https:\/\/roveyayinevi.com.tr\/index.php\/urun\/baybars-ile-robi-2\/"},"modified":"2026-04-16T03:13:01","modified_gmt":"2026-04-16T00:13:01","slug":"baybars-ile-robi-2","status":"publish","type":"product","link":"https:\/\/roveyayinevi.com.tr\/index.php\/urun\/baybars-ile-robi-2\/","title":{"rendered":"Baybars ile Robi"},"content":{"rendered":"<p>ALGOR\u0130TMA m\u0131? O da neydi? Robi, a\u015f\u00e7\u0131 \u00f6nl\u00fc\u011f\u00fcn\u00fc tak\u0131nca Baybars\u2019a da \u015fef olmak kald\u0131. Ve yumurta pi\u015firmenin algoritmas\u0131 \u00e7\u00f6z\u00fcl\u00fcrken, asl\u0131nda bamba\u015fka bir maceran\u0131n i\u00e7inde bulmu\u015flard\u0131 kendilerini!   \u201cBaybars, hayal g\u00fcc\u00fc y\u00fcksek; ara\u015ft\u0131rmay\u0131, sorgulamay\u0131 \u00e7ok seven, okul arkada\u015flar\u0131 ve ailesi ile y\u00fcksek sosyal beceriye sahip olan bir \u00e7ocuktur. Hik\u00e2ye, sorular sormay\u0131 ve yeni \u015feyler ara\u015ft\u0131rmay\u0131 te\u015fvik etmesi a\u00e7\u0131s\u0131ndan olduk\u00e7a \u00f6nemlidir. \u00c7ocuklar Baybars\u2019\u0131n hayal d\u00fcnyas\u0131na e\u015flik ederken hem e\u011flenecek hem de robot, kodlama, algoritma konular\u0131nda bir\u00e7ok yeni bilgi \u00f6\u011frenip, bu konularda ara\u015ft\u0131rmalar yapmak isteyecek. Sadece \u00e7ocuklar i\u00e7in de\u011fil, yeti\u015fkinler i\u00e7in de olduk\u00e7a ak\u0131c\u0131, \u00f6\u011fretici ve e\u011flenceli bir hik\u00e2ye.\u201d   G\u00f6k\u00e7em Elif YOLCU Psikolojik Dan\u0131\u015fman-Oyun Terapisti<\/p>\n","protected":false},"excerpt":{"rendered":"<p>ALGOR\u0130TMA m\u0131? O da neydi? Robi, a\u015f\u00e7\u0131 \u00f6nl\u00fc\u011f\u00fcn\u00fc tak\u0131nca Baybars\u2019a da \u015fef olmak kald\u0131. Ve yumurta pi\u015firmenin algoritmas\u0131 \u00e7\u00f6z\u00fcl\u00fcrken, asl\u0131nda bamba\u015fka bir maceran\u0131n i\u00e7inde bulmu\u015flard\u0131 kendilerini!<span class=\"excerpt-hellip\"> [\u2026]<\/span><\/p>\n","protected":false},"featured_media":0,"template":"","meta":{"_monsterinsights_skip_tracking":false,"_monsterinsights_sitenote_active":false,"_monsterinsights_sitenote_note":"","_monsterinsights_sitenote_category":0},"product_brand":[],"product_cat":[12274],"product_tag":[],"class_list":{"0":"post-760041","1":"product","2":"type-product","3":"status-publish","5":"product_cat-cocuk-ve-genclik-kitaplari","6":"pa_cilt-ciltsiz","7":"pa_tur-kitap","8":"pa_yayinevi-luna-cocuk-yayinlari","9":"pa_yazar-ahmet-caba","11":"first","12":"instock","13":"sale","14":"shipping-taxable","15":"purchasable","16":"product-type-simple"},"_links":{"self":[{"href":"https:\/\/roveyayinevi.com.tr\/index.php\/wp-json\/wp\/v2\/product\/760041","targetHints":{"allow":["GET"]}}],"collection":[{"href":"https:\/\/roveyayinevi.com.tr\/index.php\/wp-json\/wp\/v2\/product"}],"about":[{"href":"https:\/\/roveyayinevi.com.tr\/index.php\/wp-json\/wp\/v2\/types\/product"}],"wp:attachment":[{"href":"https:\/\/roveyayinevi.com.tr\/index.php\/wp-json\/wp\/v2\/media?parent=760041"}],"wp:term":[{"taxonomy":"product_brand","embeddable":true,"href":"https:\/\/roveyayinevi.com.tr\/index.php\/wp-json\/wp\/v2\/product_brand?post=760041"},{"taxonomy":"product_cat","embeddable":true,"href":"https:\/\/roveyayinevi.com.tr\/index.php\/wp-json\/wp\/v2\/product_cat?post=760041"},{"taxonomy":"product_tag","embeddable":true,"href":"https:\/\/roveyayinevi.com.tr\/index.php\/wp-json\/wp\/v2\/product_tag?post=760041"}],"curies":[{"name":"wp","href":"https:\/\/api.w.org\/{rel}","templated":true}]}}