{"id":760037,"date":"2025-08-28T08:53:11","date_gmt":"2025-08-28T05:53:11","guid":{"rendered":"https:\/\/roveyayinevi.com.tr\/index.php\/urun\/arkadasim-afo\/"},"modified":"2026-04-16T03:13:01","modified_gmt":"2026-04-16T00:13:01","slug":"arkadasim-afo","status":"publish","type":"product","link":"https:\/\/roveyayinevi.com.tr\/index.php\/urun\/arkadasim-afo\/","title":{"rendered":"Arkada\u015f\u0131m Afo"},"content":{"rendered":"<p>Arkada\u015f\u0131m Afo kitab\u0131nda farkl\u0131 geli\u015fen \u00e7ocuklar\u0131 temsil eden \u0130pek isimli k\u00fc\u00e7\u00fck bir k\u0131z \u00e7ocu\u011fu ile s\u00fcrekli ihtiya\u00e7 duydu\u011fu y\u00fcr\u00fcme aparatlar\u0131 olan \u201cAfolar\u0131\u201d aras\u0131ndaki s\u0131cak ve samimi bir sohbet ele al\u0131nmaktad\u0131r. Yazar, \u00f6zel \u00e7ocuklar\u0131n farkl\u0131l\u0131klar\u0131 olsa da asl\u0131nda tipik geli\u015fen \u00e7ocuklar\u0131n da farkl\u0131l\u0131klar\u0131 oldu\u011funu yani n\u00f6ro\u00e7e\u015fitlilik kavram\u0131n\u0131 \u00e7ok do\u011fal ve anla\u015f\u0131l\u0131r bir \u015fekilde ortaya koyuyor. \u0130pek\u2019in olumlu ve olumsuz t\u00fcm duygular\u0131 Afolar\u0131 arac\u0131l\u0131\u011f\u0131 ile dile geliyor ve ifade edilen bu duygular t\u00fcm \u00e7ocuklara \u00e7ok g\u00fczel bir \u00f6rnek olu\u015fturuyor. Hik\u00e2ye, \u0130pek\u2019in doktoru ile kurdu\u011fu g\u00fczel ba\u011f ve sonras\u0131nda okuyucuyu oyun oynamaya daveti ve gelece\u011fe umut dolu bak\u0131\u015f\u0131 ile son buluyor. Bu kitab\u0131 farkl\u0131 geli\u015fen olsun, tipik geli\u015fen olsun t\u00fcm \u00e7ocuk ve ebeveynlerin okumas\u0131n\u0131 \u00f6neririm. Do\u00e7. Dr. Tuba Mutluer Ko\u00e7 \u00dcniversitesi T\u0131p Fak\u00fcltesi Psikiyatri Anabilim Dal\u0131, \u00c7ocuk ve Ergen Psikiyatrisi Birimi<\/p>\n","protected":false},"excerpt":{"rendered":"<p>Arkada\u015f\u0131m Afo kitab\u0131nda farkl\u0131 geli\u015fen \u00e7ocuklar\u0131 temsil eden \u0130pek isimli k\u00fc\u00e7\u00fck bir k\u0131z \u00e7ocu\u011fu ile s\u00fcrekli ihtiya\u00e7 duydu\u011fu y\u00fcr\u00fcme aparatlar\u0131 olan \u201cAfolar\u0131\u201d aras\u0131ndaki s\u0131cak ve samimi<span class=\"excerpt-hellip\"> [\u2026]<\/span><\/p>\n","protected":false},"featured_media":0,"template":"","meta":{"_monsterinsights_skip_tracking":false,"_monsterinsights_sitenote_active":false,"_monsterinsights_sitenote_note":"","_monsterinsights_sitenote_category":0},"product_brand":[],"product_cat":[12274],"product_tag":[],"class_list":{"0":"post-760037","1":"product","2":"type-product","3":"status-publish","5":"product_cat-cocuk-ve-genclik-kitaplari","6":"pa_cilt-ciltsiz","7":"pa_tur-kitap","8":"pa_yayinevi-luna-cocuk-yayinlari","9":"pa_yazar-ayse-ayaz","11":"first","12":"instock","13":"sale","14":"shipping-taxable","15":"purchasable","16":"product-type-simple"},"_links":{"self":[{"href":"https:\/\/roveyayinevi.com.tr\/index.php\/wp-json\/wp\/v2\/product\/760037","targetHints":{"allow":["GET"]}}],"collection":[{"href":"https:\/\/roveyayinevi.com.tr\/index.php\/wp-json\/wp\/v2\/product"}],"about":[{"href":"https:\/\/roveyayinevi.com.tr\/index.php\/wp-json\/wp\/v2\/types\/product"}],"wp:attachment":[{"href":"https:\/\/roveyayinevi.com.tr\/index.php\/wp-json\/wp\/v2\/media?parent=760037"}],"wp:term":[{"taxonomy":"product_brand","embeddable":true,"href":"https:\/\/roveyayinevi.com.tr\/index.php\/wp-json\/wp\/v2\/product_brand?post=760037"},{"taxonomy":"product_cat","embeddable":true,"href":"https:\/\/roveyayinevi.com.tr\/index.php\/wp-json\/wp\/v2\/product_cat?post=760037"},{"taxonomy":"product_tag","embeddable":true,"href":"https:\/\/roveyayinevi.com.tr\/index.php\/wp-json\/wp\/v2\/product_tag?post=760037"}],"curies":[{"name":"wp","href":"https:\/\/api.w.org\/{rel}","templated":true}]}}