{"id":760036,"date":"2025-08-28T08:53:09","date_gmt":"2025-08-28T05:53:09","guid":{"rendered":"https:\/\/roveyayinevi.com.tr\/index.php\/urun\/izdusum\/"},"modified":"2026-04-16T03:13:01","modified_gmt":"2026-04-16T00:13:01","slug":"izdusum","status":"publish","type":"product","link":"https:\/\/roveyayinevi.com.tr\/index.php\/urun\/izdusum\/","title":{"rendered":"\u0130zd\u00fc\u015f\u00fcm"},"content":{"rendered":"<p>Ya\u015fam \u00e7o\u011fumuz i\u00e7in ta\u015fl\u0131, dikenli bir yolculu\u011fun ad\u0131. \u00d6zg\u00fcr olamad\u0131k. K\u00f6hne hik\u00e2yelerin insanlar\u0131 olduk. Cesur olamad\u0131k. Ba\u015fkalar\u0131n\u0131n memnuniyeti, bizi hi\u00e7le\u015ftirdi. Cehaletin bata\u011f\u0131nda kendimizi \u00fcstlerde g\u00f6rd\u00fck. Sorgulamad\u0131k, sadece biat ettik. Ya\u015fam\u0131 yeterince ciddiye almad\u0131k. Hayat\u0131 sonsuz sand\u0131k ve yorulduk. Kendimiz olamad\u0131k.   Bu eser; ya\u015fam\u0131n, yazar\u0131n ruhunda b\u0131rakt\u0131\u011f\u0131 tortulardan bir kesittir.<\/p>\n","protected":false},"excerpt":{"rendered":"<p>Ya\u015fam \u00e7o\u011fumuz i\u00e7in ta\u015fl\u0131, dikenli bir yolculu\u011fun ad\u0131. \u00d6zg\u00fcr olamad\u0131k. K\u00f6hne hik\u00e2yelerin insanlar\u0131 olduk. Cesur olamad\u0131k. Ba\u015fkalar\u0131n\u0131n memnuniyeti, bizi hi\u00e7le\u015ftirdi. Cehaletin bata\u011f\u0131nda kendimizi \u00fcstlerde g\u00f6rd\u00fck. Sorgulamad\u0131k,<span class=\"excerpt-hellip\"> [\u2026]<\/span><\/p>\n","protected":false},"featured_media":0,"template":"","meta":{"_monsterinsights_skip_tracking":false,"_monsterinsights_sitenote_active":false,"_monsterinsights_sitenote_note":"","_monsterinsights_sitenote_category":0},"product_brand":[],"product_cat":[12777,12291],"product_tag":[],"class_list":{"0":"post-760036","1":"product","2":"type-product","3":"status-publish","5":"product_cat-deneme","6":"product_cat-edebiyat","7":"pa_cilt-ciltsiz","8":"pa_tur-kitap","9":"pa_yayinevi-luna-yayinlari","10":"pa_yazar-serdal-sahiner","12":"first","13":"instock","14":"sale","15":"shipping-taxable","16":"purchasable","17":"product-type-simple"},"_links":{"self":[{"href":"https:\/\/roveyayinevi.com.tr\/index.php\/wp-json\/wp\/v2\/product\/760036","targetHints":{"allow":["GET"]}}],"collection":[{"href":"https:\/\/roveyayinevi.com.tr\/index.php\/wp-json\/wp\/v2\/product"}],"about":[{"href":"https:\/\/roveyayinevi.com.tr\/index.php\/wp-json\/wp\/v2\/types\/product"}],"wp:attachment":[{"href":"https:\/\/roveyayinevi.com.tr\/index.php\/wp-json\/wp\/v2\/media?parent=760036"}],"wp:term":[{"taxonomy":"product_brand","embeddable":true,"href":"https:\/\/roveyayinevi.com.tr\/index.php\/wp-json\/wp\/v2\/product_brand?post=760036"},{"taxonomy":"product_cat","embeddable":true,"href":"https:\/\/roveyayinevi.com.tr\/index.php\/wp-json\/wp\/v2\/product_cat?post=760036"},{"taxonomy":"product_tag","embeddable":true,"href":"https:\/\/roveyayinevi.com.tr\/index.php\/wp-json\/wp\/v2\/product_tag?post=760036"}],"curies":[{"name":"wp","href":"https:\/\/api.w.org\/{rel}","templated":true}]}}