{"id":760034,"date":"2025-08-28T08:53:05","date_gmt":"2025-08-28T05:53:05","guid":{"rendered":"https:\/\/roveyayinevi.com.tr\/index.php\/urun\/gokkusagi-sofrasi\/"},"modified":"2026-04-16T03:13:01","modified_gmt":"2026-04-16T00:13:01","slug":"gokkusagi-sofrasi","status":"publish","type":"product","link":"https:\/\/roveyayinevi.com.tr\/index.php\/urun\/gokkusagi-sofrasi\/","title":{"rendered":"G\u00f6kku\u015fa\u011f\u0131 Sofras\u0131"},"content":{"rendered":"<p>G\u00f6l\u00fcn kenar\u0131nda kahvalt\u0131 yapmak i\u00e7in ne kadar da g\u00fczel bir yaz sabah\u0131\u2026 Yavru z\u00fcrafa Zongi, tam da b\u00f6yle d\u00fc\u015f\u00fcnerek d\u00fc\u015ft\u00fc yollara. Aaaaa! Ama ya\u011fmur mu ba\u015flad\u0131! K\u0131\u015f, ne kadar da \u00e7abuk geldi! Bunu duyunca g\u00fcl\u00fcmsedi ay\u0131 Yorgi! \u201cBu, sadece bir yaz ya\u011fmuru.\u201d   Simge \u015eahin \u00d6zer\u2019in kaleminden, d\u00fcnyaya tam da bir \u00e7ocuk g\u00f6z\u00fcnden bakan kahramanlar\u0131 ile s\u0131cac\u0131k bir hik\u00e2ye\u2026 Dostluk, payla\u015fmak ve g\u00fczel anlar biriktirmek \u00fczerine\u2026   \u201cPayla\u015fmak, \u00e7ikolata par\u00e7ac\u0131kl\u0131 bir dondurma kadar g\u00fczeldi.\u201d <\/p>\n","protected":false},"excerpt":{"rendered":"<p>G\u00f6l\u00fcn kenar\u0131nda kahvalt\u0131 yapmak i\u00e7in ne kadar da g\u00fczel bir yaz sabah\u0131\u2026 Yavru z\u00fcrafa Zongi, tam da b\u00f6yle d\u00fc\u015f\u00fcnerek d\u00fc\u015ft\u00fc yollara. Aaaaa! Ama ya\u011fmur mu ba\u015flad\u0131!<span class=\"excerpt-hellip\"> [\u2026]<\/span><\/p>\n","protected":false},"featured_media":0,"template":"","meta":{"_monsterinsights_skip_tracking":false,"_monsterinsights_sitenote_active":false,"_monsterinsights_sitenote_note":"","_monsterinsights_sitenote_category":0},"product_brand":[],"product_cat":[12274],"product_tag":[],"class_list":{"0":"post-760034","1":"product","2":"type-product","3":"status-publish","5":"product_cat-cocuk-ve-genclik-kitaplari","6":"pa_cilt-ciltsiz","7":"pa_tur-kitap","8":"pa_yayinevi-luna-cocuk-yayinlari","9":"pa_yazar-simge-sahin-ozer","11":"first","12":"instock","13":"sale","14":"shipping-taxable","15":"purchasable","16":"product-type-simple"},"_links":{"self":[{"href":"https:\/\/roveyayinevi.com.tr\/index.php\/wp-json\/wp\/v2\/product\/760034","targetHints":{"allow":["GET"]}}],"collection":[{"href":"https:\/\/roveyayinevi.com.tr\/index.php\/wp-json\/wp\/v2\/product"}],"about":[{"href":"https:\/\/roveyayinevi.com.tr\/index.php\/wp-json\/wp\/v2\/types\/product"}],"wp:attachment":[{"href":"https:\/\/roveyayinevi.com.tr\/index.php\/wp-json\/wp\/v2\/media?parent=760034"}],"wp:term":[{"taxonomy":"product_brand","embeddable":true,"href":"https:\/\/roveyayinevi.com.tr\/index.php\/wp-json\/wp\/v2\/product_brand?post=760034"},{"taxonomy":"product_cat","embeddable":true,"href":"https:\/\/roveyayinevi.com.tr\/index.php\/wp-json\/wp\/v2\/product_cat?post=760034"},{"taxonomy":"product_tag","embeddable":true,"href":"https:\/\/roveyayinevi.com.tr\/index.php\/wp-json\/wp\/v2\/product_tag?post=760034"}],"curies":[{"name":"wp","href":"https:\/\/api.w.org\/{rel}","templated":true}]}}