{"id":760027,"date":"2025-08-28T08:52:03","date_gmt":"2025-08-28T05:52:03","guid":{"rendered":"https:\/\/roveyayinevi.com.tr\/index.php\/urun\/iktisat-ve-toplum-dergisi-162-sayi-enflasyon-oyunu-bozdu\/"},"modified":"2026-04-16T03:13:00","modified_gmt":"2026-04-16T00:13:00","slug":"iktisat-ve-toplum-dergisi-162-sayi-enflasyon-oyunu-bozdu","status":"publish","type":"product","link":"https:\/\/roveyayinevi.com.tr\/index.php\/urun\/iktisat-ve-toplum-dergisi-162-sayi-enflasyon-oyunu-bozdu\/","title":{"rendered":"\u0130ktisat ve Toplum Dergisi 162. Say\u0131  Enflasyon Oyunu Bozdu"},"content":{"rendered":"<p>Bu say\u0131da: Enflasyonla Ger\u00e7ekten M\u00fccadele Ediliyor mu? Mahfi E\u011filmez Kamuoyu Yoklamalar\u0131 ve Se\u00e7imler \u00dczerine Ersin Kalayc\u0131o\u011flu T\u00fcrkiye\u2019de \u0130ktisat D\u00fc\u015f\u00fcncesi \u00dczerine AI Historian\u2019la Bir Sohbot Altu\u011f Yal\u00e7\u0131nta\u015f D\u0131\u015fa A\u00e7\u0131kl\u0131k S\u00fcrecinde D\u00f6viz Arz\u0131, Faiz ve Enflasyon \u0130li\u015fkisinin Geli\u015fimi: Enflasyonla M\u00fccadelenin Y\u00f6ntemi Ne Olmal\u0131? I\u015f\u0131n \u00c7elebi, Ahmet Tu\u011f\u015fad Do\u011fukan, Emrullah Vermez Ekonomik Kalk\u0131nma ve Biyo\u00e7e\u015fitlilik Kayb\u0131 Yener Co\u015fkun \u0130smail ile Selim (Bir Tarih Spek\u00fclasyonu) Ergun T\u00fcrkcan Sosyal Bilimciler Konu\u015fuyor: Esra Nur U\u011furlu Sozial\u00f6konomik \u201cTekrar\u201d Ana Ak\u0131m \u0130ktisat m\u0131d\u0131r? Ercan Eren \u00c7in \u0130mparatorlu\u011fu\u2019nun \u00c7\u00f6k\u00fc\u015f\u00fc: Sonun Ba\u015flang\u0131c\u0131-Opium (Afyon) Sava\u015flar\u0131- Bahri Y\u0131lmaz Osmanl\u0131 Devleti\u2019nin D\u0131\u015f Politika ve Diplomasi Anlay\u0131\u015f\u0131 Sema Aksoy Avrupa\u2019da ve T\u00fcrkiye\u2019de Enerji G\u00f6r\u00fcn\u00fcm\u00fc Mustafa \u00c7a\u011fr\u0131 Peker, Sinan Sodan Tembellik (!) \u2013 Edebiyat \u2013 \u0130ktisat G\u00fcl\u00e7in Elif Y\u00fccel<\/p>\n","protected":false},"excerpt":{"rendered":"<p>Bu say\u0131da: Enflasyonla Ger\u00e7ekten M\u00fccadele Ediliyor mu? Mahfi E\u011filmez Kamuoyu Yoklamalar\u0131 ve Se\u00e7imler \u00dczerine Ersin Kalayc\u0131o\u011flu T\u00fcrkiye\u2019de \u0130ktisat D\u00fc\u015f\u00fcncesi \u00dczerine AI Historian\u2019la Bir Sohbot Altu\u011f Yal\u00e7\u0131nta\u015f<span class=\"excerpt-hellip\"> [\u2026]<\/span><\/p>\n","protected":false},"featured_media":0,"template":"","meta":{"_monsterinsights_skip_tracking":false,"_monsterinsights_sitenote_active":false,"_monsterinsights_sitenote_note":"","_monsterinsights_sitenote_category":0},"product_brand":[],"product_cat":[13527],"product_tag":[],"class_list":{"0":"post-760027","1":"product","2":"type-product","3":"status-publish","5":"product_cat-sureli-yayinlar","6":"pa_cilt-ciltsiz","7":"pa_tur-dergi","8":"pa_yayinevi-efil-yayinevi-dergi","9":"pa_yazar-kolektif","11":"first","12":"instock","13":"sale","14":"shipping-taxable","15":"purchasable","16":"product-type-simple"},"_links":{"self":[{"href":"https:\/\/roveyayinevi.com.tr\/index.php\/wp-json\/wp\/v2\/product\/760027","targetHints":{"allow":["GET"]}}],"collection":[{"href":"https:\/\/roveyayinevi.com.tr\/index.php\/wp-json\/wp\/v2\/product"}],"about":[{"href":"https:\/\/roveyayinevi.com.tr\/index.php\/wp-json\/wp\/v2\/types\/product"}],"wp:attachment":[{"href":"https:\/\/roveyayinevi.com.tr\/index.php\/wp-json\/wp\/v2\/media?parent=760027"}],"wp:term":[{"taxonomy":"product_brand","embeddable":true,"href":"https:\/\/roveyayinevi.com.tr\/index.php\/wp-json\/wp\/v2\/product_brand?post=760027"},{"taxonomy":"product_cat","embeddable":true,"href":"https:\/\/roveyayinevi.com.tr\/index.php\/wp-json\/wp\/v2\/product_cat?post=760027"},{"taxonomy":"product_tag","embeddable":true,"href":"https:\/\/roveyayinevi.com.tr\/index.php\/wp-json\/wp\/v2\/product_tag?post=760027"}],"curies":[{"name":"wp","href":"https:\/\/api.w.org\/{rel}","templated":true}]}}