{"id":760026,"date":"2025-08-28T08:52:01","date_gmt":"2025-08-28T05:52:01","guid":{"rendered":"https:\/\/roveyayinevi.com.tr\/index.php\/urun\/eger-beni-ararsan\/"},"modified":"2026-04-13T03:20:48","modified_gmt":"2026-04-13T00:20:48","slug":"eger-beni-ararsan","status":"publish","type":"product","link":"https:\/\/roveyayinevi.com.tr\/index.php\/urun\/eger-beni-ararsan\/","title":{"rendered":"E\u011fer Beni Ararsan"},"content":{"rendered":"<p>\u201cSava\u015f\u0131n alt\u0131 y\u0131l\u0131n\u0131 alt\u0131 dakikaya d\u00fc\u015f\u00fcrmemiz laz\u0131m. Matematikte buna beta indirgemesi denir: Bir fonksiyonun yerine bir ba\u015fkas\u0131n\u0131 koyars\u0131n. Ben her g\u00fcn yap\u0131yorum bunu. Kay\u0131plar yerine hayat\u0131 koyuyorum.\u201d   \u0130kinci D\u00fcnya Sava\u015f\u0131\u2019nda Paris\u2019in i\u015fgalinden Londra sokaklar\u0131na, sava\u015f sonras\u0131 Filistin\u2019den g\u00fcn\u00fcm\u00fcz\u00fcn modern d\u00fcnyas\u0131na uzanan E\u011fer Beni Ararsan\u2019da Alba Arikha trajedinin bireyler \u00fczerindeki etkisini ustal\u0131kla i\u015fliyor. Paris\u2019ten ka\u00e7\u0131p ge\u00e7mi\u015fine ket vurarak yeni bir hayat kurmaya \u00e7al\u0131\u015fan Flora ile onlarca y\u0131l sonra onun s\u0131ra d\u0131\u015f\u0131 ge\u00e7mi\u015fini ke\u015ffetmesi i\u00e7in gizemli bir paket alan Hannah\u2019n\u0131n hik\u00e2yesi i\u00e7 i\u00e7e ge\u00e7iyor. E\u011fer Beni Ararsan ge\u00e7mi\u015fin kuytu ger\u00e7ekleri ve bug\u00fcn\u00fcn deh\u015fetleriyle y\u00fczle\u015fmek \u00fcst\u00fcne duygusal ve d\u00fc\u015f\u00fcnd\u00fcr\u00fcc\u00fc bir roman. <\/p>\n","protected":false},"excerpt":{"rendered":"<p>\u201cSava\u015f\u0131n alt\u0131 y\u0131l\u0131n\u0131 alt\u0131 dakikaya d\u00fc\u015f\u00fcrmemiz laz\u0131m. Matematikte buna beta indirgemesi denir: Bir fonksiyonun yerine bir ba\u015fkas\u0131n\u0131 koyars\u0131n. Ben her g\u00fcn yap\u0131yorum bunu. Kay\u0131plar yerine hayat\u0131<span class=\"excerpt-hellip\"> [\u2026]<\/span><\/p>\n","protected":false},"featured_media":0,"template":"","meta":{"_monsterinsights_skip_tracking":false,"_monsterinsights_sitenote_active":false,"_monsterinsights_sitenote_note":"","_monsterinsights_sitenote_category":0},"product_brand":[],"product_cat":[12291,12711],"product_tag":[],"class_list":{"0":"post-760026","1":"product","2":"type-product","3":"status-publish","5":"product_cat-edebiyat","6":"product_cat-roman-oyku","7":"pa_cilt-ciltsiz","8":"pa_tur-kitap","9":"pa_yayinevi-notos-kitap","10":"pa_yazar-alba-arikha","12":"first","13":"instock","14":"sale","15":"shipping-taxable","16":"purchasable","17":"product-type-simple"},"_links":{"self":[{"href":"https:\/\/roveyayinevi.com.tr\/index.php\/wp-json\/wp\/v2\/product\/760026","targetHints":{"allow":["GET"]}}],"collection":[{"href":"https:\/\/roveyayinevi.com.tr\/index.php\/wp-json\/wp\/v2\/product"}],"about":[{"href":"https:\/\/roveyayinevi.com.tr\/index.php\/wp-json\/wp\/v2\/types\/product"}],"wp:attachment":[{"href":"https:\/\/roveyayinevi.com.tr\/index.php\/wp-json\/wp\/v2\/media?parent=760026"}],"wp:term":[{"taxonomy":"product_brand","embeddable":true,"href":"https:\/\/roveyayinevi.com.tr\/index.php\/wp-json\/wp\/v2\/product_brand?post=760026"},{"taxonomy":"product_cat","embeddable":true,"href":"https:\/\/roveyayinevi.com.tr\/index.php\/wp-json\/wp\/v2\/product_cat?post=760026"},{"taxonomy":"product_tag","embeddable":true,"href":"https:\/\/roveyayinevi.com.tr\/index.php\/wp-json\/wp\/v2\/product_tag?post=760026"}],"curies":[{"name":"wp","href":"https:\/\/api.w.org\/{rel}","templated":true}]}}