{"id":760020,"date":"2025-08-28T08:51:50","date_gmt":"2025-08-28T05:51:50","guid":{"rendered":"https:\/\/roveyayinevi.com.tr\/index.php\/urun\/disney-bibbidi-bobbidi-akademisi-2-mai-ve-zor-donusum\/"},"modified":"2026-04-16T03:13:00","modified_gmt":"2026-04-16T00:13:00","slug":"disney-bibbidi-bobbidi-akademisi-2-mai-ve-zor-donusum","status":"publish","type":"product","link":"https:\/\/roveyayinevi.com.tr\/index.php\/urun\/disney-bibbidi-bobbidi-akademisi-2-mai-ve-zor-donusum\/","title":{"rendered":"Disney Bibbidi Bobbidi Akademisi 2 &#8211; Mai ve Zor D\u00f6n\u00fc\u015f\u00fcm"},"content":{"rendered":"<p>Bibbidi Bobbididi Balosu i\u00e7in haz\u0131r olun! Sihirli de\u011fne\u011fiyle \u0131\u015f\u0131lt\u0131 kazanmak isteyen Mai Sihirlif\u0131s\u0131lt\u0131, b\u00fct\u00fcn sihirleri tek seferde yapmak i\u00e7in Bibbidi Bobbidi Balosu\u2019na haz\u0131rlan\u0131yor. Ama d\u00f6n\u00fc\u015f\u00fcm plan\u0131 yolunda gitmiyor ve s\u0131n\u0131f arkada\u015f\u0131 Tatia I\u015f\u0131lt\u0131\u2019y\u0131 bir tekboynuzuna \u00e7eviriyor. Mai ile Tatia sihiri tersine \u00e7evirmek i\u00e7in beraber \u00e7al\u0131\u015fmak zorundalar. Bu sorunu zaman\u0131nda \u00e7\u00f6zemezlerse, Tatia sonsuza dek bir tek boynuz olarak kalabilir!<\/p>\n","protected":false},"excerpt":{"rendered":"<p>Bibbidi Bobbididi Balosu i\u00e7in haz\u0131r olun! Sihirli de\u011fne\u011fiyle \u0131\u015f\u0131lt\u0131 kazanmak isteyen Mai Sihirlif\u0131s\u0131lt\u0131, b\u00fct\u00fcn sihirleri tek seferde yapmak i\u00e7in Bibbidi Bobbidi Balosu\u2019na haz\u0131rlan\u0131yor. Ama d\u00f6n\u00fc\u015f\u00fcm plan\u0131<span class=\"excerpt-hellip\"> [\u2026]<\/span><\/p>\n","protected":false},"featured_media":0,"template":"","meta":{"_monsterinsights_skip_tracking":false,"_monsterinsights_sitenote_active":false,"_monsterinsights_sitenote_note":"","_monsterinsights_sitenote_category":0},"product_brand":[],"product_cat":[12274,12284],"product_tag":[],"class_list":{"0":"post-760020","1":"product","2":"type-product","3":"status-publish","5":"product_cat-cocuk-ve-genclik-kitaplari","6":"product_cat-hikayeler","7":"pa_cilt-ciltsiz","8":"pa_tur-kitap","9":"pa_yayinevi-beta-kids","10":"pa_yazar-kallie-george","12":"first","13":"instock","14":"sale","15":"shipping-taxable","16":"purchasable","17":"product-type-simple"},"_links":{"self":[{"href":"https:\/\/roveyayinevi.com.tr\/index.php\/wp-json\/wp\/v2\/product\/760020","targetHints":{"allow":["GET"]}}],"collection":[{"href":"https:\/\/roveyayinevi.com.tr\/index.php\/wp-json\/wp\/v2\/product"}],"about":[{"href":"https:\/\/roveyayinevi.com.tr\/index.php\/wp-json\/wp\/v2\/types\/product"}],"wp:attachment":[{"href":"https:\/\/roveyayinevi.com.tr\/index.php\/wp-json\/wp\/v2\/media?parent=760020"}],"wp:term":[{"taxonomy":"product_brand","embeddable":true,"href":"https:\/\/roveyayinevi.com.tr\/index.php\/wp-json\/wp\/v2\/product_brand?post=760020"},{"taxonomy":"product_cat","embeddable":true,"href":"https:\/\/roveyayinevi.com.tr\/index.php\/wp-json\/wp\/v2\/product_cat?post=760020"},{"taxonomy":"product_tag","embeddable":true,"href":"https:\/\/roveyayinevi.com.tr\/index.php\/wp-json\/wp\/v2\/product_tag?post=760020"}],"curies":[{"name":"wp","href":"https:\/\/api.w.org\/{rel}","templated":true}]}}