{"id":760019,"date":"2025-08-28T08:51:48","date_gmt":"2025-08-28T05:51:48","guid":{"rendered":"https:\/\/roveyayinevi.com.tr\/index.php\/urun\/caylak-savascinin-guncesi-4-sona-hos-geldin\/"},"modified":"2026-04-16T03:13:00","modified_gmt":"2026-04-16T00:13:00","slug":"caylak-savascinin-guncesi-4-sona-hos-geldin","status":"publish","type":"product","link":"https:\/\/roveyayinevi.com.tr\/index.php\/urun\/caylak-savascinin-guncesi-4-sona-hos-geldin\/","title":{"rendered":"\u00c7aylak Sava\u015f\u00e7\u0131n\u0131n G\u00fcncesi &#8211; 4 Son&#8217;a Ho\u015f Geldin"},"content":{"rendered":"<p>Bu \u00f6zg\u00fcn macerada kahraman\u0131z Minus ile tekrar birlikteyiz!   SON&#8217;A HO\u015eGELD\u0130N -4   K\u00f6yl\u00fc Minus, zombi Bl\u00f6rp ve sava\u015f\u00e7\u0131 Margo  yanlar\u0131nda Alberic ve Bagel ile birlikte korkun\u00e7 Ender Ejderhas\u0131&#8217;yla kar\u015f\u0131la\u015fmak \u00fczere Son&#8217;a gidiyor!   Ekibimiz bu zorlu g\u00f6revi ba\u015far\u0131yla tamamlay\u0131p Ender Ejderhas\u0131&#8217;n\u0131n d\u00fc\u015f\u00fcrd\u00fc\u011f\u00fc nesneye sahip olabilecek mi?   RESM\u0130 OLMAYAN  B\u0130R M\u0130NECRAFT MACERASI !<\/p>\n","protected":false},"excerpt":{"rendered":"<p>Bu \u00f6zg\u00fcn macerada kahraman\u0131z Minus ile tekrar birlikteyiz! SON&#8217;A HO\u015eGELD\u0130N -4 K\u00f6yl\u00fc Minus, zombi Bl\u00f6rp ve sava\u015f\u00e7\u0131 Margo yanlar\u0131nda Alberic ve Bagel ile birlikte korkun\u00e7 Ender<span class=\"excerpt-hellip\"> [\u2026]<\/span><\/p>\n","protected":false},"featured_media":0,"template":"","meta":{"_monsterinsights_skip_tracking":false,"_monsterinsights_sitenote_active":false,"_monsterinsights_sitenote_note":"","_monsterinsights_sitenote_category":0},"product_brand":[],"product_cat":[12416,12291],"product_tag":[],"class_list":{"0":"post-760019","1":"product","2":"type-product","3":"status-publish","5":"product_cat-cizgi-roman","6":"product_cat-edebiyat","7":"pa_cilt-ciltsiz","8":"pa_tur-kitap","9":"pa_yayinevi-beta-kids","10":"pa_yazar-pirate-sourcil","12":"first","13":"instock","14":"sale","15":"shipping-taxable","16":"purchasable","17":"product-type-simple"},"_links":{"self":[{"href":"https:\/\/roveyayinevi.com.tr\/index.php\/wp-json\/wp\/v2\/product\/760019","targetHints":{"allow":["GET"]}}],"collection":[{"href":"https:\/\/roveyayinevi.com.tr\/index.php\/wp-json\/wp\/v2\/product"}],"about":[{"href":"https:\/\/roveyayinevi.com.tr\/index.php\/wp-json\/wp\/v2\/types\/product"}],"wp:attachment":[{"href":"https:\/\/roveyayinevi.com.tr\/index.php\/wp-json\/wp\/v2\/media?parent=760019"}],"wp:term":[{"taxonomy":"product_brand","embeddable":true,"href":"https:\/\/roveyayinevi.com.tr\/index.php\/wp-json\/wp\/v2\/product_brand?post=760019"},{"taxonomy":"product_cat","embeddable":true,"href":"https:\/\/roveyayinevi.com.tr\/index.php\/wp-json\/wp\/v2\/product_cat?post=760019"},{"taxonomy":"product_tag","embeddable":true,"href":"https:\/\/roveyayinevi.com.tr\/index.php\/wp-json\/wp\/v2\/product_tag?post=760019"}],"curies":[{"name":"wp","href":"https:\/\/api.w.org\/{rel}","templated":true}]}}