{"id":760018,"date":"2025-08-28T08:51:46","date_gmt":"2025-08-28T05:51:46","guid":{"rendered":"https:\/\/roveyayinevi.com.tr\/index.php\/urun\/caylak-savascinin-guncesi-3-col-macerasi\/"},"modified":"2026-04-16T03:13:00","modified_gmt":"2026-04-16T00:13:00","slug":"caylak-savascinin-guncesi-3-col-macerasi","status":"publish","type":"product","link":"https:\/\/roveyayinevi.com.tr\/index.php\/urun\/caylak-savascinin-guncesi-3-col-macerasi\/","title":{"rendered":"\u00c7aylak Sava\u015f\u00e7\u0131n\u0131n G\u00fcncesi &#8211; 3 \u00c7\u00f6l Maceras\u0131"},"content":{"rendered":"<p>Bu \u00f6zg\u00fcn macerada kahraman\u0131m\u0131z Minus ile tekrar birlikteyiz!   \u00c7\u00d6L MACERASI -3   K\u00f6yl\u00fc Minus, zombi Bl\u00f6rb ve sava\u015f\u00e7\u0131 Margo korkun\u00e7 Ender Ejderhas\u0131 ile sava\u015fmak i\u00e7in ge\u00e7idi aramaya koyuldular! Ha\u015fin, sava\u015f\u00e7\u0131. Alberic \u015fa\u015fk\u0131na d\u00f6nm\u00fc\u015f durumda! Margo\u2019nun bir zombi ile i\u015fbirli\u011fi yapmas\u0131na kesinlikle anlam veremiyor. Gen\u00e7 \u00e7\u0131ra\u011f\u0131 Bagel ile birlikte kahramanlar\u0131m\u0131za engel olmaya kararl\u0131. Bakal\u0131m ba\u015farabilecekler mi?   RESM\u0130 OLMAYAN  B\u0130R M\u0130NECRAFT MACERASI !<\/p>\n","protected":false},"excerpt":{"rendered":"<p>Bu \u00f6zg\u00fcn macerada kahraman\u0131m\u0131z Minus ile tekrar birlikteyiz! \u00c7\u00d6L MACERASI -3 K\u00f6yl\u00fc Minus, zombi Bl\u00f6rb ve sava\u015f\u00e7\u0131 Margo korkun\u00e7 Ender Ejderhas\u0131 ile sava\u015fmak i\u00e7in ge\u00e7idi aramaya<span class=\"excerpt-hellip\"> [\u2026]<\/span><\/p>\n","protected":false},"featured_media":0,"template":"","meta":{"_monsterinsights_skip_tracking":false,"_monsterinsights_sitenote_active":false,"_monsterinsights_sitenote_note":"","_monsterinsights_sitenote_category":0},"product_brand":[],"product_cat":[12416,12291],"product_tag":[],"class_list":{"0":"post-760018","1":"product","2":"type-product","3":"status-publish","5":"product_cat-cizgi-roman","6":"product_cat-edebiyat","7":"pa_cilt-ciltsiz","8":"pa_tur-kitap","9":"pa_yayinevi-beta-kids","10":"pa_yazar-pirate-sourcil","12":"first","13":"instock","14":"sale","15":"shipping-taxable","16":"purchasable","17":"product-type-simple"},"_links":{"self":[{"href":"https:\/\/roveyayinevi.com.tr\/index.php\/wp-json\/wp\/v2\/product\/760018","targetHints":{"allow":["GET"]}}],"collection":[{"href":"https:\/\/roveyayinevi.com.tr\/index.php\/wp-json\/wp\/v2\/product"}],"about":[{"href":"https:\/\/roveyayinevi.com.tr\/index.php\/wp-json\/wp\/v2\/types\/product"}],"wp:attachment":[{"href":"https:\/\/roveyayinevi.com.tr\/index.php\/wp-json\/wp\/v2\/media?parent=760018"}],"wp:term":[{"taxonomy":"product_brand","embeddable":true,"href":"https:\/\/roveyayinevi.com.tr\/index.php\/wp-json\/wp\/v2\/product_brand?post=760018"},{"taxonomy":"product_cat","embeddable":true,"href":"https:\/\/roveyayinevi.com.tr\/index.php\/wp-json\/wp\/v2\/product_cat?post=760018"},{"taxonomy":"product_tag","embeddable":true,"href":"https:\/\/roveyayinevi.com.tr\/index.php\/wp-json\/wp\/v2\/product_tag?post=760018"}],"curies":[{"name":"wp","href":"https:\/\/api.w.org\/{rel}","templated":true}]}}