{"id":760017,"date":"2025-08-28T08:51:44","date_gmt":"2025-08-28T05:51:44","guid":{"rendered":"https:\/\/roveyayinevi.com.tr\/index.php\/urun\/caylak-savascinin-guncesi-2-netherda-bir-gezinti\/"},"modified":"2026-04-16T03:13:00","modified_gmt":"2026-04-16T00:13:00","slug":"caylak-savascinin-guncesi-2-netherda-bir-gezinti","status":"publish","type":"product","link":"https:\/\/roveyayinevi.com.tr\/index.php\/urun\/caylak-savascinin-guncesi-2-netherda-bir-gezinti\/","title":{"rendered":"\u00c7aylak Sava\u015f\u00e7\u0131n\u0131n G\u00fcncesi &#8211; 2 Nether\u2019da Bir Gezinti"},"content":{"rendered":"<p>Bu \u00f6zg\u00fcn macerada  kahraman\u0131z Minus ile  tekrar birlikteyiz!   NETHER&#8217;DA B\u0130R GEZ\u0130NT\u0130 -2   Minus ve Bl\u00f6rp. Sivridi\u015f&#8217;i ar\u0131yor ama hava kararmak \u00fczere. Geceyi Bl\u00f6rp&#8217;\u00fcn evinde ge\u00e7irmekten ba\u015fka \u00e7areleri yok.   Zombilerle dolu bir ma\u011farada gecelemekte ne var, de\u011fil mi?!   RESM\u0130 OLMAYAN  B\u0130R M\u0130NECRAFT MACERASI<\/p>\n","protected":false},"excerpt":{"rendered":"<p>Bu \u00f6zg\u00fcn macerada kahraman\u0131z Minus ile tekrar birlikteyiz! NETHER&#8217;DA B\u0130R GEZ\u0130NT\u0130 -2 Minus ve Bl\u00f6rp. Sivridi\u015f&#8217;i ar\u0131yor ama hava kararmak \u00fczere. Geceyi Bl\u00f6rp&#8217;\u00fcn evinde ge\u00e7irmekten ba\u015fka<span class=\"excerpt-hellip\"> [\u2026]<\/span><\/p>\n","protected":false},"featured_media":0,"template":"","meta":{"_monsterinsights_skip_tracking":false,"_monsterinsights_sitenote_active":false,"_monsterinsights_sitenote_note":"","_monsterinsights_sitenote_category":0},"product_brand":[],"product_cat":[12416,12291],"product_tag":[],"class_list":{"0":"post-760017","1":"product","2":"type-product","3":"status-publish","5":"product_cat-cizgi-roman","6":"product_cat-edebiyat","7":"pa_cilt-ciltsiz","8":"pa_tur-kitap","9":"pa_yayinevi-beta-kids","10":"pa_yazar-pirate-sourcil","12":"first","13":"instock","14":"sale","15":"shipping-taxable","16":"purchasable","17":"product-type-simple"},"_links":{"self":[{"href":"https:\/\/roveyayinevi.com.tr\/index.php\/wp-json\/wp\/v2\/product\/760017","targetHints":{"allow":["GET"]}}],"collection":[{"href":"https:\/\/roveyayinevi.com.tr\/index.php\/wp-json\/wp\/v2\/product"}],"about":[{"href":"https:\/\/roveyayinevi.com.tr\/index.php\/wp-json\/wp\/v2\/types\/product"}],"wp:attachment":[{"href":"https:\/\/roveyayinevi.com.tr\/index.php\/wp-json\/wp\/v2\/media?parent=760017"}],"wp:term":[{"taxonomy":"product_brand","embeddable":true,"href":"https:\/\/roveyayinevi.com.tr\/index.php\/wp-json\/wp\/v2\/product_brand?post=760017"},{"taxonomy":"product_cat","embeddable":true,"href":"https:\/\/roveyayinevi.com.tr\/index.php\/wp-json\/wp\/v2\/product_cat?post=760017"},{"taxonomy":"product_tag","embeddable":true,"href":"https:\/\/roveyayinevi.com.tr\/index.php\/wp-json\/wp\/v2\/product_tag?post=760017"}],"curies":[{"name":"wp","href":"https:\/\/api.w.org\/{rel}","templated":true}]}}