{"id":760016,"date":"2025-08-28T08:51:41","date_gmt":"2025-08-28T05:51:41","guid":{"rendered":"https:\/\/roveyayinevi.com.tr\/index.php\/urun\/caylak-savascinin-guncesi-1-yeni-bir-savasci\/"},"modified":"2026-04-16T03:13:00","modified_gmt":"2026-04-16T00:13:00","slug":"caylak-savascinin-guncesi-1-yeni-bir-savasci","status":"publish","type":"product","link":"https:\/\/roveyayinevi.com.tr\/index.php\/urun\/caylak-savascinin-guncesi-1-yeni-bir-savasci\/","title":{"rendered":"\u00c7aylak Sava\u015f\u00e7\u0131n\u0131n G\u00fcncesi &#8211; 1 Yeni Bir Sava\u015f\u00e7\u0131"},"content":{"rendered":"<p>Bu \u00f6zg\u00fcn macerada kahraman\u0131 Minus ile tan\u0131\u015f!   YEN\u0130 B\u0130R BA\u015eLANGI\u00c7 -1   Minus s\u0131radan bir k\u00f6yl\u00fc de\u011fil: Bir kere b\u0131rak\u0131n ticaret yapmay\u0131 havu\u00e7 yeti\u015ftirmekle bile pek ilgilenmiyor. Onun as\u0131l istedi\u011fi \u015fey bir sava\u015f\u00e7\u0131 olmak! Bir g\u00fcn, maceraya at\u0131lmak i\u00e7in t\u00fcm cesaretini toplad\u0131. \u0130nsan olmay\u0131 hayal eden bir zombi olan Bl\u00f6rp ile tan\u0131\u015ft\u0131. Birlikte ola\u011fan\u00fcst\u00fc maceralara at\u0131lacaklar\u2026 yani neredeyse ola\u011fan\u00fcst\u00fc\u2026   RESM\u0130 OLMAYAN  B\u0130R M\u0130NECRAFT MACERASI !<\/p>\n","protected":false},"excerpt":{"rendered":"<p>Bu \u00f6zg\u00fcn macerada kahraman\u0131 Minus ile tan\u0131\u015f! YEN\u0130 B\u0130R BA\u015eLANGI\u00c7 -1 Minus s\u0131radan bir k\u00f6yl\u00fc de\u011fil: Bir kere b\u0131rak\u0131n ticaret yapmay\u0131 havu\u00e7 yeti\u015ftirmekle bile pek ilgilenmiyor.<span class=\"excerpt-hellip\"> [\u2026]<\/span><\/p>\n","protected":false},"featured_media":0,"template":"","meta":{"_monsterinsights_skip_tracking":false,"_monsterinsights_sitenote_active":false,"_monsterinsights_sitenote_note":"","_monsterinsights_sitenote_category":0},"product_brand":[],"product_cat":[12416,12291],"product_tag":[],"class_list":{"0":"post-760016","1":"product","2":"type-product","3":"status-publish","5":"product_cat-cizgi-roman","6":"product_cat-edebiyat","7":"pa_cilt-ciltsiz","8":"pa_tur-kitap","9":"pa_yayinevi-beta-kids","10":"pa_yazar-pirate-sourcil","12":"first","13":"instock","14":"sale","15":"shipping-taxable","16":"purchasable","17":"product-type-simple"},"_links":{"self":[{"href":"https:\/\/roveyayinevi.com.tr\/index.php\/wp-json\/wp\/v2\/product\/760016","targetHints":{"allow":["GET"]}}],"collection":[{"href":"https:\/\/roveyayinevi.com.tr\/index.php\/wp-json\/wp\/v2\/product"}],"about":[{"href":"https:\/\/roveyayinevi.com.tr\/index.php\/wp-json\/wp\/v2\/types\/product"}],"wp:attachment":[{"href":"https:\/\/roveyayinevi.com.tr\/index.php\/wp-json\/wp\/v2\/media?parent=760016"}],"wp:term":[{"taxonomy":"product_brand","embeddable":true,"href":"https:\/\/roveyayinevi.com.tr\/index.php\/wp-json\/wp\/v2\/product_brand?post=760016"},{"taxonomy":"product_cat","embeddable":true,"href":"https:\/\/roveyayinevi.com.tr\/index.php\/wp-json\/wp\/v2\/product_cat?post=760016"},{"taxonomy":"product_tag","embeddable":true,"href":"https:\/\/roveyayinevi.com.tr\/index.php\/wp-json\/wp\/v2\/product_tag?post=760016"}],"curies":[{"name":"wp","href":"https:\/\/api.w.org\/{rel}","templated":true}]}}