{"id":760015,"date":"2025-08-28T08:51:39","date_gmt":"2025-08-28T05:51:39","guid":{"rendered":"https:\/\/roveyayinevi.com.tr\/index.php\/urun\/bibbidi-bobbidi-akademisi-rory-ve-sihirli-karisiklar\/"},"modified":"2026-04-16T03:13:00","modified_gmt":"2026-04-16T00:13:00","slug":"bibbidi-bobbidi-akademisi-rory-ve-sihirli-karisiklar","status":"publish","type":"product","link":"https:\/\/roveyayinevi.com.tr\/index.php\/urun\/bibbidi-bobbidi-akademisi-rory-ve-sihirli-karisiklar\/","title":{"rendered":"Bibbidi Bobbidi Akademisi Rory ve Sihirli Kar\u0131\u015f\u0131klar"},"content":{"rendered":"<p>Bibbidi Bobbidi Akademisi Rory ve Sihirli Kar\u0131\u015f\u0131klar<\/p>\n","protected":false},"excerpt":{"rendered":"<p>Bibbidi Bobbidi Akademisi Rory ve Sihirli Kar\u0131\u015f\u0131klar<\/p>\n","protected":false},"featured_media":0,"template":"","meta":{"_monsterinsights_skip_tracking":false,"_monsterinsights_sitenote_active":false,"_monsterinsights_sitenote_note":"","_monsterinsights_sitenote_category":0},"product_brand":[],"product_cat":[12689,12274],"product_tag":[],"class_list":{"0":"post-760015","1":"product","2":"type-product","3":"status-publish","5":"product_cat-cizgi-roman-cocuk-ve-genclik-kitaplari","6":"product_cat-cocuk-ve-genclik-kitaplari","7":"pa_cilt-ciltsiz","8":"pa_tur-kitap","9":"pa_yayinevi-beta-kids","10":"pa_yazar-kallie-george","12":"first","13":"instock","14":"sale","15":"shipping-taxable","16":"purchasable","17":"product-type-simple"},"_links":{"self":[{"href":"https:\/\/roveyayinevi.com.tr\/index.php\/wp-json\/wp\/v2\/product\/760015","targetHints":{"allow":["GET"]}}],"collection":[{"href":"https:\/\/roveyayinevi.com.tr\/index.php\/wp-json\/wp\/v2\/product"}],"about":[{"href":"https:\/\/roveyayinevi.com.tr\/index.php\/wp-json\/wp\/v2\/types\/product"}],"wp:attachment":[{"href":"https:\/\/roveyayinevi.com.tr\/index.php\/wp-json\/wp\/v2\/media?parent=760015"}],"wp:term":[{"taxonomy":"product_brand","embeddable":true,"href":"https:\/\/roveyayinevi.com.tr\/index.php\/wp-json\/wp\/v2\/product_brand?post=760015"},{"taxonomy":"product_cat","embeddable":true,"href":"https:\/\/roveyayinevi.com.tr\/index.php\/wp-json\/wp\/v2\/product_cat?post=760015"},{"taxonomy":"product_tag","embeddable":true,"href":"https:\/\/roveyayinevi.com.tr\/index.php\/wp-json\/wp\/v2\/product_tag?post=760015"}],"curies":[{"name":"wp","href":"https:\/\/api.w.org\/{rel}","templated":true}]}}