{"id":760013,"date":"2025-08-28T08:51:35","date_gmt":"2025-08-28T05:51:35","guid":{"rendered":"https:\/\/roveyayinevi.com.tr\/index.php\/urun\/disney-ducktales-gizemleri-cozmek-ve-tarihi-bastan-yazmak\/"},"modified":"2026-04-16T03:13:00","modified_gmt":"2026-04-16T00:13:00","slug":"disney-ducktales-gizemleri-cozmek-ve-tarihi-bastan-yazmak","status":"publish","type":"product","link":"https:\/\/roveyayinevi.com.tr\/index.php\/urun\/disney-ducktales-gizemleri-cozmek-ve-tarihi-bastan-yazmak\/","title":{"rendered":"Disney DuckTales Gizemleri \u00c7\u00f6zmek ve Tarihi Ba\u015ftan Yazmak!"},"content":{"rendered":"<p>Milyonlar \u015funu soruyor:   Neden otobiyografi mi yaz\u0131yorum? Hem ben macera unumu eleyip ele\u011fi duvara asmad\u0131m m\u0131? Macera az\u0131c\u0131k ara verdi\u011fim do\u011fru. Bu otobiyografi at\u0131ld\u0131\u011f\u0131m yeni maceralar\u0131n bir kayd\u0131, yeni nesle nas\u0131l Varyemez tarz\u0131 macera ya\u015fanaca\u011f\u0131n\u0131 g\u00f6steren bir rehber niteli\u011finde.   Maceraya ger\u00e7ekten nas\u0131l at\u0131laca\u011f\u0131n\u0131 \u00f6\u011frenmek istiyorsan\u0131z, MAV\u0130 yaz\u0131lara odaklan\u0131n!<\/p>\n","protected":false},"excerpt":{"rendered":"<p>Milyonlar \u015funu soruyor: Neden otobiyografi mi yaz\u0131yorum? Hem ben macera unumu eleyip ele\u011fi duvara asmad\u0131m m\u0131? Macera az\u0131c\u0131k ara verdi\u011fim do\u011fru. Bu otobiyografi at\u0131ld\u0131\u011f\u0131m yeni maceralar\u0131n<span class=\"excerpt-hellip\"> [\u2026]<\/span><\/p>\n","protected":false},"featured_media":0,"template":"","meta":{"_monsterinsights_skip_tracking":false,"_monsterinsights_sitenote_active":false,"_monsterinsights_sitenote_note":"","_monsterinsights_sitenote_category":0},"product_brand":[],"product_cat":[12275,12274],"product_tag":[],"class_list":{"0":"post-760013","1":"product","2":"type-product","3":"status-publish","5":"product_cat-6-12-yas-kitaplari","6":"product_cat-cocuk-ve-genclik-kitaplari","7":"pa_cilt-ciltsiz","8":"pa_tur-kitap","9":"pa_yayinevi-beta-kids","10":"pa_yazar-rohona-cleary","12":"first","13":"instock","14":"sale","15":"shipping-taxable","16":"purchasable","17":"product-type-simple"},"_links":{"self":[{"href":"https:\/\/roveyayinevi.com.tr\/index.php\/wp-json\/wp\/v2\/product\/760013","targetHints":{"allow":["GET"]}}],"collection":[{"href":"https:\/\/roveyayinevi.com.tr\/index.php\/wp-json\/wp\/v2\/product"}],"about":[{"href":"https:\/\/roveyayinevi.com.tr\/index.php\/wp-json\/wp\/v2\/types\/product"}],"wp:attachment":[{"href":"https:\/\/roveyayinevi.com.tr\/index.php\/wp-json\/wp\/v2\/media?parent=760013"}],"wp:term":[{"taxonomy":"product_brand","embeddable":true,"href":"https:\/\/roveyayinevi.com.tr\/index.php\/wp-json\/wp\/v2\/product_brand?post=760013"},{"taxonomy":"product_cat","embeddable":true,"href":"https:\/\/roveyayinevi.com.tr\/index.php\/wp-json\/wp\/v2\/product_cat?post=760013"},{"taxonomy":"product_tag","embeddable":true,"href":"https:\/\/roveyayinevi.com.tr\/index.php\/wp-json\/wp\/v2\/product_tag?post=760013"}],"curies":[{"name":"wp","href":"https:\/\/api.w.org\/{rel}","templated":true}]}}