{"id":760012,"date":"2025-08-28T08:51:34","date_gmt":"2025-08-28T05:51:34","guid":{"rendered":"https:\/\/roveyayinevi.com.tr\/index.php\/urun\/dunya-model-insani-ariyor\/"},"modified":"2026-04-03T03:17:11","modified_gmt":"2026-04-03T00:17:11","slug":"dunya-model-insani-ariyor","status":"publish","type":"product","link":"https:\/\/roveyayinevi.com.tr\/index.php\/urun\/dunya-model-insani-ariyor\/","title":{"rendered":"D\u00fcnya Model \u0130nsan\u0131 Ar\u0131yor"},"content":{"rendered":"<p>\u0130nsan; ak\u0131l ve idrakiyle ilmin, \u00f6z\u00fc ile evrensel birlik ve b\u00fct\u00fcnl\u00fckte Yaradan\u2019\u0131n temsilcisidir. T\u00fcm hakikat t\u00fcm ger\u00e7ekli\u011fiyle insandad\u0131r. \u0130nsan kimdir, hakikati nedir gibi sorular ve cevaplar\u0131yla tarifi ne kadar karma\u015f\u0131k gelse de hakikatinde insan nettir. \u00c7\u00fcnk\u00fc o, \u00f6zd\u00fcr. Yaradan\u2019\u0131n \u00f6z\u00fcd\u00fcr ki Yarat\u0131c\u0131 ona isim verdi ve kendine yak\u0131n k\u0131ld\u0131. Ona kendi \u00f6z\u00fcnden \u00f6z b\u0131rakt\u0131 ve kendisinin de orada oldu\u011funu hissetmesini istedi. \u00d6z i\u00e7inde, mikrodan makroya bir yol verdi ve olgunla\u015farak \u0131\u015f\u0131\u011fa kavu\u015fmas\u0131n\u0131 istedi. Mikro kendi b\u00fct\u00fcnl\u00fc\u011f\u00fcnde makroya ula\u015ft\u0131 ve ayd\u0131nl\u0131\u011fa \u00e7\u0131kt\u0131, tamamland\u0131 tam oldu, kutsal insan do\u011fdu. \u0130nsan\u0131n m\u00fckemmel yarat\u0131l\u0131\u015f\u0131 ancak bu \u015fekilde ifade edilebilirdi. \u00c7\u00fcnk\u00fc her bir insan saf yarat\u0131l\u0131\u015f haliyle model insand\u0131r. D\u00fcnya ise Yaradan\u2019\u0131n kendisine verdi\u011fi de\u011feri hak eden ve yery\u00fcz\u00fcndeki temsil yetkisini lay\u0131k\u0131yla ger\u00e7ekle\u015ftiren bu insan\u0131 ar\u0131yor, sen O musun? <\/p>\n","protected":false},"excerpt":{"rendered":"<p>\u0130nsan; ak\u0131l ve idrakiyle ilmin, \u00f6z\u00fc ile evrensel birlik ve b\u00fct\u00fcnl\u00fckte Yaradan\u2019\u0131n temsilcisidir. T\u00fcm hakikat t\u00fcm ger\u00e7ekli\u011fiyle insandad\u0131r. \u0130nsan kimdir, hakikati nedir gibi sorular ve cevaplar\u0131yla<span class=\"excerpt-hellip\"> [\u2026]<\/span><\/p>\n","protected":false},"featured_media":0,"template":"","meta":{"_monsterinsights_skip_tracking":false,"_monsterinsights_sitenote_active":false,"_monsterinsights_sitenote_note":"","_monsterinsights_sitenote_category":0},"product_brand":[],"product_cat":[12364,12376],"product_tag":[],"class_list":{"0":"post-760012","1":"product","2":"type-product","3":"status-publish","5":"product_cat-genel-konular","6":"product_cat-kisisel-gelisim","7":"pa_cilt-ciltsiz","8":"pa_tur-kitap","9":"pa_yayinevi-doksan-dokuz-yayinlari","10":"pa_yazar-fuat-erkan","12":"first","13":"instock","14":"sale","15":"shipping-taxable","16":"purchasable","17":"product-type-simple"},"_links":{"self":[{"href":"https:\/\/roveyayinevi.com.tr\/index.php\/wp-json\/wp\/v2\/product\/760012","targetHints":{"allow":["GET"]}}],"collection":[{"href":"https:\/\/roveyayinevi.com.tr\/index.php\/wp-json\/wp\/v2\/product"}],"about":[{"href":"https:\/\/roveyayinevi.com.tr\/index.php\/wp-json\/wp\/v2\/types\/product"}],"wp:attachment":[{"href":"https:\/\/roveyayinevi.com.tr\/index.php\/wp-json\/wp\/v2\/media?parent=760012"}],"wp:term":[{"taxonomy":"product_brand","embeddable":true,"href":"https:\/\/roveyayinevi.com.tr\/index.php\/wp-json\/wp\/v2\/product_brand?post=760012"},{"taxonomy":"product_cat","embeddable":true,"href":"https:\/\/roveyayinevi.com.tr\/index.php\/wp-json\/wp\/v2\/product_cat?post=760012"},{"taxonomy":"product_tag","embeddable":true,"href":"https:\/\/roveyayinevi.com.tr\/index.php\/wp-json\/wp\/v2\/product_tag?post=760012"}],"curies":[{"name":"wp","href":"https:\/\/api.w.org\/{rel}","templated":true}]}}