{"id":760011,"date":"2025-08-28T08:51:31","date_gmt":"2025-08-28T05:51:31","guid":{"rendered":"https:\/\/roveyayinevi.com.tr\/index.php\/urun\/edebiyatci-gozuyle-sozun-izinde\/"},"modified":"2026-04-16T03:13:00","modified_gmt":"2026-04-16T00:13:00","slug":"edebiyatci-gozuyle-sozun-izinde","status":"publish","type":"product","link":"https:\/\/roveyayinevi.com.tr\/index.php\/urun\/edebiyatci-gozuyle-sozun-izinde\/","title":{"rendered":"Edebiyat\u00e7\u0131 G\u00f6z\u00fcyle S\u00f6z\u00fcn \u0130zinde"},"content":{"rendered":"<p>Kamber de kim ola ki onsuz d\u00fc\u011f\u00fcn olmuyor?Paye ve ahtapot s\u00f6zc\u00fckleri aras\u0131nda nas\u0131l bir ili\u015fki var?Ba\u015f\u0131na ku\u015f pisleyen neden piyango bileti almak ister?Hunharca g\u00fclenlerden neden korkmal\u0131y\u0131z?H\u0131yar neden kaba bir s\u00f6zc\u00fck kabul edilmeye ba\u015fland\u0131?\u201cAnt\u201d neden yenmez de i\u00e7ilir?E\u011flenceli, bilgilendirici ve ilham verici hik\u00e2yelerle dolu Edebiyat\u00e7\u0131 G\u00f6z\u00fcyle S\u00f6z\u00fcn \u0130zinde, dilin inceliklerini bir edebiyat\u00e7\u0131n\u0131n bak\u0131\u015f a\u00e7\u0131s\u0131yla ele al\u0131rken deyimlerin arka plan\u0131ndaki tarihi olaylar\u0131 inceleyip ge\u00e7mi\u015fin dil \u00fczerindeki etkisini de g\u00f6zler \u00f6n\u00fcne seriyor&#8230;Do\u011fru sand\u0131\u011f\u0131m\u0131z, yanl\u0131\u015f kulland\u0131\u011f\u0131m\u0131z ifadeleri; birbiriyle ilgisiz sand\u0131\u011f\u0131m\u0131z s\u00f6zc\u00fcklerin aras\u0131ndaki \u015fa\u015f\u0131rt\u0131c\u0131 anlam ili\u015fkilerini ve s\u00f6zc\u00fcklerin k\u00f6kenlerini \u00f6\u011frenirken her kelime kendi \u00f6yk\u00fcs\u00fc, her deyim kendi k\u00fclt\u00fcr\u00fcn\u00fcn izleriyle inceleniyor.Etimoloji merakl\u0131lar\u0131 i\u00e7in, kelimelerin zaman i\u00e7inde nas\u0131l evrildi\u011fini anlat\u0131rken tarihi ve k\u00fclt\u00fcrel ba\u011flar\u0131n\u0131 da ortaya koyarak okuyucular\u0131 dilin gizemli labirentlerinde gezdiriyorKitab\u0131n\u0131z elinizde, yast\u0131\u011f\u0131n\u0131z belinizde, Edebiyat\u00e7\u0131 G\u00f6z\u00fcyle S\u00f6z\u00fcn \u0130zinde bir yolculu\u011fa var m\u0131s\u0131n\u0131z?<\/p>\n","protected":false},"excerpt":{"rendered":"<p>Kamber de kim ola ki onsuz d\u00fc\u011f\u00fcn olmuyor?Paye ve ahtapot s\u00f6zc\u00fckleri aras\u0131nda nas\u0131l bir ili\u015fki var?Ba\u015f\u0131na ku\u015f pisleyen neden piyango bileti almak ister?Hunharca g\u00fclenlerden neden korkmal\u0131y\u0131z?H\u0131yar<span class=\"excerpt-hellip\"> [\u2026]<\/span><\/p>\n","protected":false},"featured_media":0,"template":"","meta":{"_monsterinsights_skip_tracking":false,"_monsterinsights_sitenote_active":false,"_monsterinsights_sitenote_note":"","_monsterinsights_sitenote_category":0},"product_brand":[],"product_cat":[13072,12291],"product_tag":[],"class_list":{"0":"post-760011","1":"product","2":"type-product","3":"status-publish","5":"product_cat-arastirma-inceleme-referans","6":"product_cat-edebiyat","7":"pa_cilt-ciltsiz","8":"pa_tur-kitap","9":"pa_yayinevi-literatur-yayinevi","10":"pa_yazar-ayca-akcay","12":"first","13":"instock","14":"sale","15":"shipping-taxable","16":"purchasable","17":"product-type-simple"},"_links":{"self":[{"href":"https:\/\/roveyayinevi.com.tr\/index.php\/wp-json\/wp\/v2\/product\/760011","targetHints":{"allow":["GET"]}}],"collection":[{"href":"https:\/\/roveyayinevi.com.tr\/index.php\/wp-json\/wp\/v2\/product"}],"about":[{"href":"https:\/\/roveyayinevi.com.tr\/index.php\/wp-json\/wp\/v2\/types\/product"}],"wp:attachment":[{"href":"https:\/\/roveyayinevi.com.tr\/index.php\/wp-json\/wp\/v2\/media?parent=760011"}],"wp:term":[{"taxonomy":"product_brand","embeddable":true,"href":"https:\/\/roveyayinevi.com.tr\/index.php\/wp-json\/wp\/v2\/product_brand?post=760011"},{"taxonomy":"product_cat","embeddable":true,"href":"https:\/\/roveyayinevi.com.tr\/index.php\/wp-json\/wp\/v2\/product_cat?post=760011"},{"taxonomy":"product_tag","embeddable":true,"href":"https:\/\/roveyayinevi.com.tr\/index.php\/wp-json\/wp\/v2\/product_tag?post=760011"}],"curies":[{"name":"wp","href":"https:\/\/api.w.org\/{rel}","templated":true}]}}