{"id":760010,"date":"2025-08-28T08:51:29","date_gmt":"2025-08-28T05:51:29","guid":{"rendered":"https:\/\/roveyayinevi.com.tr\/index.php\/urun\/deniz-ruzgari-altinda\/"},"modified":"2026-01-29T03:51:59","modified_gmt":"2026-01-29T00:51:59","slug":"deniz-ruzgari-altinda","status":"publish","type":"product","link":"https:\/\/roveyayinevi.com.tr\/index.php\/urun\/deniz-ruzgari-altinda\/","title":{"rendered":"Deniz R\u00fczgar\u0131 Alt\u0131nda"},"content":{"rendered":"<p>\u201cRachel Carson, \u00e7evre konusunda bu kadar bilin\u00e7lenmemin ve \u00e7evre sorunlar\u0131yla bu kadar ilgilenmemin nedenlerinden biriydi. . . . Foto\u011fraf\u0131 ofisimin duvar\u0131nda siyasi liderlerin, ba\u015fkanlar\u0131n ve ba\u015fbakanlar\u0131n foto\u011fraflar\u0131n\u0131n aras\u0131nda as\u0131l\u0131 duruyor. Y\u0131llard\u0131r orada duruyor ve oraya ait. Carson&#8217;\u0131n \u00fczerimdeki etkisi hepsinden, belki de hepsinin toplam\u0131ndan daha fazla olmu\u015ftur.\u201d \u2014Al Gore   Deniz R\u00fczg\u00e2r\u0131 Alt\u0131nda, Rachel Carson&#8217;\u0131n do\u011fan\u0131n e\u015fsiz g\u00fczelliklerini ve karma\u015f\u0131kl\u0131klar\u0131n\u0131 b\u00fcy\u00fcleyici bir dille anlatt\u0131\u011f\u0131 ba\u015fyap\u0131t\u0131d\u0131r. Carson, bu eseriyle okuyucular\u0131n\u0131 denizin derinliklerine, g\u00f6zlerden uzakta ya\u015fanan hayat\u0131n ortas\u0131na \u00e7ekiyor. Deniz canl\u0131lar\u0131n\u0131n ya\u015fam d\u00f6ng\u00fclerini, m\u00fccadelelerini ve ekosistem i\u00e7indeki etkile\u015fimlerini detayl\u0131 bir \u015fekilde ele alan Carson&#8217;\u0131n anlat\u0131m\u0131ndaki derinlik ve ayr\u0131nt\u0131, okuyucular\u0131n deniz d\u00fcnyas\u0131n\u0131 birinci elden tecr\u00fcbe etmelerini sa\u011fl\u0131yor.   Deniz R\u00fczg\u00e2r\u0131 Alt\u0131nda, \u00e7evre bilincinin geli\u015fiminde kritik bir rol oynam\u0131\u015ft\u0131r. 20. y\u00fczy\u0131l\u0131n ortalar\u0131nda yay\u0131mland\u0131\u011f\u0131nda, do\u011fal d\u00fcnyaya olan ilgiyi ve \u00e7evre koruma hareketini \u00f6nemli \u00f6l\u00e7\u00fcde etkilemi\u015ftir. Carson, do\u011fan\u0131n karma\u015f\u0131k dengesini ve insan etkinliklerinin bu dengedeki potansiyel zararlar\u0131n\u0131 g\u00f6zler \u00f6n\u00fcne sererek, \u00e7evresel s\u00fcrd\u00fcr\u00fclebilirlik konusunda erken bir uyar\u0131c\u0131 olmu\u015ftur. Bilim ve edebiyat\u0131n kesi\u015fiminde duran Deniz R\u00fczg\u00e2r\u0131 Alt\u0131nda, \u00e7evre bilincinin artmas\u0131nda \u00f6nemli bir rol \u00fcstlenmi\u015ftir.   Daha \u00f6nce Bizi Saran Deniz adl\u0131 kitab\u0131n\u0131 yay\u0131mlad\u0131\u011f\u0131m\u0131z Carson, kitap boyunca bilimsel ger\u00e7ekleri ve g\u00f6zlemleri \u015fiirsel bir dil ve ak\u0131c\u0131 bir anlat\u0131m ile birle\u015ftirerek bizlere e\u015fsiz bir okuma deneyimi sunuyor.   Yay\u0131mland\u0131\u011f\u0131 g\u00fcnden bu yana ele\u015ftirmenlerden ve okurlardan b\u00fcy\u00fck \u00f6vg\u00fc toplayan Deniz R\u00fczg\u00e2r\u0131 Alt\u0131nda, do\u011fa yaz\u0131n\u0131nda bir d\u00f6n\u00fcm noktas\u0131 olarak kabul edilmekte ve Carson&#8217;\u0131n do\u011fa \u00fczerine yazd\u0131\u011f\u0131 di\u011fer eserlerle birlikte, \u00e7evre bilimine ve edebiyat\u0131na yap\u0131lan katk\u0131lar a\u00e7\u0131s\u0131ndan g\u00fcn\u00fcm\u00fczde de b\u00fcy\u00fck bir \u00f6nem ta\u015f\u0131maya devam etmektedir. Sadece bir do\u011fa tarihi \u00e7al\u0131\u015fmas\u0131 olman\u0131n \u00f6tesinde, insanlar\u0131n do\u011fa ile ili\u015fkilerini yeniden de\u011ferlendirmeleri ve \u00e7evreye olan sorumluluklar\u0131n\u0131 fark etmeleri i\u00e7in y\u0131llard\u0131r k\u0131lavuzluk eden bu ba\u015fyap\u0131t\u0131 T\u00fcrk\u00e7e olarak yay\u0131mlaman\u0131n gururunu ya\u015f\u0131yoruz. <\/p>\n","protected":false},"excerpt":{"rendered":"<p>\u201cRachel Carson, \u00e7evre konusunda bu kadar bilin\u00e7lenmemin ve \u00e7evre sorunlar\u0131yla bu kadar ilgilenmemin nedenlerinden biriydi. . . . Foto\u011fraf\u0131 ofisimin duvar\u0131nda siyasi liderlerin, ba\u015fkanlar\u0131n ve ba\u015fbakanlar\u0131n<span class=\"excerpt-hellip\"> [\u2026]<\/span><\/p>\n","protected":false},"featured_media":0,"template":"","meta":{"_monsterinsights_skip_tracking":false,"_monsterinsights_sitenote_active":false,"_monsterinsights_sitenote_note":"","_monsterinsights_sitenote_category":0},"product_brand":[],"product_cat":[12777,12291],"product_tag":[],"class_list":{"0":"post-760010","1":"product","2":"type-product","3":"status-publish","5":"product_cat-deneme","6":"product_cat-edebiyat","7":"pa_cilt-ciltsiz","8":"pa_tur-kitap","9":"pa_yayinevi-livera-yayinevi","10":"pa_yazar-rachel-carson","12":"first","13":"instock","14":"sale","15":"shipping-taxable","16":"purchasable","17":"product-type-simple"},"_links":{"self":[{"href":"https:\/\/roveyayinevi.com.tr\/index.php\/wp-json\/wp\/v2\/product\/760010","targetHints":{"allow":["GET"]}}],"collection":[{"href":"https:\/\/roveyayinevi.com.tr\/index.php\/wp-json\/wp\/v2\/product"}],"about":[{"href":"https:\/\/roveyayinevi.com.tr\/index.php\/wp-json\/wp\/v2\/types\/product"}],"wp:attachment":[{"href":"https:\/\/roveyayinevi.com.tr\/index.php\/wp-json\/wp\/v2\/media?parent=760010"}],"wp:term":[{"taxonomy":"product_brand","embeddable":true,"href":"https:\/\/roveyayinevi.com.tr\/index.php\/wp-json\/wp\/v2\/product_brand?post=760010"},{"taxonomy":"product_cat","embeddable":true,"href":"https:\/\/roveyayinevi.com.tr\/index.php\/wp-json\/wp\/v2\/product_cat?post=760010"},{"taxonomy":"product_tag","embeddable":true,"href":"https:\/\/roveyayinevi.com.tr\/index.php\/wp-json\/wp\/v2\/product_tag?post=760010"}],"curies":[{"name":"wp","href":"https:\/\/api.w.org\/{rel}","templated":true}]}}