{"id":760009,"date":"2025-08-28T08:51:27","date_gmt":"2025-08-28T05:51:27","guid":{"rendered":"https:\/\/roveyayinevi.com.tr\/index.php\/urun\/dayanismanin-zincirlerini-cozmek\/"},"modified":"2026-04-16T03:13:00","modified_gmt":"2026-04-16T00:13:00","slug":"dayanismanin-zincirlerini-cozmek","status":"publish","type":"product","link":"https:\/\/roveyayinevi.com.tr\/index.php\/urun\/dayanismanin-zincirlerini-cozmek\/","title":{"rendered":"Dayan\u0131\u015fman\u0131n Zincirlerini \u00c7\u00f6zmek"},"content":{"rendered":"<p>\u201cDayan\u0131\u015fmay\u0131, kar\u015f\u0131l\u0131kl\u0131 yard\u0131mla\u015fmay\u0131 ve anar\u015fizmi d\u00fc\u015f\u00fcnmek, nas\u0131l birlikte ya\u015fayabilece\u011fimiz ve ya\u015fad\u0131\u011f\u0131m\u0131zla bunu nas\u0131l farkl\u0131 yapabilece\u011fimizi d\u00fc\u015f\u00fcnmektir. Kar\u015f\u0131l\u0131kl\u0131 yard\u0131mla\u015fma Peter Kropotkin\u2019in me\u015fhur ifadesinde evrimsel bir etmendir ama ayn\u0131 zamanda eylemcilerin kriz zamanlar\u0131nda giri\u015ftikleri bilin\u00e7li bir politik stratejidir. Biyoloji ve politikay\u0131 birle\u015ftiren bu tutum, ihtilaflara ve hatta mahcubiyete kaynakl\u0131k etse de yak\u0131n d\u00f6nemin geli\u015fmeleri yeniden d\u00fc\u015f\u00fcnmeyi gerektirmektedir. Bu cilde katk\u0131da bulunan yaz\u0131lar, kar\u015f\u0131l\u0131kl\u0131 yard\u0131mla\u015fma fikrine duyulan ilgiyi yenilemeyi ve biyolojik iddialar\u0131n nas\u0131l \u00f6zc\u00fc k\u0131s\u0131tlamalar gibi g\u00f6r\u00fcnmeden politik projelere dahil edilebilece\u011fini d\u00fc\u015f\u00fcnmeyi hedeflemektedir. Dolay\u0131s\u0131yla dayan\u0131\u015fman\u0131n ve kar\u015f\u0131l\u0131kl\u0131 yard\u0131mla\u015fman\u0131n toplumsal ya\u015fam\u0131m\u0131z i\u00e7in ta\u015f\u0131d\u0131\u011f\u0131 gereklili\u011fe i\u015faret ederken onlar\u0131 s\u0131k s\u0131k i\u00e7inde buldu\u011fumuz biyolojik ve sembolik zincirlerden kurtarmay\u0131 ama\u00e7lamaktad\u0131r.\u201d   \u00d6zg\u00fcrl\u00fck\u00e7\u00fc d\u00fc\u015f\u00fcnce tarihinin en etkili d\u00fc\u015f\u00fcn\u00fcrlerinden anar\u015fist kom\u00fcnizmin kuramc\u0131s\u0131 Peter Kropotkin\u2019in Kar\u015f\u0131l\u0131kl\u0131 Yard\u0131mla\u015fma kitab\u0131, dayan\u0131\u015fma ve yard\u0131mla\u015fma ahlak\u0131n\u0131n do\u011fadaki ve insan \u00f6ncesi t\u00fcrlerdeki k\u00f6kenlerinin izini s\u00fcren klasikle\u015fmi\u015f bir \u00e7al\u0131\u015fmad\u0131r. Geli\u015ftirdi\u011fi nor\u00f6plastisite kavram\u0131 \u00fczerinden n\u00f6robilim alan\u0131na \u00f6nemli katk\u0131larda bulunan ve Derrida\u2019n\u0131n \u00f6\u011frencisi olmu\u015f \u00e7a\u011fda\u015f filozof Catherine Malabou\u2019nun ge\u00e7 d\u00f6nem \u00e7al\u0131\u015fmalar\u0131 da giderek anar\u015fizm \u00fczerine yo\u011funla\u015fmaktad\u0131r. B\u00f6ylece \u00e7a\u011fda\u015f Frans\u0131z felsefesi ile klasik Rus anar\u015fizmi aras\u0131nda kar\u015f\u0131l\u0131kl\u0131 yard\u0131mla\u015fmaya dayal\u0131, \u00f6zg\u00fcr bir temas do\u011fmu\u015f olur. Fakat bu ciltte bir araya gelen metinler iki b\u00fcy\u00fck d\u00fc\u015f\u00fcnsel kayna\u011f\u0131 daha bir araya getirirler: Fen bilimleri ve sosyal bilimler aras\u0131nda \u00f6zellikle insan do\u011fas\u0131 tart\u0131\u015fmalar\u0131 konusundaki kutupla\u015fmalar\u0131 a\u015facak k\u00f6pr\u00fcler kuran bir felsefi-politik tart\u0131\u015fma zemini kitab\u0131n yazarlar\u0131 taraf\u0131ndan yine ayn\u0131 do\u011frultuda kurulur. Darwin, Kropotkin, Proudhon, Stirner, Foucault, Simondon, Dawkins, Malabou gibi d\u00fc\u015f\u00fcn\u00fcrler etraf\u0131nda geli\u015fen bir dizi tart\u0131\u015fmadan yola \u00e7\u0131karak; \u0131rk\u00e7\u0131l\u0131k kar\u015f\u0131t\u0131 hareketler, Siyah hareketi, Polonya Dayan\u0131\u015fma Hareketi, feminist hareket, LGBT\u0130+ hareketler, m\u00fc\u015fterekler m\u00fccadelesi gibi toplumsal hareketlere odaklanan bu eser, insan \u00f6znelli\u011fi ile dayan\u0131\u015fmac\u0131 direni\u015f bi\u00e7imleri aras\u0131ndaki ba\u011flant\u0131lara dikkat \u00e7eker. Tam da Kropotkin\u2019in yapt\u0131\u011f\u0131 gibi, insan \u00f6ncesi biyolojik k\u00f6kenlerden en kapsaml\u0131 dayan\u0131\u015fmac\u0131 m\u00fccadelelere uzanan ortak \u00e7izgileri, Malabou\u2019nun n\u00f6roplastisite kavram\u0131 etraf\u0131ndan d\u00f6nen ola\u011fan\u00fcst\u00fc zengin tart\u0131\u015fmalar\u0131n \u0131\u015f\u0131\u011f\u0131nda belirginle\u015ftirir. Dayan\u0131\u015fman\u0131n Zincirlerini \u00c7\u00f6zmek bug\u00fcn felsefe, bilim ve politikan\u0131n bamba\u015fka bir kesi\u015fimine i\u015faret ederek politikay\u0131 biyolojinin yard\u0131m\u0131yla d\u00fc\u015f\u00fcnmenin zorunlu olarak bir fiyaskoyla sonu\u00e7lanmaya mahk\u00fbm olmad\u0131\u011f\u0131n\u0131 g\u00f6sterir. <\/p>\n","protected":false},"excerpt":{"rendered":"<p>\u201cDayan\u0131\u015fmay\u0131, kar\u015f\u0131l\u0131kl\u0131 yard\u0131mla\u015fmay\u0131 ve anar\u015fizmi d\u00fc\u015f\u00fcnmek, nas\u0131l birlikte ya\u015fayabilece\u011fimiz ve ya\u015fad\u0131\u011f\u0131m\u0131zla bunu nas\u0131l farkl\u0131 yapabilece\u011fimizi d\u00fc\u015f\u00fcnmektir. Kar\u015f\u0131l\u0131kl\u0131 yard\u0131mla\u015fma Peter Kropotkin\u2019in me\u015fhur ifadesinde evrimsel bir etmendir ama<span class=\"excerpt-hellip\"> [\u2026]<\/span><\/p>\n","protected":false},"featured_media":0,"template":"","meta":{"_monsterinsights_skip_tracking":false,"_monsterinsights_sitenote_active":false,"_monsterinsights_sitenote_note":"","_monsterinsights_sitenote_category":0},"product_brand":[],"product_cat":[12388],"product_tag":[],"class_list":{"0":"post-760009","1":"product","2":"type-product","3":"status-publish","5":"product_cat-felsefe","6":"pa_cilt-ciltsiz","7":"pa_tur-kitap","8":"pa_yayinevi-livera-yayinevi","9":"pa_yazar-kolektif","11":"first","12":"instock","13":"sale","14":"shipping-taxable","15":"purchasable","16":"product-type-simple"},"_links":{"self":[{"href":"https:\/\/roveyayinevi.com.tr\/index.php\/wp-json\/wp\/v2\/product\/760009","targetHints":{"allow":["GET"]}}],"collection":[{"href":"https:\/\/roveyayinevi.com.tr\/index.php\/wp-json\/wp\/v2\/product"}],"about":[{"href":"https:\/\/roveyayinevi.com.tr\/index.php\/wp-json\/wp\/v2\/types\/product"}],"wp:attachment":[{"href":"https:\/\/roveyayinevi.com.tr\/index.php\/wp-json\/wp\/v2\/media?parent=760009"}],"wp:term":[{"taxonomy":"product_brand","embeddable":true,"href":"https:\/\/roveyayinevi.com.tr\/index.php\/wp-json\/wp\/v2\/product_brand?post=760009"},{"taxonomy":"product_cat","embeddable":true,"href":"https:\/\/roveyayinevi.com.tr\/index.php\/wp-json\/wp\/v2\/product_cat?post=760009"},{"taxonomy":"product_tag","embeddable":true,"href":"https:\/\/roveyayinevi.com.tr\/index.php\/wp-json\/wp\/v2\/product_tag?post=760009"}],"curies":[{"name":"wp","href":"https:\/\/api.w.org\/{rel}","templated":true}]}}