{"id":760006,"date":"2025-08-28T08:51:23","date_gmt":"2025-08-28T05:51:23","guid":{"rendered":"https:\/\/roveyayinevi.com.tr\/index.php\/urun\/bilge-hayvanlar-serisi-10-kitapsoru-kitapcigi\/"},"modified":"2026-04-16T03:13:00","modified_gmt":"2026-04-16T00:13:00","slug":"bilge-hayvanlar-serisi-10-kitapsoru-kitapcigi","status":"publish","type":"product","link":"https:\/\/roveyayinevi.com.tr\/index.php\/urun\/bilge-hayvanlar-serisi-10-kitapsoru-kitapcigi\/","title":{"rendered":"Bilge Hayvanlar Serisi (10 Kitap+Soru Kitap\u00e7\u0131\u011f\u0131)"},"content":{"rendered":"<p>Do\u011fan\u0131n derinliklerinde, hayvanlar aras\u0131nda ya\u015fanan maceralarla dolu bir d\u00fcnya&#8230; Her kitapta, farkl\u0131 bir hayvan\u0131n g\u00f6z\u00fcnden olaylar anlat\u0131l\u0131yor. Ar\u0131 Bibi ile yard\u0131mla\u015fmay\u0131, Gri Civciv \u0130nci ile farkl\u0131l\u0131klar\u0131, Yenge\u00e7 Tori ile do\u011fa sevgisi gibi bir\u00e7ok de\u011feri \u00f6\u011frenecek ve onlar\u0131n d\u00fcnyas\u0131nda unutulmaz bir yolculu\u011fa \u00e7\u0131kacaks\u0131n\u0131z. Bu de\u011ferler, hayvanlar\u0131n ya\u015famlar\u0131nda nas\u0131l \u00f6nemli bir rol oynad\u0131\u011f\u0131n\u0131 g\u00f6sterirken, sizlere de anlaml\u0131 dersler verecek. Unutulmaz bir yolculu\u011fa \u00e7\u0131kmaya haz\u0131r olun&#8230; \u0130KL\u0130M B\u0130L\u0130MC\u0130 AYI BONO DO\u011eA SEVER PAPA\u011eAN PIRPIL \u00c7EVREC\u0130 YENGE\u00c7 TOR\u0130 CESUR RAKUN RAK\u0130 GR\u0130 C\u0130VC\u0130V \u0130NC\u0130 SABIRSIZ KAPLAN KAP\u0130 AFACAN S\u0130NCAP SAN\u0130 YARDIMSEVER ARI B\u0130B\u0130 TEMBEL ASLAN LENO KORKAK TAV\u015eAN TAT\u0130 <\/p>\n","protected":false},"excerpt":{"rendered":"<p>Do\u011fan\u0131n derinliklerinde, hayvanlar aras\u0131nda ya\u015fanan maceralarla dolu bir d\u00fcnya&#8230; Her kitapta, farkl\u0131 bir hayvan\u0131n g\u00f6z\u00fcnden olaylar anlat\u0131l\u0131yor. Ar\u0131 Bibi ile yard\u0131mla\u015fmay\u0131, Gri Civciv \u0130nci ile farkl\u0131l\u0131klar\u0131,<span class=\"excerpt-hellip\"> [\u2026]<\/span><\/p>\n","protected":false},"featured_media":0,"template":"","meta":{"_monsterinsights_skip_tracking":false,"_monsterinsights_sitenote_active":false,"_monsterinsights_sitenote_note":"","_monsterinsights_sitenote_category":0},"product_brand":[],"product_cat":[12274,12284],"product_tag":[],"class_list":{"0":"post-760006","1":"product","2":"type-product","3":"status-publish","5":"product_cat-cocuk-ve-genclik-kitaplari","6":"product_cat-hikayeler","7":"pa_cilt-ciltsiz","8":"pa_tur-kitap","9":"pa_yayinevi-bicirik-yayinlari","10":"pa_yazar-tuba-ozturk","12":"first","13":"instock","14":"sale","15":"shipping-taxable","16":"purchasable","17":"product-type-simple"},"_links":{"self":[{"href":"https:\/\/roveyayinevi.com.tr\/index.php\/wp-json\/wp\/v2\/product\/760006","targetHints":{"allow":["GET"]}}],"collection":[{"href":"https:\/\/roveyayinevi.com.tr\/index.php\/wp-json\/wp\/v2\/product"}],"about":[{"href":"https:\/\/roveyayinevi.com.tr\/index.php\/wp-json\/wp\/v2\/types\/product"}],"wp:attachment":[{"href":"https:\/\/roveyayinevi.com.tr\/index.php\/wp-json\/wp\/v2\/media?parent=760006"}],"wp:term":[{"taxonomy":"product_brand","embeddable":true,"href":"https:\/\/roveyayinevi.com.tr\/index.php\/wp-json\/wp\/v2\/product_brand?post=760006"},{"taxonomy":"product_cat","embeddable":true,"href":"https:\/\/roveyayinevi.com.tr\/index.php\/wp-json\/wp\/v2\/product_cat?post=760006"},{"taxonomy":"product_tag","embeddable":true,"href":"https:\/\/roveyayinevi.com.tr\/index.php\/wp-json\/wp\/v2\/product_tag?post=760006"}],"curies":[{"name":"wp","href":"https:\/\/api.w.org\/{rel}","templated":true}]}}