{"id":760005,"date":"2025-08-28T08:51:22","date_gmt":"2025-08-28T05:51:22","guid":{"rendered":"https:\/\/roveyayinevi.com.tr\/index.php\/urun\/kutsal-kisir-dongu\/"},"modified":"2026-04-16T03:13:00","modified_gmt":"2026-04-16T00:13:00","slug":"kutsal-kisir-dongu","status":"publish","type":"product","link":"https:\/\/roveyayinevi.com.tr\/index.php\/urun\/kutsal-kisir-dongu\/","title":{"rendered":"Kutsal K\u0131s\u0131r D\u00f6ng\u00fc"},"content":{"rendered":"<p>Merdan Yanarda\u011f\u2019dan \u0130\u00e7tihad Kap\u0131s\u0131 kitab\u0131ndan sonra, yine sars\u0131c\u0131 bir yap\u0131t, Kutsal K\u0131s\u0131r D\u00f6ng\u00fc. Bu kitapta Yanarda\u011f, \u0130slam d\u00fcnyas\u0131n\u0131n geri kalm\u0131\u015fl\u0131\u011f\u0131n\u0131n nedenlerini ara\u015ft\u0131r\u0131yor ve \u00f6n\u00fcm\u00fcze \u00e7arp\u0131c\u0131 bir tablo koyuyor. Bug\u00fcne kadar, \u201c\u0130slam d\u00fcnyas\u0131 neden geri kald\u0131?\u201d sorusuna \u00e2limler, ulema ve siyasal islamc\u0131lar taraf\u0131ndan verilen yan\u0131t\u0131n, nas\u0131l bir k\u0131s\u0131r d\u00f6ng\u00fc yaratt\u0131\u011f\u0131n\u0131 ortaya \u00e7\u0131kar\u0131yor. Geri kalm\u0131\u015fl\u0131\u011f\u0131n nedenine ili\u015fkin soruya yan\u0131t olarak verilen, \u201c\u0130slam\u2019dan uzakla\u015fma\u201d gerek\u00e7esini ve \u00e7\u00f6z\u00fcm olarak daha fazla dine sar\u0131lmay\u0131 \u00f6neren yakla\u015f\u0131m\u0131 sorguluyor. S\u00f6z konusu yan\u0131t\u0131n asl\u0131nda geri kalm\u0131\u015fl\u0131\u011f\u0131 nas\u0131l yeniden \u00fcretti\u011fini g\u00f6steriyor. Bu y\u00f6n\u00fcyle elinizdeki kitap, \u0130slam d\u00fcnyas\u0131n\u0131n geri kalm\u0131\u015fl\u0131\u011f\u0131na ili\u015fkin, bug\u00fcne kadar ileri s\u00fcr\u00fclen d\u0131\u015f dinamiklerin (Bat\u0131, s\u00f6m\u00fcrgecilik, emperyalizm vb.) sorunu a\u00e7\u0131klamakta yetersiz kald\u0131\u011f\u0131n\u0131 da kan\u0131tl\u0131yor. \u0130slam d\u00fcnyas\u0131n\u0131n geri kalm\u0131\u015fl\u0131\u011f\u0131n\u0131n nedeni olarak i\u00e7 dinamiklere; teolojik, ideolojik, sosyolojik ve tarihsel boyuta dikkat \u00e7ekiyor. M\u00fcsl\u00fcman akl\u0131n\u0131n m\u00fch\u00fcrlenmesi ve bilim kap\u0131s\u0131n\u0131n kapat\u0131lmas\u0131n\u0131n y\u0131k\u0131c\u0131 sonu\u00e7lar\u0131n\u0131 g\u00f6steriyor. \u0130nsanl\u0131k tarihinde \u00f6rne\u011fi bulunmayan b\u00fcy\u00fck entelekt\u00fcel intihar ile geri kalm\u0131\u015fl\u0131k aras\u0131ndaki neden-sonu\u00e7 ili\u015fkisini kuruyor. \u0130lahiyat\u00e7\u0131lar, akademisyenler, sosyolog ve tarih\u00e7ilerle yap\u0131lan g\u00f6r\u00fc\u015fmelerle zenginle\u015fen \u00e7al\u0131\u015fma, yazar\u0131n \u0130\u00e7tihad Kap\u0131s\u0131 adl\u0131 kitab\u0131n\u0131n hem bir devam\u0131, hem de ondan ba\u011f\u0131ms\u0131z ayr\u0131 bir yap\u0131t \u00f6zelli\u011fi ta\u015f\u0131yor. B\u00f6ylece yazar, yine alan\u0131nda bir ilk olan \u0130slamo-Fa\u015fizm kitab\u0131yla birlikte, entelekt\u00fcel ortam\u0131 derinden etkileyecek \u00fc\u00e7lemeyi de tamaml\u0131yor. <\/p>\n","protected":false},"excerpt":{"rendered":"<p>Merdan Yanarda\u011f\u2019dan \u0130\u00e7tihad Kap\u0131s\u0131 kitab\u0131ndan sonra, yine sars\u0131c\u0131 bir yap\u0131t, Kutsal K\u0131s\u0131r D\u00f6ng\u00fc. Bu kitapta Yanarda\u011f, \u0130slam d\u00fcnyas\u0131n\u0131n geri kalm\u0131\u015fl\u0131\u011f\u0131n\u0131n nedenlerini ara\u015ft\u0131r\u0131yor ve \u00f6n\u00fcm\u00fcze \u00e7arp\u0131c\u0131 bir<span class=\"excerpt-hellip\"> [\u2026]<\/span><\/p>\n","protected":false},"featured_media":0,"template":"","meta":{"_monsterinsights_skip_tracking":false,"_monsterinsights_sitenote_active":false,"_monsterinsights_sitenote_note":"","_monsterinsights_sitenote_category":0},"product_brand":[],"product_cat":[13036,12718,12719],"product_tag":[],"class_list":{"0":"post-760005","1":"product","2":"type-product","3":"status-publish","5":"product_cat-arastirma-inceleme-islam","6":"product_cat-din","7":"product_cat-islam","8":"pa_cilt-ciltsiz","9":"pa_tur-kitap","10":"pa_yayinevi-kirmizi-kedi-yayinevi","11":"pa_yazar-merdan-yanardag","13":"first","14":"instock","15":"sale","16":"shipping-taxable","17":"purchasable","18":"product-type-simple"},"_links":{"self":[{"href":"https:\/\/roveyayinevi.com.tr\/index.php\/wp-json\/wp\/v2\/product\/760005","targetHints":{"allow":["GET"]}}],"collection":[{"href":"https:\/\/roveyayinevi.com.tr\/index.php\/wp-json\/wp\/v2\/product"}],"about":[{"href":"https:\/\/roveyayinevi.com.tr\/index.php\/wp-json\/wp\/v2\/types\/product"}],"wp:attachment":[{"href":"https:\/\/roveyayinevi.com.tr\/index.php\/wp-json\/wp\/v2\/media?parent=760005"}],"wp:term":[{"taxonomy":"product_brand","embeddable":true,"href":"https:\/\/roveyayinevi.com.tr\/index.php\/wp-json\/wp\/v2\/product_brand?post=760005"},{"taxonomy":"product_cat","embeddable":true,"href":"https:\/\/roveyayinevi.com.tr\/index.php\/wp-json\/wp\/v2\/product_cat?post=760005"},{"taxonomy":"product_tag","embeddable":true,"href":"https:\/\/roveyayinevi.com.tr\/index.php\/wp-json\/wp\/v2\/product_tag?post=760005"}],"curies":[{"name":"wp","href":"https:\/\/api.w.org\/{rel}","templated":true}]}}