{"id":760003,"date":"2025-08-28T08:51:19","date_gmt":"2025-08-28T05:51:19","guid":{"rendered":"https:\/\/roveyayinevi.com.tr\/index.php\/urun\/aya-yolculuk-11\/"},"modified":"2026-04-16T03:13:00","modified_gmt":"2026-04-16T00:13:00","slug":"aya-yolculuk-11","status":"publish","type":"product","link":"https:\/\/roveyayinevi.com.tr\/index.php\/urun\/aya-yolculuk-11\/","title":{"rendered":"Ay\u2019a Yolculuk"},"content":{"rendered":"<p>Modern bilim-kurgu t\u00fcr\u00fcn\u00fcn olu\u015fmas\u0131na \u00f6nc\u00fcl\u00fck eden, Denizler Alt\u0131nda 20000 Fersah, D\u00fcnyan\u0131n Merkezine Yolculuk gibi \u00e7ok sevilen, \u00f6ng\u00f6r\u00fcleriye modern \u00e7a\u011f\u0131n teknolojisine ve icatlar\u0131na fikir babas\u0131 olmu\u015f ve inan\u0131lmaz \u00f6yk\u00fcleriyle \u00e7ocuklu\u011fumuzun hayallerini s\u00fcsleyen Jules Verne kimdir? Jules Gabriel Verne [J\u00fcl Ve\u011fn \u015feklinde okunur] 8 \u015eubat 1828 y\u0131l\u0131nda Fransa\u2019n\u0131n Nantes kentinde d\u00fcnyaya geldi. Verne, varl\u0131kl\u0131 bir hukuk\u00e7u olan Pierre Verne\u2019nin o\u011fluydu. Jules Verne, daha \u00e7ocuklu\u011funda seyahat etme hayallariyle yan\u0131p tutu\u015fan biriydi. \u00d6zellikle gemi seyahatleri, Jules Verne\u2019nin hayat\u0131 denince akla gelenlerden biridir. Verne, Nantes sahillerinde otururdu, gelip ge\u00e7en gemileri seyrederdi ve kendini o gemilerde seyahat ederken hayal ederdi. Hatta Verne, bir g\u00fcn tayfal\u0131k yapmak amac\u0131yla bir gemiye atlay\u0131p evden ka\u00e7maya bile yeltenmi\u015fti; fakat babas\u0131 taraf\u0131ndan yakalanm\u0131\u015ft\u0131. Baba Pierre Verne, o\u011flunun kendisi gibi bir hukuk\u00e7u olmas\u0131n\u0131 istiyordu ve Jules\u2019\u00fc bu ama\u00e7la Paris\u2019e g\u00f6nderdi. Yazar burada hukuk diplomas\u0131 ald\u0131 almas\u0131na; ama i\u00e7inde b\u00fcy\u00fck bir edebiyat a\u015fk\u0131 filizlenmeye ba\u015flam\u0131\u015ft\u0131 ve bu tutku, adalet hizmetine \u00fcst\u00fcn geliyordu. Yazar\u0131n Paris\u2019teki e\u011fitim hayat\u0131, onun Victor Hugo gibi bir devle tan\u0131\u015fmas\u0131na vesile oldu. Yazar, ayr\u0131ca \u00dc\u00e7 Silah\u015f\u00f6rler adl\u0131 klasik roman\u0131n yazar\u0131 Alexandre Dumas\u2019n\u0131n o\u011fluyla da tan\u0131\u015fm\u0131\u015ft\u0131 ve bu yazarlar ve edebiyat \u00e7evreleri sayesinde edebiyat d\u00fcnyas\u0131na ilk ad\u0131m\u0131n\u0131 atm\u0131\u015ft\u0131. Verne ilk \u00f6nce Les Pailles rompues (K\u0131r\u0131k Sazlar) adl\u0131 bir piyes yazarak ad\u0131ndan s\u00f6z ettirdi ve daha sonra bir m\u00fcddet Paris\u2019teki Th\u00e9\u00e2tre Lyrique adl\u0131 tiyatroda \u00e7al\u0131\u015fmaya ba\u015flad\u0131. Yazar, bu d\u00f6nemde Edgar Allan Poe\u2019yu okudu ve ona hayran oldu. \u0130lk \u00f6yk\u00fclerinde ve yaz\u0131lar\u0131nda Poe etkisi vard\u0131. Verne, buradaki g\u00f6revinde \u00e7e\u015fitli komediler ve operetler yazd\u0131 ve Le Mus\u00e9e des familles adl\u0131 bir dergiye, yazd\u0131\u011f\u0131 k\u0131sa \u00f6yk\u00fclerle katk\u0131da bulundu. Jules Verne, bu y\u0131llarda b\u00fcy\u00fck ilham ald\u0131\u011f\u0131 Jacques Arago ad\u0131ndaki bir gemiciyle tan\u0131\u015ft\u0131. Jacques Arago, bir gemi ile d\u00fcnya seyahati yapm\u0131\u015ft\u0131 ve Verne\u2019nin \u00e7ocukluk hayalinden f\u0131rlam\u0131\u015f gibi hissettiren bu adam sayesinde Verne, seyahat konulu \u00f6yk\u00fcler yazmaya ba\u015flad\u0131. Yazar, 1857 y\u0131l\u0131nda Honorine de Viane ile evlendi. Honorine\u2019nin karde\u015fi borsac\u0131l\u0131k yap\u0131yordu ve Jules Verne\u2019i \u015fa\u015f\u0131rt\u0131c\u0131 derecede etkliledi. Yazar, borsac\u0131 olmaya karar verdi. Paris Borsas\u0131\u2019nda brokerlik yapmaya ba\u015flad\u0131, bu s\u0131ralarda da edebiyat alan\u0131ndaki faaliyetlerini s\u00fcrd\u00fcrd\u00fc. Jules Verne ilk gezisini 1859 y\u0131l\u0131nda Britanya\u2019ya yapt\u0131 ve bu deneyiminde ald\u0131\u011f\u0131 notlar\u0131 \u201c\u0130sko\u00e7ya Seyahati\u201d ad\u0131 alt\u0131nda bir kurguya d\u00f6kt\u00fc. \u0130ki y\u0131l sonra \u0130skandinavya Seyahati yapt\u0131 ve bu s\u0131rada o\u011flunun do\u011fum haberini ald\u0131\u011f\u0131 i\u00e7in d\u00f6nmek zorunda kald\u0131. Verne\u2019in ilk uzun eseri Balonla Be\u015f Hafta adl\u0131 \u00fcnl\u00fc eseridir. Eser, o s\u0131ralarda h\u00e2l\u00e2 b\u00fcy\u00fck bir b\u00f6l\u00fcm\u00fc ke\u015ffedilmemi\u015f olan Afrika\u2019ya yap\u0131lan balon seyahatini konu al\u0131yordu. Eser, yay\u0131mland\u0131\u011f\u0131 1863 y\u0131l\u0131nda k\u0131sa zamanda b\u00fcy\u00fck bir ba\u015far\u0131 elde etti. Bu ba\u015far\u0131n\u0131n alt\u0131nda yatan \u015fey ise balonlar\u0131n yeni icat ediliyor olu\u015fuydu. Verne, her zaman g\u00fcncel teknolojiyi ve bilimi takip ediyordu ve yeni icatlar\u0131 eserlerinde kullanarak bilim-kurgu t\u00fcr\u00fcn\u00fcn olu\u015fmas\u0131nda \u00f6nc\u00fcl\u00fck etti. Yazar\u0131n bundan sonra yazd\u0131\u011f\u0131 kitaplar yine b\u00fcy\u00fck ba\u015far\u0131lar elde etti ve g\u00fcn\u00fcm\u00fczde bile h\u00e2l\u00e2 yazar\u0131n en iyi eserleri olarak de\u011fer g\u00f6r\u00fcrler. Bu Jules Verne romanlar\u0131 aras\u0131nda D\u00fcnyan\u0131n Merkezine Yolculuk da vard\u0131 ve bir grup k\u00e2\u015fifin ve bilim insan\u0131n\u0131n \u0130zlanda\u2019daki bir volkan\u0131n derinliklerinde yatan yeralt\u0131 d\u00fcnyas\u0131na yapt\u0131klar\u0131 yolculuktan bahsediyordu. Kaptan Hatteras\u2019\u0131n Maceralar\u0131 adl\u0131 kitab\u0131 Kuzey Kutbu\u2019na yap\u0131lan bir yolculu\u011fu konu al\u0131yordu. \u015ea\u015f\u0131rt\u0131c\u0131 olansa o y\u0131llarda Kuzey Kutbu\u2019na hen\u00fcz ayak bas\u0131lmam\u0131\u015f olmas\u0131yd\u0131. D\u00fcnyadan Aya ve devam\u0131 niteli\u011findeki Ay\u0131n \u00c7evresinde adl\u0131 kitaplarda Jules Verne, yer\u00e7ekimsiz ortamlarda bulunan astronotlardan s\u00f6z ediyordu ve ayn\u0131 zamanda bug\u00fcn NASA\u2019n\u0131n konu\u015fland\u0131\u011f\u0131 Florida\u2019y\u0131, eserindeki astronotlar\u0131n uzaya f\u0131rlat\u0131ld\u0131\u011f\u0131 yer olarak g\u00f6stererek yine \u00fcst\u00fcn \u00f6ng\u00f6r\u00fclerini ortaya koyuyordu. Jules Verne, 1870 y\u0131l\u0131nda yazd\u0131\u011f\u0131 Denizler Alt\u0131nda 20000 Fersah kitab\u0131yla Nemo ad\u0131ndaki gizemli bir kaptan\u0131n seyahatlerinden bahseder. Kaptan Nemo, Nautilus ad\u0131nda bir denizalt\u0131 yapm\u0131\u015ft\u0131r ve onunla seyahat eder. Yazar\u0131n bir di\u011fer ba\u015fyap\u0131t\u0131 Seksen G\u00fcnde Devr-i Alem\u2019dir ve 1873 y\u0131l\u0131nda yay\u0131mlanan bu kitap, Verne\u2019nin dakik bir adam olan babas\u0131n\u0131 sembolize etti\u011fi d\u00fc\u015f\u00fcn\u00fclen Phineas Fogg adl\u0131 bir karakterin maceralar\u0131n\u0131 anlat\u0131r. Yazar\u0131n en sevilen di\u011fer romanlar\u0131 1875\u2019te yay\u0131mlanan Gizemli Ada ve 1876\u2019da yay\u0131mlanan Michael Strogoff\u2019tur. Verne, bug\u00fcn bile b\u00fcy\u00fck ilgiyle okunan seksene yak\u0131n edebi eser vermi\u015ftir. Jules Verne\u2019nin eserlerindeki kurgu, bilimi ve dinsel temalar\u0131 etkileyici bir dengede sunmu\u015ftur ve yazar bu konuda pek \u00e7ok \u00f6vg\u00fc alm\u0131\u015ft\u0131r. Verdi\u011fi teknik detaylar nedeniyle bilim-kurgudan ziyade teknolojik kurgu yazar\u0131 olarak da de\u011fer g\u00f6ren Jules Verne, Zaman Makinesi, Dr. Moreau\u2019nun Adas\u0131 gibi k\u00fclt bilim-kurgu kitaplar\u0131n\u0131n yazar\u0131 H.G Wells ile birlikte bilim-kurgu edebiyat\u0131n\u0131n babas\u0131 say\u0131l\u0131r. Jules Verne, 1886 y\u0131l\u0131nda ak\u0131l hastas\u0131 ye\u011feni taraf\u0131ndan kaza eseri vuruldu ve sakat kald\u0131. 1902\u2019de yazarda k\u0131sm\u00ee k\u00f6rl\u00fck olu\u015ftu ve usta yazar 24 Mart 1905\u2019te ya\u015fam\u0131n\u0131 kaybetti.   <\/p>\n","protected":false},"excerpt":{"rendered":"<p>Modern bilim-kurgu t\u00fcr\u00fcn\u00fcn olu\u015fmas\u0131na \u00f6nc\u00fcl\u00fck eden, Denizler Alt\u0131nda 20000 Fersah, D\u00fcnyan\u0131n Merkezine Yolculuk gibi \u00e7ok sevilen, \u00f6ng\u00f6r\u00fcleriye modern \u00e7a\u011f\u0131n teknolojisine ve icatlar\u0131na fikir babas\u0131 olmu\u015f ve<span class=\"excerpt-hellip\"> [\u2026]<\/span><\/p>\n","protected":false},"featured_media":0,"template":"","meta":{"_monsterinsights_skip_tracking":false,"_monsterinsights_sitenote_active":false,"_monsterinsights_sitenote_note":"","_monsterinsights_sitenote_category":0},"product_brand":[],"product_cat":[12274,12467],"product_tag":[],"class_list":{"0":"post-760003","1":"product","2":"type-product","3":"status-publish","5":"product_cat-cocuk-ve-genclik-kitaplari","6":"product_cat-dunya-klasikleri","7":"pa_cilt-ciltsiz","8":"pa_tur-kitap","9":"pa_yayinevi-ema-kitap","10":"pa_yazar-jules-verne","12":"first","13":"instock","14":"sale","15":"shipping-taxable","16":"purchasable","17":"product-type-simple"},"_links":{"self":[{"href":"https:\/\/roveyayinevi.com.tr\/index.php\/wp-json\/wp\/v2\/product\/760003","targetHints":{"allow":["GET"]}}],"collection":[{"href":"https:\/\/roveyayinevi.com.tr\/index.php\/wp-json\/wp\/v2\/product"}],"about":[{"href":"https:\/\/roveyayinevi.com.tr\/index.php\/wp-json\/wp\/v2\/types\/product"}],"wp:attachment":[{"href":"https:\/\/roveyayinevi.com.tr\/index.php\/wp-json\/wp\/v2\/media?parent=760003"}],"wp:term":[{"taxonomy":"product_brand","embeddable":true,"href":"https:\/\/roveyayinevi.com.tr\/index.php\/wp-json\/wp\/v2\/product_brand?post=760003"},{"taxonomy":"product_cat","embeddable":true,"href":"https:\/\/roveyayinevi.com.tr\/index.php\/wp-json\/wp\/v2\/product_cat?post=760003"},{"taxonomy":"product_tag","embeddable":true,"href":"https:\/\/roveyayinevi.com.tr\/index.php\/wp-json\/wp\/v2\/product_tag?post=760003"}],"curies":[{"name":"wp","href":"https:\/\/api.w.org\/{rel}","templated":true}]}}