{"id":760002,"date":"2025-08-28T08:51:17","date_gmt":"2025-08-28T05:51:17","guid":{"rendered":"https:\/\/roveyayinevi.com.tr\/index.php\/urun\/ek-gida-macerasi-baslasin\/"},"modified":"2026-04-16T03:13:00","modified_gmt":"2026-04-16T00:13:00","slug":"ek-gida-macerasi-baslasin","status":"publish","type":"product","link":"https:\/\/roveyayinevi.com.tr\/index.php\/urun\/ek-gida-macerasi-baslasin\/","title":{"rendered":"Ek G\u0131da Maceras\u0131 Ba\u015flas\u0131n"},"content":{"rendered":"<p>Ek G\u0131da Maceras\u0131 Ba\u015flas\u0131n, anne bebek e\u011fitmeni Esra Ertu\u011frul taraf\u0131ndan bir rehber niteli\u011finde haz\u0131rland\u0131. Y\u0131llard\u0131r edindi\u011fi tecr\u00fcbeleri ve at\u00f6lyelerine kat\u0131lan binlerce dan\u0131\u015fan\u0131n ihtiya\u00e7lar\u0131n\u0131 bu kitaba aktaran Ertu\u011frul, kolayca uygulanabilen beslenme y\u00f6ntemlerini ve bebe\u011fin bu yeni maceras\u0131nda olu\u015fabilecek soru i\u015faretlerini tamamen ortadan kald\u0131rmay\u0131 hedefliyor.   Anne s\u00fct\u00fcn\u00fcn besleyici s\u00fcrecinin ard\u0131ndan ebeveynler i\u00e7in bamba\u015fka bir macera ba\u015fl\u0131yor.   Bebeklerde ek g\u0131daya ge\u00e7i\u015f s\u00fcreci nedir ve nas\u0131l olmal\u0131? Neden ve ne zaman ek g\u0131daya ge\u00e7ilmeli? Bebeklerin haz\u0131r oldu\u011funu nas\u0131l anlar\u0131z? Ek g\u0131dalar\u0131 hangi s\u0131rayla tan\u0131tmal\u0131y\u0131z? BLW- Bebe\u011fin Kendi Kendine Yeme Y\u00f6ntemi nedir? Bebe\u011fimizin yeni tatlarla tan\u0131\u015fmas\u0131n\u0131 nas\u0131l sa\u011flar\u0131z? Bu ve benzeri sorular\u0131n yan\u0131tlar\u0131n\u0131 bulaca\u011f\u0131n\u0131z Ek G\u0131da Maceras\u0131 Ba\u015flas\u0131n kitab\u0131 bebe\u011finizle kuraca\u011f\u0131n\u0131z ileti\u015fimi kolayla\u015ft\u0131raca\u011f\u0131 gibi size g\u00fcnl\u00fck olarak haz\u0131rlayaca\u011f\u0131n\u0131z \u00f6\u011f\u00fcnlerle ilgili de bir yol haritas\u0131 sunuyor. B\u00fcy\u00fcme yolculu\u011funun \u00f6nemli d\u00f6neme\u00e7lerinden biri olan ek g\u0131daya ge\u00e7i\u015f s\u00fcrecinde g\u00fcvenle ilerlemek, bebe\u011finizin ihtiya\u00e7lar\u0131n\u0131 anlamak ve yeni besinleri ke\u015ffederken keyif almas\u0131n\u0131 sa\u011flamak i\u00e7in Ek G\u0131da Maceras\u0131 Ba\u015flas\u0131n\u2019\u0131 g\u00fcvenle referans alabilirsiniz. Pratik \u00f6neriler, beslenme ipu\u00e7lar\u0131 ve sa\u011fl\u0131kl\u0131 tariflerle zenginle\u015ftirilen bu rehber kitap sizin yol haritan\u0131z olacak.<\/p>\n","protected":false},"excerpt":{"rendered":"<p>Ek G\u0131da Maceras\u0131 Ba\u015flas\u0131n, anne bebek e\u011fitmeni Esra Ertu\u011frul taraf\u0131ndan bir rehber niteli\u011finde haz\u0131rland\u0131. Y\u0131llard\u0131r edindi\u011fi tecr\u00fcbeleri ve at\u00f6lyelerine kat\u0131lan binlerce dan\u0131\u015fan\u0131n ihtiya\u00e7lar\u0131n\u0131 bu kitaba aktaran<span class=\"excerpt-hellip\"> [\u2026]<\/span><\/p>\n","protected":false},"featured_media":0,"template":"","meta":{"_monsterinsights_skip_tracking":false,"_monsterinsights_sitenote_active":false,"_monsterinsights_sitenote_note":"","_monsterinsights_sitenote_category":0},"product_brand":[],"product_cat":[14902,13365],"product_tag":[],"class_list":{"0":"post-760002","1":"product","2":"type-product","3":"status-publish","5":"product_cat-annelik-ve-cocuk-bakimi","6":"product_cat-saglik","7":"pa_cilt-ciltsiz","8":"pa_tur-kitap","9":"pa_yayinevi-nemesis-kitap","10":"pa_yazar-esra-ertugrul","12":"first","13":"instock","14":"sale","15":"shipping-taxable","16":"purchasable","17":"product-type-simple"},"_links":{"self":[{"href":"https:\/\/roveyayinevi.com.tr\/index.php\/wp-json\/wp\/v2\/product\/760002","targetHints":{"allow":["GET"]}}],"collection":[{"href":"https:\/\/roveyayinevi.com.tr\/index.php\/wp-json\/wp\/v2\/product"}],"about":[{"href":"https:\/\/roveyayinevi.com.tr\/index.php\/wp-json\/wp\/v2\/types\/product"}],"wp:attachment":[{"href":"https:\/\/roveyayinevi.com.tr\/index.php\/wp-json\/wp\/v2\/media?parent=760002"}],"wp:term":[{"taxonomy":"product_brand","embeddable":true,"href":"https:\/\/roveyayinevi.com.tr\/index.php\/wp-json\/wp\/v2\/product_brand?post=760002"},{"taxonomy":"product_cat","embeddable":true,"href":"https:\/\/roveyayinevi.com.tr\/index.php\/wp-json\/wp\/v2\/product_cat?post=760002"},{"taxonomy":"product_tag","embeddable":true,"href":"https:\/\/roveyayinevi.com.tr\/index.php\/wp-json\/wp\/v2\/product_tag?post=760002"}],"curies":[{"name":"wp","href":"https:\/\/api.w.org\/{rel}","templated":true}]}}