{"id":760001,"date":"2025-08-28T08:51:16","date_gmt":"2025-08-28T05:51:16","guid":{"rendered":"https:\/\/roveyayinevi.com.tr\/index.php\/urun\/mavi-gozlu-cocuk-mustafa-kemal\/"},"modified":"2026-04-16T03:13:00","modified_gmt":"2026-04-16T00:13:00","slug":"mavi-gozlu-cocuk-mustafa-kemal","status":"publish","type":"product","link":"https:\/\/roveyayinevi.com.tr\/index.php\/urun\/mavi-gozlu-cocuk-mustafa-kemal\/","title":{"rendered":"Mavi G\u00f6zl\u00fc \u00c7ocuk Mustafa Kemal"},"content":{"rendered":"<p>Sevgili \u00c7ocuklar, \u00f6nderimiz b\u00fcy\u00fck Atat\u00fcrk de bir zamanlar sizin gibi \u00e7ocuktu. O, zor bir zaman\u0131n \u00e7ocu\u011fuydu ama zorluklar kar\u015f\u0131s\u0131nda asla e\u011filmedi, hep m\u00fccadele etti. Sizi bug\u00fcn\u00fcn \u00e7ocu\u011fu Mustafa Can ile birlikte tarihte bir yolculu\u011fa \u00e7\u0131karacak olan bu \u00f6yk\u00fcde, Gazi Mustafa Kemal Atat\u00fcrk\u2019\u00fcn \u00e7ocuklu\u011fu ile bulu\u015facak, onu daha yak\u0131ndan tan\u0131yacak ve anlayacaks\u0131n\u0131z. \u0130yi yolculuklar\u2026 <\/p>\n","protected":false},"excerpt":{"rendered":"<p>Sevgili \u00c7ocuklar, \u00f6nderimiz b\u00fcy\u00fck Atat\u00fcrk de bir zamanlar sizin gibi \u00e7ocuktu. O, zor bir zaman\u0131n \u00e7ocu\u011fuydu ama zorluklar kar\u015f\u0131s\u0131nda asla e\u011filmedi, hep m\u00fccadele etti. Sizi bug\u00fcn\u00fcn<span class=\"excerpt-hellip\"> [\u2026]<\/span><\/p>\n","protected":false},"featured_media":0,"template":"","meta":{"_monsterinsights_skip_tracking":false,"_monsterinsights_sitenote_active":false,"_monsterinsights_sitenote_note":"","_monsterinsights_sitenote_category":0},"product_brand":[],"product_cat":[12274,15842],"product_tag":[],"class_list":{"0":"post-760001","1":"product","2":"type-product","3":"status-publish","5":"product_cat-cocuk-ve-genclik-kitaplari","6":"product_cat-egitici-kitaplar","7":"pa_cilt-ciltsiz","8":"pa_tur-kitap","9":"pa_yayinevi-angora-kitaplari","10":"pa_yazar-hatice-topcu","12":"first","13":"instock","14":"sale","15":"shipping-taxable","16":"purchasable","17":"product-type-simple"},"_links":{"self":[{"href":"https:\/\/roveyayinevi.com.tr\/index.php\/wp-json\/wp\/v2\/product\/760001","targetHints":{"allow":["GET"]}}],"collection":[{"href":"https:\/\/roveyayinevi.com.tr\/index.php\/wp-json\/wp\/v2\/product"}],"about":[{"href":"https:\/\/roveyayinevi.com.tr\/index.php\/wp-json\/wp\/v2\/types\/product"}],"wp:attachment":[{"href":"https:\/\/roveyayinevi.com.tr\/index.php\/wp-json\/wp\/v2\/media?parent=760001"}],"wp:term":[{"taxonomy":"product_brand","embeddable":true,"href":"https:\/\/roveyayinevi.com.tr\/index.php\/wp-json\/wp\/v2\/product_brand?post=760001"},{"taxonomy":"product_cat","embeddable":true,"href":"https:\/\/roveyayinevi.com.tr\/index.php\/wp-json\/wp\/v2\/product_cat?post=760001"},{"taxonomy":"product_tag","embeddable":true,"href":"https:\/\/roveyayinevi.com.tr\/index.php\/wp-json\/wp\/v2\/product_tag?post=760001"}],"curies":[{"name":"wp","href":"https:\/\/api.w.org\/{rel}","templated":true}]}}