{"id":759999,"date":"2025-08-28T08:51:11","date_gmt":"2025-08-28T05:51:11","guid":{"rendered":"https:\/\/roveyayinevi.com.tr\/index.php\/urun\/katalonya-ya-selam\/"},"modified":"2026-04-16T03:13:00","modified_gmt":"2026-04-16T00:13:00","slug":"katalonya-ya-selam","status":"publish","type":"product","link":"https:\/\/roveyayinevi.com.tr\/index.php\/urun\/katalonya-ya-selam\/","title":{"rendered":"Katalonya \u2018ya Selam"},"content":{"rendered":"<p>Duygular, g\u00f6r\u00fcnt\u00fcler, g\u00fcl\u00fcmsemeler, yaz\u0131yla aktar\u0131lamayan manzaralar, kokular ve seslerle insanlar h\u00e2l\u00e2 devrime inan\u0131yordu.   Katalonya\u2019ya Selam, George Orwell\u2019in milis olarak kat\u0131ld\u0131\u011f\u0131 \u0130spanya \u0130\u00e7 Sava\u015f\u0131\u2019ndaki deneyimlerini konu almaktad\u0131r. Yazar\u0131n tan\u0131kl\u0131\u011f\u0131na dayanan bu eser, fa\u015fizme kar\u015f\u0131 y\u00fcr\u00fct\u00fclen sava\u015fa \u0131\u015f\u0131k tutar. Orwell, \u0130spanya\u2019da ba\u015f g\u00f6steren toplumsal devrimi, cumhuriyet\u00e7iler cephesinde kom\u00fcnistler ile anar\u015fistler aras\u0131ndaki \u00e7at\u0131\u015fmalar\u0131 \u00f6nyarg\u0131lardan uzak bir bak\u0131\u015f a\u00e7\u0131s\u0131yla yans\u0131tmaktad\u0131r. Katalonya\u2019ya Selam yirminci y\u00fczy\u0131l\u0131n seyrini de\u011fi\u015ftirmi\u015f bir eserdir ancak yay\u0131mland\u0131\u011f\u0131 d\u00f6nemde \u00e7arp\u0131c\u0131 i\u00e7eri\u011fi nedeniyle uzunca bir s\u00fcre gereken ilgiyi g\u00f6rememi\u015ftir. Yazar\u0131n en \u00fcnl\u00fc eserlerinden olan 1984 ve Hayvan \u00c7iftli\u011fi\u2019nin olgusal arka plan\u0131n\u0131 merak eden okurlar i\u00e7in Katalonya\u2019ya Selam okunmas\u0131 gereken e\u015fsiz bir eserdir.<\/p>\n","protected":false},"excerpt":{"rendered":"<p>Duygular, g\u00f6r\u00fcnt\u00fcler, g\u00fcl\u00fcmsemeler, yaz\u0131yla aktar\u0131lamayan manzaralar, kokular ve seslerle insanlar h\u00e2l\u00e2 devrime inan\u0131yordu. Katalonya\u2019ya Selam, George Orwell\u2019in milis olarak kat\u0131ld\u0131\u011f\u0131 \u0130spanya \u0130\u00e7 Sava\u015f\u0131\u2019ndaki deneyimlerini konu almaktad\u0131r.<span class=\"excerpt-hellip\"> [\u2026]<\/span><\/p>\n","protected":false},"featured_media":0,"template":"","meta":{"_monsterinsights_skip_tracking":false,"_monsterinsights_sitenote_active":false,"_monsterinsights_sitenote_note":"","_monsterinsights_sitenote_category":0},"product_brand":[],"product_cat":[12291,12711],"product_tag":[],"class_list":{"0":"post-759999","1":"product","2":"type-product","3":"status-publish","5":"product_cat-edebiyat","6":"product_cat-roman-oyku","7":"pa_cilt-ciltsiz","8":"pa_tur-kitap","9":"pa_yayinevi-ren-kitap","10":"pa_yazar-george-orwell","12":"first","13":"instock","14":"sale","15":"shipping-taxable","16":"purchasable","17":"product-type-simple"},"_links":{"self":[{"href":"https:\/\/roveyayinevi.com.tr\/index.php\/wp-json\/wp\/v2\/product\/759999","targetHints":{"allow":["GET"]}}],"collection":[{"href":"https:\/\/roveyayinevi.com.tr\/index.php\/wp-json\/wp\/v2\/product"}],"about":[{"href":"https:\/\/roveyayinevi.com.tr\/index.php\/wp-json\/wp\/v2\/types\/product"}],"wp:attachment":[{"href":"https:\/\/roveyayinevi.com.tr\/index.php\/wp-json\/wp\/v2\/media?parent=759999"}],"wp:term":[{"taxonomy":"product_brand","embeddable":true,"href":"https:\/\/roveyayinevi.com.tr\/index.php\/wp-json\/wp\/v2\/product_brand?post=759999"},{"taxonomy":"product_cat","embeddable":true,"href":"https:\/\/roveyayinevi.com.tr\/index.php\/wp-json\/wp\/v2\/product_cat?post=759999"},{"taxonomy":"product_tag","embeddable":true,"href":"https:\/\/roveyayinevi.com.tr\/index.php\/wp-json\/wp\/v2\/product_tag?post=759999"}],"curies":[{"name":"wp","href":"https:\/\/api.w.org\/{rel}","templated":true}]}}