{"id":759998,"date":"2025-08-28T08:51:09","date_gmt":"2025-08-28T05:51:09","guid":{"rendered":"https:\/\/roveyayinevi.com.tr\/index.php\/urun\/ikna-sanati-3\/"},"modified":"2026-04-16T03:13:00","modified_gmt":"2026-04-16T00:13:00","slug":"ikna-sanati-3","status":"publish","type":"product","link":"https:\/\/roveyayinevi.com.tr\/index.php\/urun\/ikna-sanati-3\/","title":{"rendered":"\u0130kna Sanat\u0131"},"content":{"rendered":"<p>Kalp ruhun efendisidir.    Guiguzi felsefe ak\u0131m\u0131n\u0131n kurucusu olarak kabul edilir. Bu ak\u0131m\u0131n ilk yaz\u0131l\u0131 eseri olan \u0130kna Sanat\u0131 \u00c7in tarihinin ilk retorik eseridir. Eser ayn\u0131 zamanda strateji, insan ili\u015fkileri, psikoloji, ikna etme, m\u00fczakere ve diplomasi alan\u0131nda da \u00c7in\u2019in en eski ve \u00f6nemli eserlerinden biri say\u0131l\u0131r. Hayat asl\u0131nda ikna olmak ve ikna etmekten ibarettir. \u0130nsan hayatta, d\u00fc\u015f\u00fcnce yetisi var oldu\u011fu s\u00fcrece, harekete ancak ikna olursa ge\u00e7ecektir ve en do\u011fal ihtiya\u00e7lar\u0131n temininde bile \u00e7\u00f6z\u00fcm olabilecek \u015feylerin \u00e7\u00f6z\u00fcm oldu\u011funa ger\u00e7ekten inan\u0131rsa ancak onlardan yararlanacakt\u0131r. <\/p>\n","protected":false},"excerpt":{"rendered":"<p>Kalp ruhun efendisidir. Guiguzi felsefe ak\u0131m\u0131n\u0131n kurucusu olarak kabul edilir. Bu ak\u0131m\u0131n ilk yaz\u0131l\u0131 eseri olan \u0130kna Sanat\u0131 \u00c7in tarihinin ilk retorik eseridir. Eser ayn\u0131 zamanda<span class=\"excerpt-hellip\"> [\u2026]<\/span><\/p>\n","protected":false},"featured_media":0,"template":"","meta":{"_monsterinsights_skip_tracking":false,"_monsterinsights_sitenote_active":false,"_monsterinsights_sitenote_note":"","_monsterinsights_sitenote_category":0},"product_brand":[],"product_cat":[12291,12711],"product_tag":[],"class_list":{"0":"post-759998","1":"product","2":"type-product","3":"status-publish","5":"product_cat-edebiyat","6":"product_cat-roman-oyku","7":"pa_cilt-ciltsiz","8":"pa_tur-kitap","9":"pa_yayinevi-ren-kitap","10":"pa_yazar-guiguzi","12":"first","13":"instock","14":"sale","15":"shipping-taxable","16":"purchasable","17":"product-type-simple"},"_links":{"self":[{"href":"https:\/\/roveyayinevi.com.tr\/index.php\/wp-json\/wp\/v2\/product\/759998","targetHints":{"allow":["GET"]}}],"collection":[{"href":"https:\/\/roveyayinevi.com.tr\/index.php\/wp-json\/wp\/v2\/product"}],"about":[{"href":"https:\/\/roveyayinevi.com.tr\/index.php\/wp-json\/wp\/v2\/types\/product"}],"wp:attachment":[{"href":"https:\/\/roveyayinevi.com.tr\/index.php\/wp-json\/wp\/v2\/media?parent=759998"}],"wp:term":[{"taxonomy":"product_brand","embeddable":true,"href":"https:\/\/roveyayinevi.com.tr\/index.php\/wp-json\/wp\/v2\/product_brand?post=759998"},{"taxonomy":"product_cat","embeddable":true,"href":"https:\/\/roveyayinevi.com.tr\/index.php\/wp-json\/wp\/v2\/product_cat?post=759998"},{"taxonomy":"product_tag","embeddable":true,"href":"https:\/\/roveyayinevi.com.tr\/index.php\/wp-json\/wp\/v2\/product_tag?post=759998"}],"curies":[{"name":"wp","href":"https:\/\/api.w.org\/{rel}","templated":true}]}}