{"id":759997,"date":"2025-08-28T08:51:07","date_gmt":"2025-08-28T05:51:07","guid":{"rendered":"https:\/\/roveyayinevi.com.tr\/index.php\/urun\/yani-boyle-iste-hayat\/"},"modified":"2026-01-29T03:51:58","modified_gmt":"2026-01-29T00:51:58","slug":"yani-boyle-iste-hayat","status":"publish","type":"product","link":"https:\/\/roveyayinevi.com.tr\/index.php\/urun\/yani-boyle-iste-hayat\/","title":{"rendered":"Yani B\u00f6yle \u0130\u015fte Hayat"},"content":{"rendered":"<p>Hayat s\u0131radan ile s\u0131radan olmayan aras\u0131nda gidip gelmelerin tarihi. G\u00fcndelik hayat s\u0131radan bir hayatt\u0131r ve an\u0131lmaya, yaz\u0131lmaya, \u00fczerinde d\u00fc\u015f\u00fcnmeye gerek yoktur; hele ki bu s\u0131radan insanlar\u0131n hikayesiyse. Oysa t\u00fcm ilgin\u00e7 hikayeler bu s\u0131radan\u0131n i\u00e7inde bar\u0131n\u0131r. Her insana yak\u0131ndan bakt\u0131\u011f\u0131m\u0131zda bunun b\u00f6yle oldu\u011funu g\u00f6r\u00fcr\u00fcz ve g\u00fcndelik hayat zaten bu hikayelerin, bu ya\u015fam deneyimlerinin, zaman zaman sa\u00e7\u0131ld\u0131\u011f\u0131 yerlerdir ve a\u011fz\u0131na kadar t\u0131ka basa hikayelerle doludur. B\u00f6ylelikle birbirimizi, dolay\u0131s\u0131yla insan\u0131 anlamaya \u00e7al\u0131\u015f\u0131r\u0131z. Adanm\u0131\u015f bir hayata sahipseniz, trajik taraflar\u0131 olmakla birlikte \u2013Goya\u2019n\u0131n resim yaparken birka\u00e7 g\u00f6zl\u00fck takmas\u0131nda oldu\u011fu gibi\u2013 zaman\u0131 ge\u00e7irebilme ve \u00fcretmenin hazz\u0131 canl\u0131 tutar insan\u0131\/ya\u015fl\u0131y\u0131. Oysaki eve kapan\u0131p, zamandan ve insandan kopmak ya\u015fl\u0131n\u0131n kaderiymi\u015f gibi alg\u0131lan\u0131yor. \u00d6m\u00fcr denilen \u015fey b\u00fcy\u00fck bir hikaye ve bu hikayeyi herkes kendi deneyimliyor. Hayat gen\u00e7ler i\u00e7in varm\u0131\u015f gibi ya\u015fan\u0131yor ve ya\u015fl\u0131lar g\u00f6r\u00fcn\u00fcr olmaktan uzakla\u015ft\u0131r\u0131l\u0131yor.  Ya\u015fl\u0131lar bir s\u00fcre sonra toplumsal olarak ihmal edilmi\u015flikleriyle ba\u015f ba\u015fa kal\u0131yorlar; unutulmak bir kader onlar i\u00e7in. \u00d6nemsememek, hayat\u0131n d\u0131\u015f\u0131nda konumland\u0131rmak normal bir \u015fey olarak kabul g\u00f6r\u00fcyor. Dolay\u0131s\u0131 ile hat\u0131rlamalar alan\u0131 ileti\u015fim hadisesiyle yak\u0131ndan ili\u015fkilidir. Size gelen bir soru, hi\u00e7 akl\u0131n\u0131zda olmayan y\u0131llara sizi g\u00f6t\u00fcrebilir. Bu \u00e7al\u0131\u015fmada da yap\u0131lmak istenen bu ileti\u015fim d\u00fczleminin nas\u0131l i\u015fledi\u011fini de g\u00f6rebilmek. \u0130ki zihin kar\u015f\u0131l\u0131kl\u0131 nas\u0131l \u00e7al\u0131\u015f\u0131yor ve sorularla bir di\u011ferinin hikayesi nas\u0131l kelimelere ve bir anlat\u0131ya d\u00f6n\u00fc\u015f\u00fcyor. \u0130leti\u015fim, bir ki\u015fiyi anlamam\u0131z\u0131 sa\u011flayabilece\u011fi gibi, tam tersi, \u00e7o\u011fu zaman oldu\u011fu gibi anlayamay\u0131z da; bir hikayenin neden o anda anlat\u0131ld\u0131\u011f\u0131n\u0131 bilemeyiz. Sordu\u011fumuz soru her zaman do\u011fru kap\u0131y\u0131 a\u00e7maya muktedir olmayabilir. O y\u00fczden burada biz bir ki\u015finin baz\u0131 hat\u0131ralar\u0131na ula\u015fabilece\u011fiz. \u00dczerinde duraca\u011f\u0131m\u0131z \u015fey hat\u0131ralar\u0131 hat\u0131rlama hali \u2013duygular d\u00fcnyas\u0131\u2013 ve onlar\u0131 anlat\u0131ya d\u00f6n\u00fc\u015ft\u00fcrme bi\u00e7imidir.  \u201cGe\u00e7mi\u015f bir \u00f6mr\u00fcn neresini kapsar?\u201d sorusunun \u00e7ok net bir kar\u015f\u0131l\u0131\u011f\u0131 var asl\u0131nda: Ge\u00e7mi\u015f \u00e7ocukluktur. S\u00fcheyla \u00c7anga\u2019n\u0131n hat\u0131ralar\u0131 da b\u00f6yle ba\u015fl\u0131yor. \u0130nsan \u00e7ocuklu\u011funu hayat\u0131 boyunca yan\u0131 ba\u015f\u0131nda ta\u015f\u0131yor. En etkili hat\u0131ralar orada ve pek \u00e7ok hat\u0131ra hi\u00e7 unutulmuyor.. <\/p>\n","protected":false},"excerpt":{"rendered":"<p>Hayat s\u0131radan ile s\u0131radan olmayan aras\u0131nda gidip gelmelerin tarihi. G\u00fcndelik hayat s\u0131radan bir hayatt\u0131r ve an\u0131lmaya, yaz\u0131lmaya, \u00fczerinde d\u00fc\u015f\u00fcnmeye gerek yoktur; hele ki bu s\u0131radan insanlar\u0131n<span class=\"excerpt-hellip\"> [\u2026]<\/span><\/p>\n","protected":false},"featured_media":0,"template":"","meta":{"_monsterinsights_skip_tracking":false,"_monsterinsights_sitenote_active":false,"_monsterinsights_sitenote_note":"","_monsterinsights_sitenote_category":0},"product_brand":[],"product_cat":[13072,12291],"product_tag":[],"class_list":{"0":"post-759997","1":"product","2":"type-product","3":"status-publish","5":"product_cat-arastirma-inceleme-referans","6":"product_cat-edebiyat","7":"pa_cilt-ciltsiz","8":"pa_tur-kitap","9":"pa_yayinevi-utopya-yayinevi","10":"pa_yazar-sidika-yilmaz","12":"first","13":"instock","14":"sale","15":"shipping-taxable","16":"purchasable","17":"product-type-simple"},"_links":{"self":[{"href":"https:\/\/roveyayinevi.com.tr\/index.php\/wp-json\/wp\/v2\/product\/759997","targetHints":{"allow":["GET"]}}],"collection":[{"href":"https:\/\/roveyayinevi.com.tr\/index.php\/wp-json\/wp\/v2\/product"}],"about":[{"href":"https:\/\/roveyayinevi.com.tr\/index.php\/wp-json\/wp\/v2\/types\/product"}],"wp:attachment":[{"href":"https:\/\/roveyayinevi.com.tr\/index.php\/wp-json\/wp\/v2\/media?parent=759997"}],"wp:term":[{"taxonomy":"product_brand","embeddable":true,"href":"https:\/\/roveyayinevi.com.tr\/index.php\/wp-json\/wp\/v2\/product_brand?post=759997"},{"taxonomy":"product_cat","embeddable":true,"href":"https:\/\/roveyayinevi.com.tr\/index.php\/wp-json\/wp\/v2\/product_cat?post=759997"},{"taxonomy":"product_tag","embeddable":true,"href":"https:\/\/roveyayinevi.com.tr\/index.php\/wp-json\/wp\/v2\/product_tag?post=759997"}],"curies":[{"name":"wp","href":"https:\/\/api.w.org\/{rel}","templated":true}]}}