{"id":759993,"date":"2025-08-28T08:51:00","date_gmt":"2025-08-28T05:51:00","guid":{"rendered":"https:\/\/roveyayinevi.com.tr\/index.php\/urun\/bayan-peregrinenin-tuhaf-cocuklari-golge-sehir\/"},"modified":"2026-04-16T03:13:00","modified_gmt":"2026-04-16T00:13:00","slug":"bayan-peregrinenin-tuhaf-cocuklari-golge-sehir","status":"publish","type":"product","link":"https:\/\/roveyayinevi.com.tr\/index.php\/urun\/bayan-peregrinenin-tuhaf-cocuklari-golge-sehir\/","title":{"rendered":"Bayan Peregrine&#8217;nin Tuhaf \u00c7ocuklar\u0131 &#8211; G\u00f6lge \u015eehir"},"content":{"rendered":"<p>3 EYL\u00dcL 1940   ON TUHAF \u00c7OCUK, \u00d6L\u00dcMC\u00dcL CANAVARLARDAN OLU\u015eAN BIR ORDUDAN KA\u00c7IYOR.   VE ONLARA YARDIM EDEBILECEK TEK KI\u015eI VAR, O DA BIR KU\u015eUN BEDENINE HAPSOLMU\u015e DURUMDA.   Bayan Peregrine\u2019in Tuhaf \u00c7ocuklar\u0131\u2019nda ba\u015flayan ola\u011fan\u00fcst\u00fc yolculuk, Jacob Portman ve arkada\u015flar\u0131n\u0131n, d\u00fcnyan\u0131n tuhaf ba\u015fkenti olan Londra\u2019ya yapt\u0131klar\u0131 yolculukla devam ediyor. Orada, m\u00fcdireleri Bayan Peregrine\u2019e yard\u0131m etmenin bir yolunu arayan tuhaf \u00e7ocuklar\u0131, sava\u015f y\u00fcz\u00fcnden yaralanm\u0131\u015f bu \u015fehrin karanl\u0131k k\u00f6\u015felerinde korkutucu s\u00fcrprizler bekliyor.   Serinin ikinci kitab\u0131 G\u00f6lge \u015eehir de merak uyand\u0131ran eski foto\u011fraflarla heyecan verici bir hik\u00e2yeyi bir araya getiren, e\u015fsiz bir kitap.   G\u00f6lge \u015eehir\u2019e yap\u0131lacak bu yolculukta siz de yerinizi ay\u0131r\u0131n!   \u201cGergin, duygusal ve tuhaf m\u0131 tuhaf. Foto\u011fraflar ve metin birbirini tamamlayarak unutulmaz bir hik\u00e2ye yarat\u0131yor.\u201d \u2014John Green, Ayn\u0131 Y\u0131ld\u0131z\u0131n Alt\u0131nda\u2019n\u0131n \u00e7oksatan yazar\u0131   \u201cTuhaf\u0131n tad\u0131n\u0131 alm\u0131\u015flar\u0131 heyecanland\u0131racak bir macera&#8230;\u201d\u2014Kirkus Reviews   \u201c\u0130lk kitab\u0131n hayranlar\u0131, bu kitab\u0131n i\u00e7indeki ganimetlere bay\u0131lacak.\u201d \u2014School Library Journal <\/p>\n","protected":false},"excerpt":{"rendered":"<p>3 EYL\u00dcL 1940 ON TUHAF \u00c7OCUK, \u00d6L\u00dcMC\u00dcL CANAVARLARDAN OLU\u015eAN BIR ORDUDAN KA\u00c7IYOR. VE ONLARA YARDIM EDEBILECEK TEK KI\u015eI VAR, O DA BIR KU\u015eUN BEDENINE HAPSOLMU\u015e DURUMDA.<span class=\"excerpt-hellip\"> [\u2026]<\/span><\/p>\n","protected":false},"featured_media":0,"template":"","meta":{"_monsterinsights_skip_tracking":false,"_monsterinsights_sitenote_active":false,"_monsterinsights_sitenote_note":"","_monsterinsights_sitenote_category":0},"product_brand":[],"product_cat":[12291,14777],"product_tag":[],"class_list":{"0":"post-759993","1":"product","2":"type-product","3":"status-publish","5":"product_cat-edebiyat","6":"product_cat-fantastik","7":"pa_cilt-ciltsiz","8":"pa_tur-kitap","9":"pa_yayinevi-ithaki-yayinlari","10":"pa_yazar-ransom-riggs","12":"first","13":"instock","14":"sale","15":"shipping-taxable","16":"purchasable","17":"product-type-simple"},"_links":{"self":[{"href":"https:\/\/roveyayinevi.com.tr\/index.php\/wp-json\/wp\/v2\/product\/759993","targetHints":{"allow":["GET"]}}],"collection":[{"href":"https:\/\/roveyayinevi.com.tr\/index.php\/wp-json\/wp\/v2\/product"}],"about":[{"href":"https:\/\/roveyayinevi.com.tr\/index.php\/wp-json\/wp\/v2\/types\/product"}],"wp:attachment":[{"href":"https:\/\/roveyayinevi.com.tr\/index.php\/wp-json\/wp\/v2\/media?parent=759993"}],"wp:term":[{"taxonomy":"product_brand","embeddable":true,"href":"https:\/\/roveyayinevi.com.tr\/index.php\/wp-json\/wp\/v2\/product_brand?post=759993"},{"taxonomy":"product_cat","embeddable":true,"href":"https:\/\/roveyayinevi.com.tr\/index.php\/wp-json\/wp\/v2\/product_cat?post=759993"},{"taxonomy":"product_tag","embeddable":true,"href":"https:\/\/roveyayinevi.com.tr\/index.php\/wp-json\/wp\/v2\/product_tag?post=759993"}],"curies":[{"name":"wp","href":"https:\/\/api.w.org\/{rel}","templated":true}]}}